{"id":28546,"date":"2025-07-25T13:54:23","date_gmt":"2025-07-25T13:54:23","guid":{"rendered":"https:\/\/boreait.com\/hr\/?post_type=product&#038;p=28546"},"modified":"2025-07-25T13:56:32","modified_gmt":"2025-07-25T13:56:32","slug":"macbook-air-a1466-13-zaslon-okvir-pocetak-2014-originalni-dijelovi-za-prijenosno-racunalo","status":"publish","type":"product","link":"https:\/\/boreait.com\/hr\/product\/macbook-air-a1466-13-zaslon-okvir-pocetak-2014-originalni-dijelovi-za-prijenosno-racunalo\/","title":{"rendered":"MacBook Air A1466 13&#8243; zaslon + okvir | Po\u010detak 2014. | Originalni dijelovi za prijenosno ra\u010dunalo"},"content":{"rendered":"<p data-start=\"730\" data-end=\"883\">Tra\u017eite originalne dijelove Apple prijenosnog ra\u010dunala? Ova <strong data-start=\"775\" data-end=\"813\">kombinacija zaslona i okvira MacBook Air A1466<\/strong> savr\u0161eno je rje\u0161enje za va\u0161 projekt popravka ili restauracije.<\/p>\n<p data-start=\"885\" data-end=\"1067\">Ovaj popis uklju\u010duje originalni <strong data-start=\"920\" data-end=\"948\">13-in\u010dni zaslon i okvir<\/strong> s <strong data-start=\"956\" data-end=\"997\">MacBook Air (po\u010detak 2014., model A1466)<\/strong>. Idealan je ako je va\u0161 zaslon napuknut, zatamnjen ili je okvir o\u0161te\u0107en.<\/p>\n<p data-start=\"1069\" data-end=\"1094\">\ud83d\udce6 <strong data-start=\"1072\" data-end=\"1092\">\u0160to je uklju\u010deno:<\/strong><\/p>\n<ul data-start=\"1095\" data-end=\"1209\">\n<li data-start=\"1095\" data-end=\"1124\">\n<p data-start=\"1097\" data-end=\"1124\">Originalni Apple LCD zaslon<\/p>\n<\/li>\n<li data-start=\"1125\" data-end=\"1156\">\n<p data-start=\"1127\" data-end=\"1156\">Originalni srebrni okvir<\/p>\n<\/li>\n<li data-start=\"1157\" data-end=\"1209\">\n<p data-start=\"1159\" data-end=\"1209\">Kompatibilno s MacBook Air 13&#8243; A1466 (po\u010detak 2014.)<\/p>\n<\/li>\n<\/ul>\n<p data-start=\"1211\" data-end=\"1491\">\ud83d\udd27 <strong data-start=\"1214\" data-end=\"1238\">Stanje &amp; Kvaliteta:<\/strong><br data-start=\"1238\" data-end=\"1241\" \/>Ovo su <strong data-start=\"1251\" data-end=\"1266\">stvarne fotografije<\/strong> dijelova koje \u0107ete dobiti \u2014 nema slika iz skladi\u0161ta. Svi dijelovi su <strong data-start=\"1328\" data-end=\"1356\">testirani i potpuno ispravni<\/strong>. Imajte na umu da <strong data-start=\"1381\" data-end=\"1422\">ne uklju\u010dujemo upute za instalaciju<\/strong>, ali slobodno <strong data-start=\"1441\" data-end=\"1455\">nam po\u0161aljite poruku<\/strong> ako trebate pomo\u0107 ili imate pitanja.<\/p>\n<p data-start=\"1493\" data-end=\"1661\">\ud83d\udca1 <strong data-start=\"1496\" data-end=\"1518\">Za\u0161to odabrati Siggmo?<\/strong><br data-start=\"1518\" data-end=\"1521\" \/>Specijalizirani smo za <strong data-start=\"1538\" data-end=\"1554\">dijelove za prijenosna ra\u010dunala<\/strong>, posebno komponente MacBooka. Svi artikli provjeravaju se prije slanja i pa\u017eljivo pakiraju radi za\u0161tite.<\/p>\n<p data-start=\"1663\" data-end=\"1757\">\ud83c\udf0d <strong data-start=\"1666\" data-end=\"1679\">Dostava:<\/strong><br data-start=\"1679\" data-end=\"1682\" \/>\u0160aljemo diljem <strong data-start=\"1697\" data-end=\"1721\">Europe i cijelog svijeta<\/strong>, osiguravanje brze i sigurne dostave.<\/p>\n","protected":false},"excerpt":{"rendered":"<p data-start=\"538\" data-end=\"678\">Originalni zaslon i okvir za 13&#8243; MacBook Air A1466 (po\u010detak 2014.). Pa\u017eljivo testirani, originalni dijelovi Apple prijenosnog ra\u010dunala \u2014 to\u010dan artikl prikazan na fotografijama.<\/p>\n","protected":false},"featured_media":28610,"template":"","meta":[],"product_brand":[],"product_cat":[51],"product_tag":[],"class_list":{"0":"post-28546","1":"product","2":"type-product","3":"status-publish","4":"has-post-thumbnail","6":"product_cat-laptop-housing","8":"first","9":"instock","10":"taxable","11":"shipping-taxable","12":"purchasable","13":"product-type-simple"},"_links":{"self":[{"href":"https:\/\/boreait.com\/hr\/wp-json\/wp\/v2\/product\/28546","targetHints":{"allow":["GET"]}}],"collection":[{"href":"https:\/\/boreait.com\/hr\/wp-json\/wp\/v2\/product"}],"about":[{"href":"https:\/\/boreait.com\/hr\/wp-json\/wp\/v2\/types\/product"}],"wp:featuredmedia":[{"embeddable":true,"href":"https:\/\/boreait.com\/hr\/wp-json\/wp\/v2\/media\/28610"}],"wp:attachment":[{"href":"https:\/\/boreait.com\/hr\/wp-json\/wp\/v2\/media?parent=28546"}],"wp:term":[{"taxonomy":"product_brand","embeddable":true,"href":"https:\/\/boreait.com\/hr\/wp-json\/wp\/v2\/product_brand?post=28546"},{"taxonomy":"product_cat","embeddable":true,"href":"https:\/\/boreait.com\/hr\/wp-json\/wp\/v2\/product_cat?post=28546"},{"taxonomy":"product_tag","embeddable":true,"href":"https:\/\/boreait.com\/hr\/wp-json\/wp\/v2\/product_tag?post=28546"}],"curies":[{"name":"wp","href":"https:\/\/api.w.org\/{rel}","templated":true}]}}