{"id":28545,"date":"2025-07-25T13:54:23","date_gmt":"2025-07-25T13:54:23","guid":{"rendered":"https:\/\/boreait.com\/hr\/?post_type=product&#038;p=28545"},"modified":"2025-07-25T13:56:26","modified_gmt":"2025-07-25T13:56:26","slug":"macbook-air-a1466-bottom-case-13-2014-originalni-dio-dijelovi-prijenosnih-racunala-europa","status":"publish","type":"product","link":"https:\/\/boreait.com\/hr\/product\/macbook-air-a1466-bottom-case-13-2014-originalni-dio-dijelovi-prijenosnih-racunala-europa\/","title":{"rendered":"MacBook Air A1466 Bottom Case 13&#8243; 2014 Originalni dio | Dijelovi prijenosnih ra\u010dunala Europa"},"content":{"rendered":"<p data-start=\"556\" data-end=\"882\">Vratite svoj MacBook Air ovim originalnim <strong data-start=\"600\" data-end=\"659\">donjim poklopcem za MacBook Air 13-in\u010dni A1466 (po\u010detak 2014.)<\/strong>. Ovo je originalni Apple dio, a ne jeftina replika \u2014 idealno za zamjenu o\u0161te\u0107enog, ulubljenog ili istro\u0161enog donjeg ku\u0107i\u0161ta. To je bitan <strong data-start=\"794\" data-end=\"809\">dio prijenosnog ra\u010dunala<\/strong> ako \u017eelite zadr\u017eati kvalitetu i dojam svog izvornog Maca.<\/p>\n<ul data-start=\"884\" data-end=\"1290\">\n<li data-start=\"884\" data-end=\"906\">\n<p data-start=\"886\" data-end=\"906\">\u2705 <strong data-start=\"888\" data-end=\"898\">Model:<\/strong> A1466<\/p>\n<\/li>\n<li data-start=\"907\" data-end=\"966\">\n<p data-start=\"909\" data-end=\"966\">\u2705 <strong data-start=\"911\" data-end=\"931\">Kompatibilno s:<\/strong> MacBook Air 13 in\u010da (po\u010detak 2014.)<\/p>\n<\/li>\n<li data-start=\"967\" data-end=\"1013\">\n<p data-start=\"969\" data-end=\"1013\">\u2705 <strong data-start=\"971\" data-end=\"985\">Vrsta dijela:<\/strong> Donji poklopac \/ mala slova<\/p>\n<\/li>\n<li data-start=\"1014\" data-end=\"1075\">\n<p data-start=\"1016\" data-end=\"1075\">\u2705 <strong data-start=\"1018\" data-end=\"1032\">Stanje:<\/strong> Kori\u0161teno, testirano iu dobrom kozmeti\u010dkom stanju<\/p>\n<\/li>\n<li data-start=\"1076\" data-end=\"1138\">\n<p data-start=\"1078\" data-end=\"1138\">\u2705 <strong data-start=\"1080\" data-end=\"1091\">Fotografije:<\/strong> Prave fotografije to\u010dno onog dijela koji \u0107ete dobiti<\/p>\n<\/li>\n<li data-start=\"1139\" data-end=\"1241\">\n<p data-start=\"1141\" data-end=\"1241\">\u2705 <strong data-start=\"1143\" data-end=\"1155\">Podr\u0161ka:<\/strong> Upute za instalaciju nisu uklju\u010dene, ali slobodno nam po\u0161aljite poruku ako trebate pomo\u0107<\/p>\n<\/li>\n<li data-start=\"1242\" data-end=\"1290\">\n<p data-start=\"1244\" data-end=\"1290\">\u2705 <strong data-start=\"1246\" data-end=\"1290\">\u0160alje iz Europe \u2014 dostavljamo diljem svijeta<\/strong><\/p>\n<\/li>\n<\/ul>\n<p data-start=\"1292\" data-end=\"1539\">Savr\u0161eno odgovara tehni\u010darima, popravlja\u010dima ili svima koji \u017eele zamijeniti MacBook Air A1466 bazu. Ovaj <strong data-start=\"1395\" data-end=\"1410\">dio za prijenosno ra\u010dunalo<\/strong> \u0161alje se sigurno i brzo. Kupujte s povjerenjem na <strong data-start=\"1465\" data-end=\"1479\">siggmo.com<\/strong>, va\u0161em pouzdanom izvoru dijelova za prijenosna ra\u010dunala u Europi i \u0161ire.<\/p>\n","protected":false},"excerpt":{"rendered":"<p>Originalno donje ku\u0107i\u0161te za MacBook Air 13&#8243; A1466 (po\u010detak 2014.). Originalni rabljeni dio u dobrom stanju. Fotografije su stvarnog artikla. Po\u0161aljite nam poruku ako trebate pomo\u0107.<\/p>\n","protected":false},"featured_media":28608,"template":"","meta":[],"product_brand":[],"product_cat":[51],"product_tag":[],"class_list":{"0":"post-28545","1":"product","2":"type-product","3":"status-publish","4":"has-post-thumbnail","6":"product_cat-laptop-housing","8":"first","9":"instock","10":"taxable","11":"shipping-taxable","12":"purchasable","13":"product-type-simple"},"_links":{"self":[{"href":"https:\/\/boreait.com\/hr\/wp-json\/wp\/v2\/product\/28545","targetHints":{"allow":["GET"]}}],"collection":[{"href":"https:\/\/boreait.com\/hr\/wp-json\/wp\/v2\/product"}],"about":[{"href":"https:\/\/boreait.com\/hr\/wp-json\/wp\/v2\/types\/product"}],"wp:featuredmedia":[{"embeddable":true,"href":"https:\/\/boreait.com\/hr\/wp-json\/wp\/v2\/media\/28608"}],"wp:attachment":[{"href":"https:\/\/boreait.com\/hr\/wp-json\/wp\/v2\/media?parent=28545"}],"wp:term":[{"taxonomy":"product_brand","embeddable":true,"href":"https:\/\/boreait.com\/hr\/wp-json\/wp\/v2\/product_brand?post=28545"},{"taxonomy":"product_cat","embeddable":true,"href":"https:\/\/boreait.com\/hr\/wp-json\/wp\/v2\/product_cat?post=28545"},{"taxonomy":"product_tag","embeddable":true,"href":"https:\/\/boreait.com\/hr\/wp-json\/wp\/v2\/product_tag?post=28545"}],"curies":[{"name":"wp","href":"https:\/\/api.w.org\/{rel}","templated":true}]}}