{"id":28543,"date":"2025-07-25T13:54:22","date_gmt":"2025-07-25T13:54:22","guid":{"rendered":"https:\/\/boreait.com\/hr\/?post_type=product&#038;p=28543"},"modified":"2025-07-25T13:56:15","modified_gmt":"2025-07-25T13:56:15","slug":"mini-sas-sff-8087-na-4x-sata-7pin-05m-kabel-ssd-hdd-adapter-dijelovi-za-prijenosno-racunalo","status":"publish","type":"product","link":"https:\/\/boreait.com\/hr\/product\/mini-sas-sff-8087-na-4x-sata-7pin-05m-kabel-ssd-hdd-adapter-dijelovi-za-prijenosno-racunalo\/","title":{"rendered":"Mini SAS SFF-8087 na 4x SATA 7Pin 0,5M kabel \u2013 SSD HDD adapter \u2013 dijelovi za prijenosno ra\u010dunalo"},"content":{"rendered":"<p data-start=\"715\" data-end=\"1165\">Nadogradite svoje postavke pohrane s <strong data-start=\"751\" data-end=\"798\">CableCreation 0,5M Mini SAS na 4 SATA kabelom<\/strong>, dizajniranim za pouzdane podatkovne veze velike brzine izme\u0111u SAS kontrolera va\u0161eg sustava i do \u010detiri SATA diska. Ovaj vrhunski crni unutarnji kabel ima konfiguraciju <strong data-start=\"959\" data-end=\"1000\">SFF-8087 mu\u0161ki na 4x SATA 7-pinski \u017eenski<\/strong>, podr\u017eava <strong data-start=\"1027\" data-end=\"1055\">SAS brzine do 1,6 Gbps<\/strong>, \u0161to ga \u010dini idealnim za povezivanje SSD-ova, HDD-ova i opti\u010dkih pogone u prijenosnim ra\u010dunalima, poslu\u017eiteljima i stolnim radnim stanicama.<\/p>\n<p data-start=\"1167\" data-end=\"1351\">Bilo da gradite prilago\u0111eni sustav ili mijenjate postoje\u0107e <strong data-start=\"1229\" data-end=\"1245\">dijelove prijenosnog ra\u010dunala<\/strong>, ovaj je kabel kompaktna i bitna nadogradnja koja osigurava u\u010dinkovit protok podataka i stabilne performanse.<\/p>\n<p data-start=\"1353\" data-end=\"1370\"><strong data-start=\"1353\" data-end=\"1370\">Klju\u010dne zna\u010dajke:<\/strong><\/p>\n<ul data-start=\"1371\" data-end=\"1802\">\n<li data-start=\"1371\" data-end=\"1414\">\n<p data-start=\"1373\" data-end=\"1414\"><strong data-start=\"1373\" data-end=\"1389\">Konektor A:<\/strong> Mini SAS SFF-8087 mu\u0161ki<\/p>\n<\/li>\n<li data-start=\"1415\" data-end=\"1456\">\n<p data-start=\"1417\" data-end=\"1456\"><strong data-start=\"1417\" data-end=\"1433\">Konektor B:<\/strong> 4 x SATA 7pin \u017eenski<\/p>\n<\/li>\n<li data-start=\"1457\" data-end=\"1489\">\n<p data-start=\"1459\" data-end=\"1489\"><strong data-start=\"1459\" data-end=\"1470\">Du\u017eina:<\/strong> 0,5 metara (50 cm)<\/p>\n<\/li>\n<li data-start=\"1490\" data-end=\"1536\">\n<p data-start=\"1492\" data-end=\"1536\"><strong data-start=\"1492\" data-end=\"1510\">Podr\u0161ka za brzinu:<\/strong> Do 1,6 Gbps (SAS 1.0)<\/p>\n<\/li>\n<li data-start=\"1537\" data-end=\"1630\">\n<p data-start=\"1539\" data-end=\"1630\"><strong data-start=\"1539\" data-end=\"1552\">Slu\u010daj upotrebe:<\/strong> Pove\u017eite do 4 SATA HDD-a, SSD-a ili opti\u010dkih pogona na Mini SAS kontroler<\/p>\n<\/li>\n<li data-start=\"1631\" data-end=\"1749\">\n<p data-start=\"1633\" data-end=\"1749\"><strong data-start=\"1633\" data-end=\"1649\">Primjena:<\/strong> Savr\u0161ena za interne konfiguracije prijenosnih ra\u010dunala i poslu\u017eitelja, ku\u0107ne NAS sustave i postavke za oporavak podataka<\/p>\n<\/li>\n<li data-start=\"1750\" data-end=\"1770\">\n<p data-start=\"1752\" data-end=\"1770\"><strong data-start=\"1752\" data-end=\"1762\">Boja:<\/strong> crna<\/p>\n<\/li>\n<li data-start=\"1771\" data-end=\"1802\">\n<p data-start=\"1773\" data-end=\"1802\"><strong data-start=\"1773\" data-end=\"1789\">Okru\u017eenje:<\/strong> Upotreba u zatvorenom<\/p>\n<\/li>\n<\/ul>\n<p data-start=\"1804\" data-end=\"2017\">\ud83d\udca1 <strong data-start=\"1807\" data-end=\"1816\">Napomena:<\/strong><br data-start=\"1816\" data-end=\"1819\" \/>Ovaj popis je za <strong data-start=\"1843\" data-end=\"1876\">pravu stavku prikazanu u fotografije<\/strong>\u2014dobit \u0107ete to\u010dno ono \u0161to vidite.<br data-start=\"1913\" data-end=\"1916\" \/>Ne dajemo upute za instalaciju, ali rado \u0107emo vam pomo\u0107i ako nam po\u0161aljete poruku s pitanjima!<\/p>\n","protected":false},"excerpt":{"rendered":"<p>Mini SAS do 4x SATA kabel velike brzine (0,5M), idealan za povezivanje SSD-ova, HDD-ova ili opti\u010dkih pogona. Savr\u0161eno za nadogradnju prijenosnih ra\u010dunala, poslu\u017eitelja i radnih stanica.<\/p>\n","protected":false},"featured_media":28600,"template":"","meta":[],"product_brand":[],"product_cat":[55],"product_tag":[],"class_list":{"0":"post-28543","1":"product","2":"type-product","3":"status-publish","4":"has-post-thumbnail","6":"product_cat-cables","8":"first","9":"instock","10":"taxable","11":"shipping-taxable","12":"purchasable","13":"product-type-simple"},"_links":{"self":[{"href":"https:\/\/boreait.com\/hr\/wp-json\/wp\/v2\/product\/28543","targetHints":{"allow":["GET"]}}],"collection":[{"href":"https:\/\/boreait.com\/hr\/wp-json\/wp\/v2\/product"}],"about":[{"href":"https:\/\/boreait.com\/hr\/wp-json\/wp\/v2\/types\/product"}],"wp:featuredmedia":[{"embeddable":true,"href":"https:\/\/boreait.com\/hr\/wp-json\/wp\/v2\/media\/28600"}],"wp:attachment":[{"href":"https:\/\/boreait.com\/hr\/wp-json\/wp\/v2\/media?parent=28543"}],"wp:term":[{"taxonomy":"product_brand","embeddable":true,"href":"https:\/\/boreait.com\/hr\/wp-json\/wp\/v2\/product_brand?post=28543"},{"taxonomy":"product_cat","embeddable":true,"href":"https:\/\/boreait.com\/hr\/wp-json\/wp\/v2\/product_cat?post=28543"},{"taxonomy":"product_tag","embeddable":true,"href":"https:\/\/boreait.com\/hr\/wp-json\/wp\/v2\/product_tag?post=28543"}],"curies":[{"name":"wp","href":"https:\/\/api.w.org\/{rel}","templated":true}]}}