{"id":28530,"date":"2025-07-25T13:53:59","date_gmt":"2025-07-25T13:53:59","guid":{"rendered":"https:\/\/boreait.com\/hr\/?post_type=product&#038;p=28530"},"modified":"2025-07-25T13:55:45","modified_gmt":"2025-07-25T13:55:45","slug":"lenovo-ideapad-3-17ada05-ns-c863-usb-ploca-za-napajanje-5c50s25053","status":"publish","type":"product","link":"https:\/\/boreait.com\/hr\/product\/lenovo-ideapad-3-17ada05-ns-c863-usb-ploca-za-napajanje-5c50s25053\/","title":{"rendered":"Lenovo IdeaPad 3-17ADA05 NS-C863 USB plo\u010da za napajanje 5C50S25053"},"content":{"rendered":"<p data-start=\"596\" data-end=\"913\">Ovo je <strong data-start=\"606\" data-end=\"638\">originalna rabljena USB plo\u010da za napajanje<\/strong> za <strong data-start=\"647\" data-end=\"689\">Lenovo IdeaPad 3-17ADA05 (model: 81W2)<\/strong>, broj dijela <strong data-start=\"703\" data-end=\"717\">5C50S25053<\/strong>, ID plo\u010de <strong data-start=\"728\" data-end=\"739\">NS-C863<\/strong>. Idealan za vra\u0107anje funkcionalnosti USB-a i priklju\u010dka za napajanje, ovaj <strong data-start=\"800\" data-end=\"815\">dio prijenosnog ra\u010dunala<\/strong> pa\u017eljivo je uklonjen, potpuno testiran i potvr\u0111eno da je u <strong data-start=\"881\" data-end=\"912\">izvrsnom radnom stanju<\/strong>.<\/p>\n<p data-start=\"915\" data-end=\"1121\">Ako su va\u0161i USB priklju\u010dci otkazali ili se va\u0161 ure\u0111aj ne puni pravilno, ova plo\u010da je pouzdana i isplativa zamjena. To je originalni dio tvrtke Lenovo\u2014bez problema s kompatibilno\u0161\u0107u niti su potrebne izmjene.<\/p>\n<p data-start=\"1123\" data-end=\"1147\">\u2705 <strong data-start=\"1125\" data-end=\"1145\">Pojedinosti o proizvodu:<\/strong><\/p>\n<ul data-start=\"1148\" data-end=\"1369\">\n<li data-start=\"1148\" data-end=\"1197\">\n<p data-start=\"1150\" data-end=\"1197\"><strong data-start=\"1150\" data-end=\"1164\">Stanje:<\/strong> rabljeno, testirano, potpuno funkcionalno<\/p>\n<\/li>\n<li data-start=\"1198\" data-end=\"1229\">\n<p data-start=\"1200\" data-end=\"1229\"><strong data-start=\"1200\" data-end=\"1216\">Broj dijela:<\/strong> 5C50S25053<\/p>\n<\/li>\n<li data-start=\"1230\" data-end=\"1255\">\n<p data-start=\"1232\" data-end=\"1255\"><strong data-start=\"1232\" data-end=\"1245\">ID plo\u010de:<\/strong> NS-C863<\/p>\n<\/li>\n<li data-start=\"1256\" data-end=\"1310\">\n<p data-start=\"1258\" data-end=\"1310\"><strong data-start=\"1258\" data-end=\"1276\">Kompatibilnost:<\/strong> Lenovo IdeaPad 3-17ADA05 (81W2)<\/p>\n<\/li>\n<li data-start=\"1311\" data-end=\"1369\">\n<p data-start=\"1313\" data-end=\"1369\"><strong data-start=\"1313\" data-end=\"1326\">Kategorija:<\/strong> Dijelovi prijenosnog ra\u010dunala \/ USB i ulazna plo\u010da<\/p>\n<\/li>\n<\/ul>\n<p data-start=\"1371\" data-end=\"1534\">\ud83d\udce9 Ne dajemo upute za instalaciju. Ako niste sigurni odgovara li ovaj dio va\u0161em prijenosnom ra\u010dunalu ili vam je potrebna pomo\u0107 prije ili nakon kupnje, slobodno nam po\u0161aljite poruku.<\/p>\n<p data-start=\"1536\" data-end=\"1629\">\ud83d\udcf7 <strong data-start=\"1539\" data-end=\"1586\">Uklju\u010dene su prave fotografije stvarnog dijela<\/strong> \u2014 ono \u0161to vidite je upravo ono \u0161to \u0107ete i dobiti.<\/p>\n","protected":false},"excerpt":{"rendered":"<p>Originalna rabljena USB plo\u010da za napajanje od Lenovo IdeaPad 3-17ADA05. Kompletno testiran, u ispravnom stanju. Broj dijela 5C50S25053 (NS-C863).<\/p>\n","protected":false},"featured_media":28588,"template":"","meta":[],"product_brand":[],"product_cat":[62],"product_tag":[],"class_list":{"0":"post-28530","1":"product","2":"type-product","3":"status-publish","4":"has-post-thumbnail","6":"product_cat-motherboards-board-parts","8":"first","9":"instock","10":"taxable","11":"shipping-taxable","12":"purchasable","13":"product-type-simple"},"_links":{"self":[{"href":"https:\/\/boreait.com\/hr\/wp-json\/wp\/v2\/product\/28530","targetHints":{"allow":["GET"]}}],"collection":[{"href":"https:\/\/boreait.com\/hr\/wp-json\/wp\/v2\/product"}],"about":[{"href":"https:\/\/boreait.com\/hr\/wp-json\/wp\/v2\/types\/product"}],"wp:featuredmedia":[{"embeddable":true,"href":"https:\/\/boreait.com\/hr\/wp-json\/wp\/v2\/media\/28588"}],"wp:attachment":[{"href":"https:\/\/boreait.com\/hr\/wp-json\/wp\/v2\/media?parent=28530"}],"wp:term":[{"taxonomy":"product_brand","embeddable":true,"href":"https:\/\/boreait.com\/hr\/wp-json\/wp\/v2\/product_brand?post=28530"},{"taxonomy":"product_cat","embeddable":true,"href":"https:\/\/boreait.com\/hr\/wp-json\/wp\/v2\/product_cat?post=28530"},{"taxonomy":"product_tag","embeddable":true,"href":"https:\/\/boreait.com\/hr\/wp-json\/wp\/v2\/product_tag?post=28530"}],"curies":[{"name":"wp","href":"https:\/\/api.w.org\/{rel}","templated":true}]}}