{"id":28527,"date":"2025-07-25T13:53:59","date_gmt":"2025-07-25T13:53:59","guid":{"rendered":"https:\/\/boreait.com\/hr\/?post_type=product&#038;p=28527"},"modified":"2025-07-25T13:55:30","modified_gmt":"2025-07-25T13:55:30","slug":"originalni-lenovo-lcd-okvir-ap1jx000200-za-ideapad-3-17iil05-dijelovi-prijenosnog-racunala","status":"publish","type":"product","link":"https:\/\/boreait.com\/hr\/product\/originalni-lenovo-lcd-okvir-ap1jx000200-za-ideapad-3-17iil05-dijelovi-prijenosnog-racunala\/","title":{"rendered":"ORIGINALNI Lenovo LCD okvir AP1JX000200 za IdeaPad 3 17IIL05 | Dijelovi prijenosnog ra\u010dunala"},"content":{"rendered":"<p data-start=\"701\" data-end=\"1013\">Obnovite svoje prijenosno ra\u010dunalo Lenovo ovim <strong data-start=\"738\" data-end=\"776\">originalnim okvirom LCD zaslona<\/strong>, broj dijela <strong data-start=\"790\" data-end=\"805\">AP1JX000200<\/strong>, dizajniranim posebno za <strong data-start=\"837\" data-end=\"865\">Lenovo IdeaPad 3 17IIL05<\/strong> model. Bez obzira mijenjate li napukli ili o\u0161te\u0107eni okvir ili radite potpuni popravak zaslona, ovaj visokokvalitetni dio osigurava savr\u0161eno pristajanje i zavr\u0161nu obradu.<\/p>\n<h3 data-start=\"1015\" data-end=\"1038\">\ud83d\udd27 Pojedinosti o proizvodu:<\/h3>\n<ul data-start=\"1039\" data-end=\"1408\">\n<li data-start=\"1039\" data-end=\"1060\">\n<p data-start=\"1041\" data-end=\"1060\"><strong data-start=\"1041\" data-end=\"1051\">Brand:<\/strong> Lenovo<\/p>\n<\/li>\n<li data-start=\"1061\" data-end=\"1093\">\n<p data-start=\"1063\" data-end=\"1093\"><strong data-start=\"1063\" data-end=\"1079\">Broj dijela:<\/strong> AP1JX000200<\/p>\n<\/li>\n<li data-start=\"1094\" data-end=\"1148\">\n<p data-start=\"1096\" data-end=\"1148\"><strong data-start=\"1096\" data-end=\"1120\">Kompatibilnost modela:<\/strong> IdeaPad 3 17IIL05 (17.3&#8243;)<\/p>\n<\/li>\n<li data-start=\"1149\" data-end=\"1218\">\n<p data-start=\"1151\" data-end=\"1218\"><strong data-start=\"1151\" data-end=\"1165\">Stanje:<\/strong> Originalno i rabljeno (potpuno pregledano i funkcionalno)<\/p>\n<\/li>\n<li data-start=\"1219\" data-end=\"1255\">\n<p data-start=\"1221\" data-end=\"1255\"><strong data-start=\"1221\" data-end=\"1230\">Vrsta:<\/strong> prednji okvir LCD zaslona<\/p>\n<\/li>\n<li data-start=\"1256\" data-end=\"1302\">\n<p data-start=\"1258\" data-end=\"1302\"><strong data-start=\"1258\" data-end=\"1271\">Materijal:<\/strong> Izdr\u017eljiva plasti\u010dna konstrukcija<\/p>\n<\/li>\n<li data-start=\"1303\" data-end=\"1329\">\n<p data-start=\"1305\" data-end=\"1329\"><strong data-start=\"1305\" data-end=\"1315\">Boja:<\/strong> mat crna<\/p>\n<\/li>\n<li data-start=\"1330\" data-end=\"1408\">\n<p data-start=\"1332\" data-end=\"1408\"><strong data-start=\"1332\" data-end=\"1343\">Fotografije:<\/strong> Prave fotografije stvarnog dijela koji \u0107ete dobiti \u2014 nema slika iz skladi\u0161ta.<\/p>\n<\/li>\n<\/ul>\n<p data-start=\"1410\" data-end=\"1584\">Ovo je <strong data-start=\"1420\" data-end=\"1450\">originalni dio prijenosnog ra\u010dunala Lenovo<\/strong>, a ne replika tre\u0107e strane. Idealno za radionice za popravak, tehni\u010dare ili DIY korisnike koji trebaju pouzdane dijelove prijenosnog ra\u010dunala za svoj Lenovo IdeaPad.<\/p>\n<p data-start=\"1586\" data-end=\"1743\">Ne uklju\u010dujemo upute za instalaciju, ali slobodno nas kontaktirajte ako vam je potrebna pomo\u0107 u prepoznavanju kompatibilnosti ili vam je potrebno vodstvo\u2014rado \u0107emo vam pomo\u0107i!<\/p>\n<hr data-start=\"1745\" data-end=\"1748\" \/>\n<p data-start=\"1750\" data-end=\"1777\">\ud83d\udcbc <strong data-start=\"1753\" data-end=\"1777\">Za\u0161to kupovati od Siggma?<\/strong><\/p>\n<ul data-start=\"1778\" data-end=\"2020\">\n<li data-start=\"1778\" data-end=\"1848\">\n<p data-start=\"1780\" data-end=\"1848\">Prave fotografije stvarnih dijelova prijenosnog ra\u010dunala \u2014 ono \u0161to vidite to i dobivate.<\/p>\n<\/li>\n<li data-start=\"1849\" data-end=\"1890\">\n<p data-start=\"1851\" data-end=\"1890\">Brza i pouzdana dostava diljem svijeta.<\/p>\n<\/li>\n<li data-start=\"1891\" data-end=\"1960\">\n<p data-start=\"1893\" data-end=\"1960\">Sa sjedi\u0161tem u Europi, sa stru\u010dno\u0161\u0107u u nabavi originalnih dijelova za prijenosna ra\u010dunala.<\/p>\n<\/li>\n<li data-start=\"1961\" data-end=\"2020\">\n<p data-start=\"1963\" data-end=\"2020\">Izvrsna korisni\u010dka podr\u0161ka \u2014 tu smo ako trebate pomo\u0107!<\/p>\n<\/li>\n<\/ul>\n<hr data-start=\"2022\" data-end=\"2025\" \/>\n<p data-start=\"2027\" data-end=\"2074\">\ud83d\udce6 Dostava iz Europe. Isporu\u010dujemo <strong data-start=\"2060\" data-end=\"2073\">u cijelom svijetu<\/strong>.<\/p>\n<p data-start=\"2076\" data-end=\"2239\">Ako popravljate ili obnavljate svoj Lenovo IdeaPad 3 17IIL05, ovaj <strong data-start=\"2148\" data-end=\"2171\">autenti\u010dni LCD okvir<\/strong> je dio koji vam je potreban. Naru\u010dite sada i o\u017eivite svoje prijenosno ra\u010dunalo!<\/p>\n","protected":false},"excerpt":{"rendered":"<p>Originalni okvir LCD zaslona Lenovo (br. dijela AP1JX000200) za IdeaPad 3 17IIL05. Originalni zamjenski dio\u2014idealan za popravke ili zamjene zaslona. Prave fotografije uklju\u010dene.<\/p>\n","protected":false},"featured_media":28577,"template":"","meta":[],"product_brand":[],"product_cat":[51],"product_tag":[],"class_list":{"0":"post-28527","1":"product","2":"type-product","3":"status-publish","4":"has-post-thumbnail","6":"product_cat-laptop-housing","8":"first","9":"instock","10":"taxable","11":"shipping-taxable","12":"purchasable","13":"product-type-simple"},"_links":{"self":[{"href":"https:\/\/boreait.com\/hr\/wp-json\/wp\/v2\/product\/28527","targetHints":{"allow":["GET"]}}],"collection":[{"href":"https:\/\/boreait.com\/hr\/wp-json\/wp\/v2\/product"}],"about":[{"href":"https:\/\/boreait.com\/hr\/wp-json\/wp\/v2\/types\/product"}],"wp:featuredmedia":[{"embeddable":true,"href":"https:\/\/boreait.com\/hr\/wp-json\/wp\/v2\/media\/28577"}],"wp:attachment":[{"href":"https:\/\/boreait.com\/hr\/wp-json\/wp\/v2\/media?parent=28527"}],"wp:term":[{"taxonomy":"product_brand","embeddable":true,"href":"https:\/\/boreait.com\/hr\/wp-json\/wp\/v2\/product_brand?post=28527"},{"taxonomy":"product_cat","embeddable":true,"href":"https:\/\/boreait.com\/hr\/wp-json\/wp\/v2\/product_cat?post=28527"},{"taxonomy":"product_tag","embeddable":true,"href":"https:\/\/boreait.com\/hr\/wp-json\/wp\/v2\/product_tag?post=28527"}],"curies":[{"name":"wp","href":"https:\/\/api.w.org\/{rel}","templated":true}]}}