{"id":28499,"date":"2025-07-25T13:53:12","date_gmt":"2025-07-25T13:53:12","guid":{"rendered":"https:\/\/boreait.com\/hr\/?post_type=product&#038;p=28499"},"modified":"2025-07-25T13:54:35","modified_gmt":"2025-07-25T13:54:35","slug":"mini-sas-sff-8087-na-4-x-sata-kabel-prijenos-podataka-velike-brzine-za-prijenosna-racunala-i-posluzitelje","status":"publish","type":"product","link":"https:\/\/boreait.com\/hr\/product\/mini-sas-sff-8087-na-4-x-sata-kabel-prijenos-podataka-velike-brzine-za-prijenosna-racunala-i-posluzitelje\/","title":{"rendered":"Mini SAS SFF-8087 na 4 x SATA kabel \u2013 prijenos podataka velike brzine za prijenosna ra\u010dunala i poslu\u017eitelje"},"content":{"rendered":"<p data-start=\"719\" data-end=\"891\">Nadogradite povezivost pohrane va\u0161eg sustava s ovim <strong data-start=\"772\" data-end=\"820\">Mini SAS SFF-8087 na 4 x SATA kabelom za spajanje<\/strong>, idealnim za profesionalce, DIY graditelje i tehni\u010dare za popravak prijenosnih ra\u010dunala.<\/p>\n<p data-start=\"893\" data-end=\"1214\">Dizajniran za povezivanje jednog Mini SAS priklju\u010dka (SFF-8087) s do \u010detiri SATA diska, ovaj kabel savr\u0161en je za brzi prijenos podataka na poslu\u017eiteljima, radnim stanicama i prilago\u0111enim prijenosnim ra\u010dunalima koja zahtijevaju dodatnu pohranu. Podr\u017eava SATA I\/II\/III standarde i pru\u017ea izvrsne performanse i pouzdanost za HDD i SSD.<\/p>\n<p data-start=\"1216\" data-end=\"1535\">\u2714\ufe0f <strong data-start=\"1219\" data-end=\"1242\">Prave fotografije proizvoda<\/strong> \u2013 Dobit \u0107ete to\u010dno ono \u0161to je prikazano.<br data-start=\"1283\" data-end=\"1286\" \/>\u2714\ufe0f <strong data-start=\"1289\" data-end=\"1311\">Spremni dijelovi za prijenosno ra\u010dunalo<\/strong> \u2013 Izvrsno za popravak i nadogradnju prijenosnog ra\u010dunala.<br data-start=\"1351\" data-end=\"1354\" \/>\u2714\ufe0f <strong data-start=\"1357\" data-end=\"1379\">Dostava diljem svijeta<\/strong> iz Europe.<br data-start=\"1392\" data-end=\"1395\" \/>\u2714\ufe0f <strong data-start=\"1398\" data-end=\"1412\">Trebate li pomo\u0107?<\/strong> Ne dajemo upute za zamjenu, ali slobodno nam po\u0161aljite poruku ako vam je potrebna pomo\u0107 pri odabiru ili identificiranju va\u0161eg dijela.<\/p>\n<p data-start=\"1537\" data-end=\"1718\">Bilo da gradite poslu\u017eitelj, nadogra\u0111ujete prijenosno ra\u010dunalo ili mijenjate o\u0161te\u0107ene dijelove prijenosnog ra\u010dunala, ovaj Mini SAS kabel osigurava stabilne i brze veze za va\u0161e SATA ure\u0111aje za pohranu.<\/p>\n<p data-start=\"1720\" data-end=\"1739\"><strong data-start=\"1720\" data-end=\"1739\">Specifikacije:<\/strong><\/p>\n<ul data-start=\"1740\" data-end=\"1972\">\n<li data-start=\"1740\" data-end=\"1778\">\n<p data-start=\"1742\" data-end=\"1778\">Priklju\u010dak A: 1 x Mini SAS (SFF-8087)<\/p>\n<\/li>\n<li data-start=\"1779\" data-end=\"1802\">\n<p data-start=\"1781\" data-end=\"1802\">Priklju\u010dak B: 4 x SATA<\/p>\n<\/li>\n<li data-start=\"1803\" data-end=\"1854\">\n<p data-start=\"1805\" data-end=\"1854\">Upotreba: prekidni kabel za HDD\/SSD pro\u0161irenje pohrane<\/p>\n<\/li>\n<li data-start=\"1855\" data-end=\"1887\">\n<p data-start=\"1857\" data-end=\"1887\">Kompatibilnost: SATA I, II, III<\/p>\n<\/li>\n<li data-start=\"1888\" data-end=\"1955\">\n<p data-start=\"1890\" data-end=\"1955\">Primjena: dijelovi prijenosnih ra\u010dunala, poslu\u017eitelji, NAS, stolna ra\u010dunala, nizovi za pohranu<\/p>\n<\/li>\n<li data-start=\"1956\" data-end=\"1972\">\n<p data-start=\"1958\" data-end=\"1972\">Stanje: Novo<\/p>\n<\/li>\n<\/ul>\n<p data-start=\"1974\" data-end=\"2075\">U\u010dinite svoje sljede\u0107e prijenosno ra\u010dunalo ili poslu\u017eitelj nadogradnjom bez muke uz <strong data-start=\"2031\" data-end=\"2074\">dijelove prijenosnog ra\u010dunala provjerene kvalitete iz Siggma<\/strong>.<\/p>\n","protected":false},"excerpt":{"rendered":"<p>Pouzdan Mini SAS do 4x SATA kabel za spajanje ure\u0111aja za pohranu u prijenosnim ra\u010dunalima, poslu\u017eiteljima i stolnim sustavima. Prave fotografije\u2014ono \u0161to vidite to i dobijete.<\/p>\n","protected":false},"featured_media":28550,"template":"","meta":[],"product_brand":[],"product_cat":[55],"product_tag":[],"class_list":{"0":"post-28499","1":"product","2":"type-product","3":"status-publish","4":"has-post-thumbnail","6":"product_cat-cables","8":"first","9":"instock","10":"taxable","11":"shipping-taxable","12":"purchasable","13":"product-type-simple"},"_links":{"self":[{"href":"https:\/\/boreait.com\/hr\/wp-json\/wp\/v2\/product\/28499","targetHints":{"allow":["GET"]}}],"collection":[{"href":"https:\/\/boreait.com\/hr\/wp-json\/wp\/v2\/product"}],"about":[{"href":"https:\/\/boreait.com\/hr\/wp-json\/wp\/v2\/types\/product"}],"wp:featuredmedia":[{"embeddable":true,"href":"https:\/\/boreait.com\/hr\/wp-json\/wp\/v2\/media\/28550"}],"wp:attachment":[{"href":"https:\/\/boreait.com\/hr\/wp-json\/wp\/v2\/media?parent=28499"}],"wp:term":[{"taxonomy":"product_brand","embeddable":true,"href":"https:\/\/boreait.com\/hr\/wp-json\/wp\/v2\/product_brand?post=28499"},{"taxonomy":"product_cat","embeddable":true,"href":"https:\/\/boreait.com\/hr\/wp-json\/wp\/v2\/product_cat?post=28499"},{"taxonomy":"product_tag","embeddable":true,"href":"https:\/\/boreait.com\/hr\/wp-json\/wp\/v2\/product_tag?post=28499"}],"curies":[{"name":"wp","href":"https:\/\/api.w.org\/{rel}","templated":true}]}}