{"id":28489,"date":"2025-07-25T13:52:49","date_gmt":"2025-07-25T13:52:49","guid":{"rendered":"https:\/\/boreait.com\/hr\/?post_type=product&#038;p=28489"},"modified":"2026-02-09T10:10:13","modified_gmt":"2026-02-09T10:10:13","slug":"modul-wifi-bezicne-ploce-359107%e2%80%91001-dijelovi-prijenosnog-racunala-hp-compaq-nx8220-prave-fotografije","status":"publish","type":"product","link":"https:\/\/boreait.com\/hr\/product\/modul-wifi-bezicne-ploce-359107%e2%80%91001-dijelovi-prijenosnog-racunala-hp-compaq-nx8220-prave-fotografije\/","title":{"rendered":"Modul WiFi be\u017ei\u010dne plo\u010de 359107\u2011001 \u2013 Dijelovi prijenosnog ra\u010dunala HP Compaq NX8220 \u2013 Prave fotografije"},"content":{"rendered":"<p data-start=\"545\" data-end=\"765\">Ovaj popis je za <strong data-start=\"567\" data-end=\"619\">WiFi be\u017ei\u010dni modul plo\u010de (br. dijela 359107\u2011001)<\/strong> posebno dizajniran za <strong data-start=\"650\" data-end=\"670\">HP Compaq NX8220<\/strong> seriju. Savr\u0161eno za svakoga tko \u017eeli nadograditi ili zamijeniti be\u017ei\u010dnu vezu prijenosnog ra\u010dunala.<\/p>\n<ul data-start=\"767\" data-end=\"1056\">\n<li data-start=\"767\" data-end=\"814\">\n<p data-start=\"769\" data-end=\"814\"><strong data-start=\"769\" data-end=\"786\">Kompatibilnost<\/strong>: prijenosna ra\u010dunala HP Compaq NX8220<\/p>\n<\/li>\n<li data-start=\"815\" data-end=\"846\">\n<p data-start=\"817\" data-end=\"846\"><strong data-start=\"817\" data-end=\"832\">Broj dijela<\/strong>: 359107-001<\/p>\n<\/li>\n<li data-start=\"847\" data-end=\"922\">\n<p data-start=\"849\" data-end=\"922\"><strong data-start=\"849\" data-end=\"862\">Stanje<\/strong>: potpuno testirano, funkcionalno iu izvrsnom radnom stanju<\/p>\n<\/li>\n<li data-start=\"923\" data-end=\"985\">\n<p data-start=\"925\" data-end=\"985\"><strong data-start=\"925\" data-end=\"941\">Autenti\u010dnost<\/strong>: ovo je OEM modul izvorno iz HP-a<\/p>\n<\/li>\n<li data-start=\"986\" data-end=\"1056\">\n<p data-start=\"988\" data-end=\"1056\"><strong data-start=\"988\" data-end=\"998\">Fotografije<\/strong>: Slike koje vidite odnose se na stvarni dio koji \u0107ete dobiti<\/p>\n<\/li>\n<\/ul>\n<h4 data-start=\"1058\" data-end=\"1084\">\ud83d\udd27 Za\u0161to ovaj modul?<\/h4>\n<ul data-start=\"1085\" data-end=\"1299\">\n<li data-start=\"1085\" data-end=\"1126\">\n<p data-start=\"1087\" data-end=\"1126\">Vra\u0107a ili pobolj\u0161ava WiFi performanse<\/p>\n<\/li>\n<li data-start=\"1127\" data-end=\"1178\">\n<p data-start=\"1129\" data-end=\"1178\">Izrada OEM kvalitete osigurava pouzdanu povezanost<\/p>\n<\/li>\n<li data-start=\"1179\" data-end=\"1246\">\n<p data-start=\"1181\" data-end=\"1246\">Idealno za tehni\u010dare za popravak prijenosnih ra\u010dunala ili korisnike koji rade nadogradnje &#8220;uradi sam&#8221;<\/p>\n<\/li>\n<li data-start=\"1247\" data-end=\"1299\">\n<p data-start=\"1249\" data-end=\"1299\">Testirano za besprijekoran rad u stvarnim uvjetima<\/p>\n<\/li>\n<\/ul>\n<h4 data-start=\"1301\" data-end=\"1329\">\ud83c\udf0d Dostava &amp; Podr\u0161ka<\/h4>\n<ul data-start=\"1330\" data-end=\"1498\">\n<li data-start=\"1330\" data-end=\"1407\">\n<p data-start=\"1332\" data-end=\"1407\"><strong data-start=\"1332\" data-end=\"1353\">\u0160alje iz Europe<\/strong>, ali nudimo brzu i pouzdanu <strong data-start=\"1383\" data-end=\"1405\">dostavu diljem svijeta<\/strong><\/p>\n<\/li>\n<li data-start=\"1408\" data-end=\"1498\">\n<p data-start=\"1410\" data-end=\"1498\">Trebate li pomo\u0107 s instalacijom ili kompatibilno\u0161\u0107u? Samo mi po\u0161aljite poruku \u2014 tu sam da vam pomognem!<\/p>\n<\/li>\n<\/ul>\n<h4 data-start=\"1500\" data-end=\"1546\">\u26a1 SEO-prikladni detalji za dijelove prijenosnih ra\u010dunala<\/h4>\n<p data-start=\"1547\" data-end=\"1850\">Pobolj\u0161ajte inventar dijelova prijenosnog ra\u010dunala s ovom osnovnom <strong data-start=\"1603\" data-end=\"1624\">WiFi plo\u010dom za prijenosno ra\u010dunalo<\/strong>\u2014zamjenski dio koji vlasnici HP Compaq NX8220 moraju imati. Pove\u0107ajte mre\u017eni promet i konverzije dok kupci koji pretra\u017euju <strong data-start=\"1744\" data-end=\"1765\">\u201cHP dijelove prijenosnog ra\u010dunala\u201d<\/strong>, <strong data-start=\"1767\" data-end=\"1790\">\u201cNX8220 WiFi plo\u010du\u201d<\/strong> ili <strong data-start=\"1795\" data-end=\"1823\">\u201cbe\u017ei\u010dni modul prijenosnog ra\u010dunala\u201d<\/strong> na va\u0161oj stranici proizvoda.<\/p>\n","protected":false},"excerpt":{"rendered":"<p>Nadogradite ili popravite svoj HP Compaq NX8220 s ovim originalnim WiFi be\u017ei\u010dnim modulom plo\u010de (broj dijela 359107-001). Testirano i spremno za instalaciju \u2014 prave fotografije. Dostava diljem svijeta iz SIGGMO-a. Trebate pomo\u0107 pri instalaciji? Samo mi po\u0161alji poruku!<\/p>\n","protected":false},"featured_media":28540,"template":"","meta":[],"product_brand":[],"product_cat":[62],"product_tag":[],"class_list":{"0":"post-28489","1":"product","2":"type-product","3":"status-publish","4":"has-post-thumbnail","6":"product_cat-motherboards-board-parts","8":"first","9":"instock","10":"taxable","11":"shipping-taxable","12":"purchasable","13":"product-type-simple"},"_links":{"self":[{"href":"https:\/\/boreait.com\/hr\/wp-json\/wp\/v2\/product\/28489","targetHints":{"allow":["GET"]}}],"collection":[{"href":"https:\/\/boreait.com\/hr\/wp-json\/wp\/v2\/product"}],"about":[{"href":"https:\/\/boreait.com\/hr\/wp-json\/wp\/v2\/types\/product"}],"wp:featuredmedia":[{"embeddable":true,"href":"https:\/\/boreait.com\/hr\/wp-json\/wp\/v2\/media\/28540"}],"wp:attachment":[{"href":"https:\/\/boreait.com\/hr\/wp-json\/wp\/v2\/media?parent=28489"}],"wp:term":[{"taxonomy":"product_brand","embeddable":true,"href":"https:\/\/boreait.com\/hr\/wp-json\/wp\/v2\/product_brand?post=28489"},{"taxonomy":"product_cat","embeddable":true,"href":"https:\/\/boreait.com\/hr\/wp-json\/wp\/v2\/product_cat?post=28489"},{"taxonomy":"product_tag","embeddable":true,"href":"https:\/\/boreait.com\/hr\/wp-json\/wp\/v2\/product_tag?post=28489"}],"curies":[{"name":"wp","href":"https:\/\/api.w.org\/{rel}","templated":true}]}}