{"id":28487,"date":"2025-07-25T13:52:49","date_gmt":"2025-07-25T13:52:49","guid":{"rendered":"https:\/\/boreait.com\/hr\/?post_type=product&#038;p=28487"},"modified":"2026-02-09T10:09:50","modified_gmt":"2026-02-09T10:09:50","slug":"dell-latitude-5400-5500-precision-3540-ssd-nosac-07hmh-originalni-dio","status":"publish","type":"product","link":"https:\/\/boreait.com\/hr\/product\/dell-latitude-5400-5500-precision-3540-ssd-nosac-07hmh-originalni-dio\/","title":{"rendered":"Dell Latitude 5400 5500 Precision 3540 SSD nosa\u010d 07HMH originalni dio"},"content":{"rendered":"<p data-start=\"787\" data-end=\"1078\">Nadogradite ili popravite svoje Dell prijenosno ra\u010dunalo s ovim originalnim Dell OEM SSD nosa\u010dem, dizajniranim posebno za <strong data-start=\"889\" data-end=\"941\">Latitude 5400, Latitude 5500 i Precision 3540<\/strong> modele. Ovaj nosa\u010d osigurava sigurno pristajanje za va\u0161 2,5&#8243; SSD ili tvrdi disk, poma\u017eu\u0107i u odr\u017eavanju izdr\u017eljivosti i stabilnih performansi tijekom vremena.<\/p>\n<p data-start=\"1080\" data-end=\"1304\">Ovo je <strong data-start=\"1090\" data-end=\"1111\">originalni Dell dio<\/strong>, broj dijela <strong data-start=\"1125\" data-end=\"1143\">07HMH \/ 007HMH<\/strong>, i 100% je kompatibilan s podr\u017eanim modelima. Idealan je za tehni\u010dare, obnavlja\u010de prijenosnih ra\u010dunala ili bilo koga tko mijenja izgubljene ili o\u0161te\u0107ene nosa\u010de unutarnjeg pogona.<\/p>\n<p data-start=\"1306\" data-end=\"1593\">\u2714\ufe0f <strong data-start=\"1309\" data-end=\"1337\">Originalni dio prijenosnog ra\u010dunala Dell<\/strong><br data-start=\"1337\" data-end=\"1340\" \/>\u2714\ufe0f <strong data-start=\"1343\" data-end=\"1399\">Kompatibilan s Latitudeom 5400, 5500 &amp; Precision 3540<\/strong><br data-start=\"1399\" data-end=\"1402\" \/>\u2714\ufe0f <strong data-start=\"1405\" data-end=\"1421\">Broj dijela:<\/strong> 07HMH \/ 007HMH<br data-start=\"1436\" data-end=\"1439\" \/>\u2714\ufe0f <strong data-start=\"1442\" data-end=\"1464\">Sigurno pristajanje SSD-a\/HDD-a<\/strong> \u2013 bez zveckanja, bez pomicanja<br data-start=\"1491\" data-end=\"1494\" \/>\u2714\ufe0f <strong data-start=\"1497\" data-end=\"1520\">Prave fotografije proizvoda<\/strong> \u2013 ono \u0161to vidite to dobivate<br data-start=\"1551\" data-end=\"1554\" \/>\u2714\ufe0f <strong data-start=\"1557\" data-end=\"1591\">Dostava diljem svijeta iz Europe<\/strong><\/p>\n<p data-start=\"1595\" data-end=\"1748\">Ne dajemo upute za instalaciju, ali ako vam je potrebna pomo\u0107 u prepoznavanju kompatibilnosti ili imate pitanja o instalaciji, slobodno nam po\u0161aljite poruku.<\/p>\n<p data-start=\"1750\" data-end=\"1903\">Ovaj nosa\u010d dio je na\u0161e pa\u017eljivo odabrane kolekcije <strong data-start=\"1810\" data-end=\"1839\">visokokvalitetnih dijelova za prijenosna ra\u010dunala<\/strong>\u2014kojima vjeruju servisne radionice i DIY korisnici diljem Europe i \u0161ire.<\/p>\n","protected":false},"excerpt":{"rendered":"<p>Originalni Dell SSD nosa\u010d za Latitude 5400, 5500 i Precision 3540. Broj dijela 07HMH (007HMH). Prave fotografije \u2013 dobivate to\u010dno ono \u0161to vidite.<\/p>\n","protected":false},"featured_media":28538,"template":"","meta":[],"product_brand":[],"product_cat":[51],"product_tag":[],"class_list":{"0":"post-28487","1":"product","2":"type-product","3":"status-publish","4":"has-post-thumbnail","6":"product_cat-laptop-housing","8":"first","9":"instock","10":"taxable","11":"shipping-taxable","12":"purchasable","13":"product-type-simple"},"_links":{"self":[{"href":"https:\/\/boreait.com\/hr\/wp-json\/wp\/v2\/product\/28487","targetHints":{"allow":["GET"]}}],"collection":[{"href":"https:\/\/boreait.com\/hr\/wp-json\/wp\/v2\/product"}],"about":[{"href":"https:\/\/boreait.com\/hr\/wp-json\/wp\/v2\/types\/product"}],"wp:featuredmedia":[{"embeddable":true,"href":"https:\/\/boreait.com\/hr\/wp-json\/wp\/v2\/media\/28538"}],"wp:attachment":[{"href":"https:\/\/boreait.com\/hr\/wp-json\/wp\/v2\/media?parent=28487"}],"wp:term":[{"taxonomy":"product_brand","embeddable":true,"href":"https:\/\/boreait.com\/hr\/wp-json\/wp\/v2\/product_brand?post=28487"},{"taxonomy":"product_cat","embeddable":true,"href":"https:\/\/boreait.com\/hr\/wp-json\/wp\/v2\/product_cat?post=28487"},{"taxonomy":"product_tag","embeddable":true,"href":"https:\/\/boreait.com\/hr\/wp-json\/wp\/v2\/product_tag?post=28487"}],"curies":[{"name":"wp","href":"https:\/\/api.w.org\/{rel}","templated":true}]}}