{"id":28462,"date":"2025-07-25T13:52:02","date_gmt":"2025-07-25T13:52:02","guid":{"rendered":"https:\/\/boreait.com\/hr\/?post_type=product&#038;p=28462"},"modified":"2025-07-25T13:53:44","modified_gmt":"2025-07-25T13:53:44","slug":"hp-probook-470-g2-17-3-oem-lcd-set-sarki-poklopca-am15b000100-am15b000200","status":"publish","type":"product","link":"https:\/\/boreait.com\/hr\/product\/hp-probook-470-g2-17-3-oem-lcd-set-sarki-poklopca-am15b000100-am15b000200\/","title":{"rendered":"HP ProBook 470 G2 17.3&#8243; OEM LCD set \u0161arki poklopca AM15B000100 AM15B000200"},"content":{"rendered":"<p data-start=\"728\" data-end=\"997\">Vratite glatku funkcionalnost zaslona va\u0161eg HP ProBook 470 G2 s ovim <strong data-start=\"804\" data-end=\"831\">OEM 17.3&#8243; LCD setom \u0161arki<\/strong>, dizajniranim posebno za ovaj model. Ovo je <strong data-start=\"881\" data-end=\"904\">originalni dio prijenosnog ra\u010dunala<\/strong>, a ne zamjena tre\u0107e strane \u2013 savr\u0161eno ako je va\u0161 zaslon postao klimav, krut ili slomljen.<\/p>\n<p data-start=\"999\" data-end=\"1017\">Ovaj skup uklju\u010duje:<\/p>\n<ul data-start=\"1018\" data-end=\"1080\">\n<li data-start=\"1018\" data-end=\"1048\">\n<p data-start=\"1020\" data-end=\"1048\"><strong data-start=\"1020\" data-end=\"1048\">Lijeva \u0161arka (AM15B000100)<\/strong><\/p>\n<\/li>\n<li data-start=\"1049\" data-end=\"1080\">\n<p data-start=\"1051\" data-end=\"1080\"><strong data-start=\"1051\" data-end=\"1080\">Desna \u0161arka (AM15B000200)<\/strong><\/p>\n<\/li>\n<\/ul>\n<p data-start=\"1082\" data-end=\"1261\">Obje su \u0161arke uklonjene s prijenosnih ra\u010dunala koja rade i testirane kako bi se osiguralo <strong data-start=\"1154\" data-end=\"1182\">\u010dvrsto, pouzdano kretanje<\/strong>. Ovo su prave fotografije to\u010dnih dijelova koje \u0107ete dobiti \u2013 <strong data-start=\"1244\" data-end=\"1261\">bez iznena\u0111enja!<\/strong><\/p>\n<p data-start=\"1263\" data-end=\"1524\">Bilo da popravljate o\u0161te\u0107enu \u0161arku ili popravljate prijenosno ra\u010dunalo za daljnju prodaju, ovaj set savr\u0161eno pristaje bez preinaka. Napravljen je za <strong data-start=\"1405\" data-end=\"1436\">17,3-in\u010dni model HP ProBook 470 G2<\/strong> i mo\u017ee biti kompatibilan sa sli\u010dnim modelima (potvrdite specifikacijama svog ure\u0111aja).<\/p>\n<p data-start=\"1526\" data-end=\"1734\">\u2714\ufe0f <strong data-start=\"1529\" data-end=\"1549\">Originalni HP dio<\/strong><br data-start=\"1549\" data-end=\"1552\" \/>\u2714\ufe0f <strong data-start=\"1555\" data-end=\"1578\">OEM kvaliteta i prikladnost<\/strong><br data-start=\"1578\" data-end=\"1581\" \/>\u2714\ufe0f <strong data-start=\"1584\" data-end=\"1630\">Prave fotografije \u2013 ono \u0161to vidite to i dobijete<\/strong><br data-start=\"1630\" data-end=\"1633\" \/>\u2714\ufe0f <strong data-start=\"1636\" data-end=\"1693\">Dostava iz Europe \u2013 dostupna brza dostava \u0161irom svijeta<\/strong><br data-start=\"1693\" data-end=\"1696\" \/>\u2714\ufe0f <strong data-start=\"1699\" data-end=\"1734\">Trebate li pomo\u0107? Po\u0161aljite nam poruku bilo kada!<\/strong><\/p>\n<blockquote data-start=\"1736\" data-end=\"1860\">\n<p data-start=\"1738\" data-end=\"1860\">\u26a0\ufe0f Upute za instalaciju nisu uklju\u010dene, ali rado \u0107emo vam pomo\u0107i ako imate pitanja prije ili nakon kupnje.<\/p>\n<\/blockquote>\n","protected":false},"excerpt":{"rendered":"<p>Originalni set \u0161arki HP ProBook 470 G2 LCD za 17,3&#8243; prijenosna ra\u010dunala. Uklju\u010duje lijeve i desne \u0161arke (AM15B000100 \/ AM15B000200). Originalni dio, testiran iu odli\u010dnom stanju.<\/p>\n","protected":false},"featured_media":28522,"template":"","meta":[],"product_brand":[],"product_cat":[54],"product_tag":[],"class_list":{"0":"post-28462","1":"product","2":"type-product","3":"status-publish","4":"has-post-thumbnail","6":"product_cat-screen-hinge","8":"first","9":"instock","10":"taxable","11":"shipping-taxable","12":"purchasable","13":"product-type-simple"},"_links":{"self":[{"href":"https:\/\/boreait.com\/hr\/wp-json\/wp\/v2\/product\/28462","targetHints":{"allow":["GET"]}}],"collection":[{"href":"https:\/\/boreait.com\/hr\/wp-json\/wp\/v2\/product"}],"about":[{"href":"https:\/\/boreait.com\/hr\/wp-json\/wp\/v2\/types\/product"}],"wp:featuredmedia":[{"embeddable":true,"href":"https:\/\/boreait.com\/hr\/wp-json\/wp\/v2\/media\/28522"}],"wp:attachment":[{"href":"https:\/\/boreait.com\/hr\/wp-json\/wp\/v2\/media?parent=28462"}],"wp:term":[{"taxonomy":"product_brand","embeddable":true,"href":"https:\/\/boreait.com\/hr\/wp-json\/wp\/v2\/product_brand?post=28462"},{"taxonomy":"product_cat","embeddable":true,"href":"https:\/\/boreait.com\/hr\/wp-json\/wp\/v2\/product_cat?post=28462"},{"taxonomy":"product_tag","embeddable":true,"href":"https:\/\/boreait.com\/hr\/wp-json\/wp\/v2\/product_tag?post=28462"}],"curies":[{"name":"wp","href":"https:\/\/api.w.org\/{rel}","templated":true}]}}