{"id":28461,"date":"2025-07-25T13:52:02","date_gmt":"2025-07-25T13:52:02","guid":{"rendered":"https:\/\/boreait.com\/hr\/?post_type=product&#038;p=28461"},"modified":"2026-02-09T10:09:33","modified_gmt":"2026-02-09T10:09:33","slug":"wd3200bbpvt-320gb-tvrdi-disk-za-prijenosno-racunalo-hdd-25-sata-testirano-100-ok-dijelovi-za-prijenosno-racunalo","status":"publish","type":"product","link":"https:\/\/boreait.com\/hr\/product\/wd3200bbpvt-320gb-tvrdi-disk-za-prijenosno-racunalo-hdd-25-sata-testirano-100-ok-dijelovi-za-prijenosno-racunalo\/","title":{"rendered":"WD3200BBPVT 320GB tvrdi disk za prijenosno ra\u010dunalo HDD 2,5&#8243; SATA testirano 100% OK &#8211; dijelovi za prijenosno ra\u010dunalo"},"content":{"rendered":"<p data-start=\"621\" data-end=\"945\">Tra\u017eite pouzdani zamjenski tvrdi disk za svoje prijenosno ra\u010dunalo? Ovaj <strong data-start=\"689\" data-end=\"724\">WD3200BBPVT 320GB SATA 2.5&#8243; HDD<\/strong> je dobar izbor i za nadogradnje i popravke. Kao dio na\u0161e pa\u017eljivo testirane kolekcije <strong data-start=\"806\" data-end=\"822\">dijelova za prijenosna ra\u010dunala<\/strong> na <strong data-start=\"837\" data-end=\"851\">siggmo.com<\/strong>, potvr\u0111eno je da je ovaj pogon <strong data-start=\"890\" data-end=\"905\">100% ispravan<\/strong> bez lo\u0161ih sektora ili problema s firmverom.<\/p>\n<p data-start=\"947\" data-end=\"1128\">Bilo da popravljate stari stroj ili vam je potrebna dodatna pohrana, ovaj pogon Western Digital nudi stabilne performanse i kompatibilnost s ve\u0107inom standardnih prijenosnih ra\u010dunala koja podr\u017eavaju SATA pogone.<\/p>\n<h4 data-start=\"1130\" data-end=\"1150\">\u2705 Klju\u010dne zna\u010dajke:<\/h4>\n<ul data-start=\"1151\" data-end=\"1422\">\n<li data-start=\"1151\" data-end=\"1175\">\n<p data-start=\"1153\" data-end=\"1175\">Model: <strong data-start=\"1160\" data-end=\"1175\">WD3200BBPVT<\/strong><\/p>\n<\/li>\n<li data-start=\"1176\" data-end=\"1197\">\n<p data-start=\"1178\" data-end=\"1197\">Kapacitet: <strong data-start=\"1188\" data-end=\"1197\">320 GB<\/strong><\/p>\n<\/li>\n<li data-start=\"1198\" data-end=\"1225\">\n<p data-start=\"1200\" data-end=\"1225\">Faktor oblika: <strong data-start=\"1213\" data-end=\"1225\">2,5 in\u010da<\/strong><\/p>\n<\/li>\n<li data-start=\"1226\" data-end=\"1247\">\n<p data-start=\"1228\" data-end=\"1247\">Su\u010delje: <strong data-start=\"1239\" data-end=\"1247\">SATA<\/strong><\/p>\n<\/li>\n<li data-start=\"1248\" data-end=\"1300\">\n<p data-start=\"1250\" data-end=\"1300\">Stanje: <strong data-start=\"1261\" data-end=\"1300\">Rabljeno, ali potpuno testirano \u2013 100% ispravno<\/strong><\/p>\n<\/li>\n<li data-start=\"1301\" data-end=\"1365\">\n<p data-start=\"1303\" data-end=\"1365\">Kompatibilnost: idealno za \u0161irok raspon prijenosnih i prijenosnih ra\u010dunala<\/p>\n<\/li>\n<li data-start=\"1366\" data-end=\"1422\">\n<p data-start=\"1368\" data-end=\"1422\">Fotografije: <strong data-start=\"1376\" data-end=\"1422\">Prave fotografije \u2013 ono \u0161to vidite to i dobijete<\/strong><\/p>\n<\/li>\n<\/ul>\n<p data-start=\"1424\" data-end=\"1653\">Napomena: Ovaj popis uklju\u010duje samo tvrdi disk. <strong data-start=\"1480\" data-end=\"1526\">Upute za instalaciju nisu uklju\u010dene<\/strong>, ali ako trebate pomo\u0107 ili imate pitanja o kompatibilnosti, slobodno nam <strong data-start=\"1607\" data-end=\"1630\">po\u0161aljite izravnu poruku<\/strong> \u2014 rado \u0107emo vam pomo\u0107i.<\/p>\n","protected":false},"excerpt":{"rendered":"<p>Pouzdan tvrdi disk WD prijenosnog ra\u010dunala od 320 GB (WD3200BBPVT), potpuno testiran sa 100% ispravno\u0161\u0107u. Idealno za popravke ili nadogradnje prijenosnih ra\u010dunala. Prave fotografije \u2013 dobivate to\u010dno ono \u0161to vidite.<\/p>\n","protected":false},"featured_media":28521,"template":"","meta":[],"product_brand":[],"product_cat":[84,66],"product_tag":[],"class_list":{"0":"post-28461","1":"product","2":"type-product","3":"status-publish","4":"has-post-thumbnail","6":"product_cat-2-5-hdd","7":"product_cat-ssd-hdd-drives","9":"first","10":"instock","11":"taxable","12":"shipping-taxable","13":"purchasable","14":"product-type-simple"},"_links":{"self":[{"href":"https:\/\/boreait.com\/hr\/wp-json\/wp\/v2\/product\/28461","targetHints":{"allow":["GET"]}}],"collection":[{"href":"https:\/\/boreait.com\/hr\/wp-json\/wp\/v2\/product"}],"about":[{"href":"https:\/\/boreait.com\/hr\/wp-json\/wp\/v2\/types\/product"}],"wp:featuredmedia":[{"embeddable":true,"href":"https:\/\/boreait.com\/hr\/wp-json\/wp\/v2\/media\/28521"}],"wp:attachment":[{"href":"https:\/\/boreait.com\/hr\/wp-json\/wp\/v2\/media?parent=28461"}],"wp:term":[{"taxonomy":"product_brand","embeddable":true,"href":"https:\/\/boreait.com\/hr\/wp-json\/wp\/v2\/product_brand?post=28461"},{"taxonomy":"product_cat","embeddable":true,"href":"https:\/\/boreait.com\/hr\/wp-json\/wp\/v2\/product_cat?post=28461"},{"taxonomy":"product_tag","embeddable":true,"href":"https:\/\/boreait.com\/hr\/wp-json\/wp\/v2\/product_tag?post=28461"}],"curies":[{"name":"wp","href":"https:\/\/api.w.org\/{rel}","templated":true}]}}