{"id":28456,"date":"2025-07-25T13:52:02","date_gmt":"2025-07-25T13:52:02","guid":{"rendered":"https:\/\/boreait.com\/hr\/?post_type=product&#038;p=28456"},"modified":"2025-07-25T13:53:27","modified_gmt":"2025-07-25T13:53:27","slug":"hp-probook-440-450-455-470-g2-ploca-s-gumbom-za-ukljucivanje-ls-b181p-nbx0001n200","status":"publish","type":"product","link":"https:\/\/boreait.com\/hr\/product\/hp-probook-440-450-455-470-g2-ploca-s-gumbom-za-ukljucivanje-ls-b181p-nbx0001n200\/","title":{"rendered":"HP ProBook 440 450 455 470 G2 plo\u010da s gumbom za uklju\u010divanje LS-B181P NBX0001N200"},"content":{"rendered":"<p data-start=\"678\" data-end=\"854\">Tra\u017eite originalne dijelove prijenosnog ra\u010dunala za vra\u0107anje HP ProBook-a? Ova originalna <strong data-start=\"753\" data-end=\"813\">plo\u010da prekida\u010da plo\u010de s gumbom za uklju\u010divanje (NBX0001N200 \/ LS-B181P)<\/strong> kompatibilna je sa sljede\u0107im modelima:<\/p>\n<ul data-start=\"856\" data-end=\"957\">\n<li data-start=\"856\" data-end=\"881\">\n<p data-start=\"858\" data-end=\"881\"><strong data-start=\"858\" data-end=\"879\">HP ProBook 440 G2<\/strong><\/p>\n<\/li>\n<li data-start=\"882\" data-end=\"907\">\n<p data-start=\"884\" data-end=\"907\"><strong data-start=\"884\" data-end=\"905\">HP ProBook 450 G2<\/strong><\/p>\n<\/li>\n<li data-start=\"908\" data-end=\"933\">\n<p data-start=\"910\" data-end=\"933\"><strong data-start=\"910\" data-end=\"931\">HP ProBook 455 G2<\/strong><\/p>\n<\/li>\n<li data-start=\"934\" data-end=\"957\">\n<p data-start=\"936\" data-end=\"957\"><strong data-start=\"936\" data-end=\"957\">HP ProBook 470 G2<\/strong><\/p>\n<\/li>\n<\/ul>\n<p data-start=\"959\" data-end=\"1189\">Ova plo\u010da uklju\u010duje <strong data-start=\"983\" data-end=\"997\">flat kabel<\/strong> i potpuno je testirana kako bi se osiguralo da savr\u0161eno radi. Bilo da je va\u0161a izvorna plo\u010da za napajanje otkazala ili prestala reagirati, ovo je idealna zamjena za ponovno uklju\u010divanje prijenosnog ra\u010dunala.<\/p>\n<p data-start=\"1191\" data-end=\"1223\">\u2705 <strong data-start=\"1193\" data-end=\"1221\">Za\u0161to kupovati na Siggmo.com?<\/strong><\/p>\n<ul data-start=\"1224\" data-end=\"1501\">\n<li data-start=\"1224\" data-end=\"1290\">\n<p data-start=\"1226\" data-end=\"1290\">Specijalizirani smo za <strong data-start=\"1243\" data-end=\"1259\">dijelove za prijenosna ra\u010dunala<\/strong> s brzom dostavom diljem svijeta<\/p>\n<\/li>\n<li data-start=\"1291\" data-end=\"1363\">\n<p data-start=\"1293\" data-end=\"1363\">Sve fotografije u ovom popisu odnose se na <strong data-start=\"1331\" data-end=\"1361\">stvarnu stavku koju \u0107ete dobiti<\/strong><\/p>\n<\/li>\n<li data-start=\"1364\" data-end=\"1456\">\n<p data-start=\"1366\" data-end=\"1456\">Ne uklju\u010dujemo upute za instalaciju, ali slobodno nam po\u0161aljite poruku ako trebate pomo\u0107<\/p>\n<\/li>\n<li data-start=\"1457\" data-end=\"1501\">\n<p data-start=\"1459\" data-end=\"1501\">Pa\u017eljivo zapakirano i otpremljeno s pra\u0107enjem<\/p>\n<\/li>\n<\/ul>\n<p data-start=\"1503\" data-end=\"1601\">Nadogradite ili popravite svoj HP ProBook s povjerenjem\u2014naru\u010dite danas svoju zamjensku plo\u010du s gumbom za uklju\u010divanje.<\/p>\n","protected":false},"excerpt":{"rendered":"<p>Plo\u010da s gumbom za uklju\u010divanje s kabelom za prijenosna ra\u010dunala HP ProBook 440, 450, 455 i 470 G2. Testirano i spremno za ugradnju. Prikazane fotografije stvarnih proizvoda.<\/p>\n","protected":false},"featured_media":28510,"template":"","meta":[],"product_brand":[],"product_cat":[62],"product_tag":[],"class_list":{"0":"post-28456","1":"product","2":"type-product","3":"status-publish","4":"has-post-thumbnail","6":"product_cat-motherboards-board-parts","8":"first","9":"instock","10":"taxable","11":"shipping-taxable","12":"purchasable","13":"product-type-simple"},"_links":{"self":[{"href":"https:\/\/boreait.com\/hr\/wp-json\/wp\/v2\/product\/28456","targetHints":{"allow":["GET"]}}],"collection":[{"href":"https:\/\/boreait.com\/hr\/wp-json\/wp\/v2\/product"}],"about":[{"href":"https:\/\/boreait.com\/hr\/wp-json\/wp\/v2\/types\/product"}],"wp:featuredmedia":[{"embeddable":true,"href":"https:\/\/boreait.com\/hr\/wp-json\/wp\/v2\/media\/28510"}],"wp:attachment":[{"href":"https:\/\/boreait.com\/hr\/wp-json\/wp\/v2\/media?parent=28456"}],"wp:term":[{"taxonomy":"product_brand","embeddable":true,"href":"https:\/\/boreait.com\/hr\/wp-json\/wp\/v2\/product_brand?post=28456"},{"taxonomy":"product_cat","embeddable":true,"href":"https:\/\/boreait.com\/hr\/wp-json\/wp\/v2\/product_cat?post=28456"},{"taxonomy":"product_tag","embeddable":true,"href":"https:\/\/boreait.com\/hr\/wp-json\/wp\/v2\/product_tag?post=28456"}],"curies":[{"name":"wp","href":"https:\/\/api.w.org\/{rel}","templated":true}]}}