{"id":28439,"date":"2025-07-25T13:51:39","date_gmt":"2025-07-25T13:51:39","guid":{"rendered":"https:\/\/boreait.com\/hr\/?post_type=product&#038;p=28439"},"modified":"2025-07-25T13:53:11","modified_gmt":"2025-07-25T13:53:11","slug":"konektorska-ploca-za-hp-probook-470-450-g2-ls-b186p-opticki-pogon-originalni-dio","status":"publish","type":"product","link":"https:\/\/boreait.com\/hr\/product\/konektorska-ploca-za-hp-probook-470-450-g2-ls-b186p-opticki-pogon-originalni-dio\/","title":{"rendered":"Konektorska plo\u010da za HP ProBook 470 450 G2 LS-B186P opti\u010dki pogon &#8211; originalni dio"},"content":{"rendered":"<p data-start=\"651\" data-end=\"917\">Ovo je <strong data-start=\"662\" data-end=\"713\">originalna LS-B186P konektorska plo\u010da opti\u010dkog pogona<\/strong>, potpuno kompatibilna s <strong data-start=\"737\" data-end=\"758\">HP ProBook 470 G2<\/strong> i <strong data-start=\"763\" data-end=\"773\">450 G2<\/strong> prijenosna ra\u010dunala. To je originalni <strong data-start=\"798\" data-end=\"825\">zamjenski dio prijenosnog ra\u010dunala<\/strong>, pa\u017eljivo uklonjen iz radne jedinice i pregledan kako bi se osiguralo da je u izvrsnom stanju.<\/p>\n<p data-start=\"919\" data-end=\"1216\">Ova plo\u010da povezuje va\u0161 opti\u010dki pogon s mati\u010dnom plo\u010dom i bitna je komponenta ako imate problema s DVD pogonom ili nadogradnjom unutarnjih dijelova va\u0161eg ProBook-a. Idealan za tehni\u010dare ili DIY korisnike koji obavljaju popravak, ovaj dio poma\u017ee va\u0161em prijenosnom ra\u010dunalu vratiti punu funkcionalnost.<\/p>\n<p data-start=\"1218\" data-end=\"1359\">\ud83d\udd27 Iako upute za instalaciju nisu prilo\u017eene, slobodno nam po\u0161aljite poruku ako trebate pomo\u0107 ili poja\u0161njenje prije ili nakon kupnje.<\/p>\n<p data-start=\"1361\" data-end=\"1467\">\ud83d\udcf8 <strong data-start=\"1364\" data-end=\"1430\">Fotografije u ovom popisu odnose se na stvarni dio koji \u0107ete dobiti<\/strong>, tako da to\u010dno znate \u0161to mo\u017eete o\u010dekivati.<\/p>\n<hr data-start=\"1469\" data-end=\"1472\" \/>\n<p data-start=\"1474\" data-end=\"1491\"><strong data-start=\"1474\" data-end=\"1491\">Klju\u010dne zna\u010dajke:<\/strong><\/p>\n<ul data-start=\"1492\" data-end=\"1705\">\n<li data-start=\"1492\" data-end=\"1534\">\n<p data-start=\"1494\" data-end=\"1534\">\u2714\ufe0f Originalni HP dio \u2013 Model <strong data-start=\"1522\" data-end=\"1534\">LS-B186P<\/strong><\/p>\n<\/li>\n<li data-start=\"1535\" data-end=\"1586\">\n<p data-start=\"1537\" data-end=\"1586\">\u2714\ufe0f Kompatibilan s <strong data-start=\"1556\" data-end=\"1586\">HP ProBook 470 G2 \/ 450 G2<\/strong><\/p>\n<\/li>\n<li data-start=\"1587\" data-end=\"1621\">\n<p data-start=\"1589\" data-end=\"1621\">\u2714\ufe0f Konektorska plo\u010da opti\u010dkog pogona<\/p>\n<\/li>\n<li data-start=\"1622\" data-end=\"1672\">\n<p data-start=\"1624\" data-end=\"1672\">\u2714\ufe0f Idealno za popravke prijenosnih ra\u010dunala i zamjenu dijelova<\/p>\n<\/li>\n<li data-start=\"1673\" data-end=\"1705\">\n<p data-start=\"1675\" data-end=\"1705\">\u2714\ufe0f Potpuno testiran i funkcionalan<\/p>\n<\/li>\n<\/ul>\n<p data-start=\"1707\" data-end=\"1830\">Ovaj artikl dio je na\u0161eg pouzdanog izbora <strong data-start=\"1753\" data-end=\"1777\">kvalitetnih dijelova za prijenosna ra\u010dunala<\/strong> na Siggmo.com, koji se isporu\u010duju diljem Europe i svijeta.<\/p>\n","protected":false},"excerpt":{"rendered":"<p data-start=\"454\" data-end=\"596\">Originalna LS-B186P konektorska plo\u010da opti\u010dkog pogona za HP ProBook 470 i 450 G2. 100% originalan i testiran\u2014idealan za popravak ili zamjenu prijenosnog ra\u010dunala.<\/p>\n","protected":false},"featured_media":28498,"template":"","meta":[],"product_brand":[],"product_cat":[62],"product_tag":[],"class_list":{"0":"post-28439","1":"product","2":"type-product","3":"status-publish","4":"has-post-thumbnail","6":"product_cat-motherboards-board-parts","8":"first","9":"instock","10":"taxable","11":"shipping-taxable","12":"purchasable","13":"product-type-simple"},"_links":{"self":[{"href":"https:\/\/boreait.com\/hr\/wp-json\/wp\/v2\/product\/28439","targetHints":{"allow":["GET"]}}],"collection":[{"href":"https:\/\/boreait.com\/hr\/wp-json\/wp\/v2\/product"}],"about":[{"href":"https:\/\/boreait.com\/hr\/wp-json\/wp\/v2\/types\/product"}],"wp:featuredmedia":[{"embeddable":true,"href":"https:\/\/boreait.com\/hr\/wp-json\/wp\/v2\/media\/28498"}],"wp:attachment":[{"href":"https:\/\/boreait.com\/hr\/wp-json\/wp\/v2\/media?parent=28439"}],"wp:term":[{"taxonomy":"product_brand","embeddable":true,"href":"https:\/\/boreait.com\/hr\/wp-json\/wp\/v2\/product_brand?post=28439"},{"taxonomy":"product_cat","embeddable":true,"href":"https:\/\/boreait.com\/hr\/wp-json\/wp\/v2\/product_cat?post=28439"},{"taxonomy":"product_tag","embeddable":true,"href":"https:\/\/boreait.com\/hr\/wp-json\/wp\/v2\/product_tag?post=28439"}],"curies":[{"name":"wp","href":"https:\/\/api.w.org\/{rel}","templated":true}]}}