{"id":28437,"date":"2025-07-25T13:51:39","date_gmt":"2025-07-25T13:51:39","guid":{"rendered":"https:\/\/boreait.com\/hr\/?post_type=product&#038;p=28437"},"modified":"2025-07-25T13:53:05","modified_gmt":"2025-07-25T13:53:05","slug":"hp-probook-470-475-g2-interni-dvd-rw-pogon-768475-001-dio-prijenosnog-racunala","status":"publish","type":"product","link":"https:\/\/boreait.com\/hr\/product\/hp-probook-470-475-g2-interni-dvd-rw-pogon-768475-001-dio-prijenosnog-racunala\/","title":{"rendered":"HP ProBook 470 475 G2 interni DVD-RW pogon 768475-001 | Dio prijenosnog ra\u010dunala"},"content":{"rendered":"<p data-start=\"477\" data-end=\"812\">Tra\u017eite pouzdani zamjenski DVD pogon za va\u0161 HP ProBook? Ovaj <strong data-start=\"548\" data-end=\"606\">originalni interni DVD-RW pogon (broj dijela 768475-001)<\/strong> kompatibilan je s <strong data-start=\"630\" data-end=\"677\">prijenosnim ra\u010dunalima serije HP ProBook 470 G2 i 475 G2<\/strong>. Savr\u0161ena za zamjenu o\u0161te\u0107enog ili nefunkcionalnog opti\u010dkog pogona, ova je jedinica u potpunosti testirana i jam\u010di da je u ispravnom stanju.<\/p>\n<p data-start=\"814\" data-end=\"1051\">Ovaj pogon vam omogu\u0107uje \u010ditanje i pisanje CD-ova i DVD-ova, \u0161to ga \u010dini korisnim za instalacije, sigurnosne kopije, reprodukciju medija i vi\u0161e. Bilo da ste tehni\u010dar, preprodava\u010d ili samo popravljate vlastiti ure\u0111aj, to je idealan <strong data-start=\"1027\" data-end=\"1042\">dio za prijenosno ra\u010dunalo<\/strong> za imati.<\/p>\n<ul data-start=\"1053\" data-end=\"1473\">\n<li data-start=\"1053\" data-end=\"1091\">\n<p data-start=\"1055\" data-end=\"1091\">\u2705 <strong data-start=\"1057\" data-end=\"1066\">Model<\/strong>: Interni DVD-RW pogon<\/p>\n<\/li>\n<li data-start=\"1092\" data-end=\"1125\">\n<p data-start=\"1094\" data-end=\"1125\">\u2705 <strong data-start=\"1096\" data-end=\"1111\">Broj dijela<\/strong>: 768475-001<\/p>\n<\/li>\n<li data-start=\"1126\" data-end=\"1177\">\n<p data-start=\"1128\" data-end=\"1177\">\u2705 <strong data-start=\"1130\" data-end=\"1147\">Kompatibilnost<\/strong>: HP ProBook 470 G2 \/ 475 G2<\/p>\n<\/li>\n<li data-start=\"1178\" data-end=\"1229\">\n<p data-start=\"1180\" data-end=\"1229\">\u2705 <strong data-start=\"1182\" data-end=\"1195\">Stanje<\/strong>: rabljeno, potpuno testirano i radi<\/p>\n<\/li>\n<li data-start=\"1230\" data-end=\"1308\">\n<p data-start=\"1232\" data-end=\"1308\">\u2705 <strong data-start=\"1234\" data-end=\"1244\">Fotografije<\/strong>: Fotografije koje vidite odnose se na <strong data-start=\"1276\" data-end=\"1291\">stvarnu stavku<\/strong> koju \u0107ete dobiti<\/p>\n<\/li>\n<li data-start=\"1309\" data-end=\"1377\">\n<p data-start=\"1311\" data-end=\"1377\">\u2705 <strong data-start=\"1313\" data-end=\"1335\">Dostava diljem svijeta<\/strong>: Dostava iz Europe, isporu\u010dujemo diljem svijeta<\/p>\n<\/li>\n<li data-start=\"1378\" data-end=\"1473\">\n<p data-start=\"1380\" data-end=\"1473\">\ud83d\udee0 <strong data-start=\"1383\" data-end=\"1391\">Napomena<\/strong>: upute za instalaciju nisu prilo\u017eene, ali slobodno nam po\u0161aljite poruku za pomo\u0107<\/p>\n<\/li>\n<\/ul>\n<p data-start=\"1475\" data-end=\"1627\">Ovo je visokokvalitetni, originalni HP <strong data-start=\"1510\" data-end=\"1525\">dio za prijenosno ra\u010dunalo<\/strong> koji osigurava dugoro\u010dne performanse. Ako trebate pouzdanu zamjenu bez iznena\u0111enja, to je to.<\/p>\n","protected":false},"excerpt":{"rendered":"<p>Originalni HP interni DVD-RW pogon za ProBook 470 i 475 G2. Testiran i potpuno ispravan. Idealan dio za laptop za zamjenu ili popravku.<\/p>\n","protected":false},"featured_media":28496,"template":"","meta":[],"product_brand":[],"product_cat":[62],"product_tag":[],"class_list":{"0":"post-28437","1":"product","2":"type-product","3":"status-publish","4":"has-post-thumbnail","6":"product_cat-motherboards-board-parts","8":"first","9":"instock","10":"taxable","11":"shipping-taxable","12":"purchasable","13":"product-type-simple"},"_links":{"self":[{"href":"https:\/\/boreait.com\/hr\/wp-json\/wp\/v2\/product\/28437","targetHints":{"allow":["GET"]}}],"collection":[{"href":"https:\/\/boreait.com\/hr\/wp-json\/wp\/v2\/product"}],"about":[{"href":"https:\/\/boreait.com\/hr\/wp-json\/wp\/v2\/types\/product"}],"wp:featuredmedia":[{"embeddable":true,"href":"https:\/\/boreait.com\/hr\/wp-json\/wp\/v2\/media\/28496"}],"wp:attachment":[{"href":"https:\/\/boreait.com\/hr\/wp-json\/wp\/v2\/media?parent=28437"}],"wp:term":[{"taxonomy":"product_brand","embeddable":true,"href":"https:\/\/boreait.com\/hr\/wp-json\/wp\/v2\/product_brand?post=28437"},{"taxonomy":"product_cat","embeddable":true,"href":"https:\/\/boreait.com\/hr\/wp-json\/wp\/v2\/product_cat?post=28437"},{"taxonomy":"product_tag","embeddable":true,"href":"https:\/\/boreait.com\/hr\/wp-json\/wp\/v2\/product_tag?post=28437"}],"curies":[{"name":"wp","href":"https:\/\/api.w.org\/{rel}","templated":true}]}}