{"id":28436,"date":"2025-07-25T13:51:39","date_gmt":"2025-07-25T13:51:39","guid":{"rendered":"https:\/\/boreait.com\/hr\/?post_type=product&#038;p=28436"},"modified":"2025-07-25T13:53:01","modified_gmt":"2025-07-25T13:53:01","slug":"ploca-citaca-kartica-hp-probook-470-475-g2-ls-b184p-originalni-dio-za-prijenosno-racunalo","status":"publish","type":"product","link":"https:\/\/boreait.com\/hr\/product\/ploca-citaca-kartica-hp-probook-470-475-g2-ls-b184p-originalni-dio-za-prijenosno-racunalo\/","title":{"rendered":"Plo\u010da \u010dita\u010da kartica HP ProBook 470 475 G2 LS-B184P \u2013 originalni dio za prijenosno ra\u010dunalo"},"content":{"rendered":"<p data-start=\"652\" data-end=\"1010\">Nadogradite ili popravite svoje prijenosno ra\u010dunalo HP ProBook 470 ili 475 G2 ovom <strong data-start=\"717\" data-end=\"755\">originalnom plo\u010dom \u010dita\u010da kartica LS-B184P<\/strong>. Ovo je <strong data-start=\"768\" data-end=\"792\">originalni dio prijenosnog ra\u010dunala<\/strong> pa\u017eljivo uklonjen i testiran kako bi se osigurala puna funkcionalnost. Bez obzira na to je li va\u0161 trenutni \u010dita\u010d kartica otkazao ili gradite jedinicu od rezervnih dijelova, ova \u0107e plo\u010da vratiti pouzdanu funkcionalnost SD kartice na va\u0161 ure\u0111aj.<\/p>\n<p data-start=\"1012\" data-end=\"1287\">Ova plo\u010da \u010dita\u010da kartica kompatibilna je posebno s <strong data-start=\"1067\" data-end=\"1106\">modelima HP ProBook 470 G2 i 475 G2<\/strong> i ozna\u010dena je brojem dijela <strong data-start=\"1144\" data-end=\"1156\">LS-B184P<\/strong>. Idealan za stru\u010dnjake za popravak prijenosnih ra\u010dunala i ljubitelje \u201euradi sam\u201c, pru\u017ea isplativo rje\u0161enje bez kompromisa u kvaliteti.<\/p>\n<p data-start=\"1289\" data-end=\"1525\">\u2714\ufe0f Kompatibilno s HP ProBook 470 G2 \/ 475 G2<br data-start=\"1334\" data-end=\"1337\" \/>\u2714\ufe0f Broj dijela: LS-B184P<br data-start=\"1361\" data-end=\"1364\" \/>\u2714\ufe0f Potpuno testiran, 100% funkcionalan<br data-start=\"1396\" data-end=\"1399\" \/>\u2714\ufe0f Stvarne fotografije proizvoda \u2013 ono \u0161to vidite to \u0107ete i dobiti<br data-start=\"1455\" data-end=\"1458\" \/>\u2714\ufe0f Dostupna dostava diljem svijeta<br data-start=\"1489\" data-end=\"1492\" \/>\u2714\ufe0f Trebate li pomo\u0107? Po\u0161aljite nam poruku bilo kada!<\/p>\n<p data-start=\"1527\" data-end=\"1658\">Bilo da mijenjate o\u0161te\u0107eni \u010dita\u010d ili tra\u017eite dijelove za popravak, ovaj <strong data-start=\"1609\" data-end=\"1624\">dio za prijenosno ra\u010dunalo<\/strong> je pouzdan i originalan izbor.<\/p>\n","protected":false},"excerpt":{"rendered":"<p>Originalna plo\u010da \u010dita\u010da kartica LS-B184P za prijenosna ra\u010dunala HP ProBook 470\/475 G2. Testirano i spremno za ugradnju.<\/p>\n","protected":false},"featured_media":28495,"template":"","meta":[],"product_brand":[],"product_cat":[62],"product_tag":[],"class_list":{"0":"post-28436","1":"product","2":"type-product","3":"status-publish","4":"has-post-thumbnail","6":"product_cat-motherboards-board-parts","8":"first","9":"instock","10":"taxable","11":"shipping-taxable","12":"purchasable","13":"product-type-simple"},"_links":{"self":[{"href":"https:\/\/boreait.com\/hr\/wp-json\/wp\/v2\/product\/28436","targetHints":{"allow":["GET"]}}],"collection":[{"href":"https:\/\/boreait.com\/hr\/wp-json\/wp\/v2\/product"}],"about":[{"href":"https:\/\/boreait.com\/hr\/wp-json\/wp\/v2\/types\/product"}],"wp:featuredmedia":[{"embeddable":true,"href":"https:\/\/boreait.com\/hr\/wp-json\/wp\/v2\/media\/28495"}],"wp:attachment":[{"href":"https:\/\/boreait.com\/hr\/wp-json\/wp\/v2\/media?parent=28436"}],"wp:term":[{"taxonomy":"product_brand","embeddable":true,"href":"https:\/\/boreait.com\/hr\/wp-json\/wp\/v2\/product_brand?post=28436"},{"taxonomy":"product_cat","embeddable":true,"href":"https:\/\/boreait.com\/hr\/wp-json\/wp\/v2\/product_cat?post=28436"},{"taxonomy":"product_tag","embeddable":true,"href":"https:\/\/boreait.com\/hr\/wp-json\/wp\/v2\/product_tag?post=28436"}],"curies":[{"name":"wp","href":"https:\/\/api.w.org\/{rel}","templated":true}]}}