{"id":28406,"date":"2025-07-25T13:50:45","date_gmt":"2025-07-25T13:50:45","guid":{"rendered":"https:\/\/boreait.com\/hr\/?post_type=product&#038;p=28406"},"modified":"2025-07-25T13:51:59","modified_gmt":"2025-07-25T13:51:59","slug":"jedna-tipka-tipkovnice-za-dell-xps-13-inspiron-13-15-nordijski-raspored-pozadinsko-osvjetljenje-dijelovi-prijenosnog-racunala","status":"publish","type":"product","link":"https:\/\/boreait.com\/hr\/product\/jedna-tipka-tipkovnice-za-dell-xps-13-inspiron-13-15-nordijski-raspored-pozadinsko-osvjetljenje-dijelovi-prijenosnog-racunala\/","title":{"rendered":"Jedna tipka tipkovnice za Dell XPS 13 Inspiron 13 15 | Nordijski raspored | Pozadinsko osvjetljenje | Dijelovi prijenosnog ra\u010dunala"},"content":{"rendered":"<p class=\"\" data-start=\"507\" data-end=\"801\">Vratite svoju tipkovnicu u potpunu funkcionalnost pomo\u0107u ovog <strong data-start=\"561\" data-end=\"587\">jednog zamjenskog klju\u010da<\/strong> dizajniranog za <strong data-start=\"601\" data-end=\"616\">Dell XPS 13<\/strong> i <strong data-start=\"621\" data-end=\"641\">prijenosna ra\u010dunala Inspiron 13 \/ 15<\/strong>. Ova tipka je tipkovnica s <strong data-start=\"670\" data-end=\"687\">nordijskim rasporedom<\/strong> i uklju\u010duje <strong data-start=\"710\" data-end=\"731\">podr\u0161ku za pozadinsko osvjetljenje<\/strong>, savr\u0161enu za korisnike koji trebaju to\u010dno podudaranje i u obliku i u funkciji.<\/p>\n<p class=\"\" data-start=\"803\" data-end=\"957\">Ovaj popis je za <strong data-start=\"823\" data-end=\"845\">jednu pojedina\u010dnu tipku<\/strong> \u2013 idealno ako ste izgubili, o\u0161tetili ili istro\u0161ili odre\u0111enu tipku umjesto da morate zamijeniti cijelu tipkovnicu.<\/p>\n<h3 class=\"\" data-start=\"959\" data-end=\"982\">\ud83d\udd27 Pojedinosti o proizvodu:<\/h3>\n<ul data-start=\"983\" data-end=\"1373\">\n<li class=\"\" data-start=\"983\" data-end=\"1067\">\n<p class=\"\" data-start=\"985\" data-end=\"1067\">\u2705 Kompatibilni modeli: Dell XPS 13, Inspiron 13, Inspiron 15 (to\u010dni modeli mogu varirati)<\/p>\n<\/li>\n<li class=\"\" data-start=\"1068\" data-end=\"1135\">\n<p class=\"\" data-start=\"1070\" data-end=\"1135\">\u2705 Raspored: Nordijski (uklju\u010duje posebne znakove kao \u0161to su \u00c6, \u00d8, \u00c5, itd.)<\/p>\n<\/li>\n<li class=\"\" data-start=\"1136\" data-end=\"1152\">\n<p class=\"\" data-start=\"1138\" data-end=\"1152\">\u2705 Pozadinsko osvjetljenje: Da<\/p>\n<\/li>\n<li class=\"\" data-start=\"1153\" data-end=\"1226\">\n<p class=\"\" data-start=\"1155\" data-end=\"1226\">\u2705 Stanje: nje\u017eno uklonjeno, testirano iu izvrsnom radnom stanju<\/p>\n<\/li>\n<li class=\"\" data-start=\"1227\" data-end=\"1312\">\n<p class=\"\" data-start=\"1229\" data-end=\"1312\">\u2705 \u0160to dobivate: to\u010dno ono \u0161to je prikazano na fotografijama \u2013 stvarne slike stvarnog dijela<\/p>\n<\/li>\n<li class=\"\" data-start=\"1313\" data-end=\"1373\">\n<p class=\"\" data-start=\"1315\" data-end=\"1373\">\u2705 Idealno za: popravke prijenosnih ra\u010dunala i zamjenu dijelova tipkovnice<\/p>\n<\/li>\n<\/ul>\n<p class=\"\" data-start=\"1375\" data-end=\"1546\">\ud83d\udca1 <strong data-start=\"1378\" data-end=\"1387\">Napomena:<\/strong> Ne dajemo upute za instalaciju, ali ako vam je potrebna pomo\u0107 pri identificiranju klju\u010da ili imate pitanja, slobodno nam po\u0161aljite poruku \u2013 rado \u0107emo vam pomo\u0107i.<\/p>\n","protected":false},"excerpt":{"rendered":"<p>Zamijenite svoj slomljeni klju\u010d ili klju\u010d koji nedostaje ovim originalnim nordijskim klju\u010dem s pozadinskim osvjetljenjem za prijenosna ra\u010dunala Dell XPS i Inspiron. Prave fotografije \u2013 ono \u0161to vidite to i dobijete.<\/p>\n","protected":false},"featured_media":28452,"template":"","meta":[],"product_brand":[],"product_cat":[59],"product_tag":[52],"class_list":{"0":"post-28406","1":"product","2":"type-product","3":"status-publish","4":"has-post-thumbnail","6":"product_cat-individual-keyboard-keys","7":"product_tag-dell","9":"first","10":"instock","11":"taxable","12":"shipping-taxable","13":"purchasable","14":"product-type-simple"},"_links":{"self":[{"href":"https:\/\/boreait.com\/hr\/wp-json\/wp\/v2\/product\/28406","targetHints":{"allow":["GET"]}}],"collection":[{"href":"https:\/\/boreait.com\/hr\/wp-json\/wp\/v2\/product"}],"about":[{"href":"https:\/\/boreait.com\/hr\/wp-json\/wp\/v2\/types\/product"}],"wp:featuredmedia":[{"embeddable":true,"href":"https:\/\/boreait.com\/hr\/wp-json\/wp\/v2\/media\/28452"}],"wp:attachment":[{"href":"https:\/\/boreait.com\/hr\/wp-json\/wp\/v2\/media?parent=28406"}],"wp:term":[{"taxonomy":"product_brand","embeddable":true,"href":"https:\/\/boreait.com\/hr\/wp-json\/wp\/v2\/product_brand?post=28406"},{"taxonomy":"product_cat","embeddable":true,"href":"https:\/\/boreait.com\/hr\/wp-json\/wp\/v2\/product_cat?post=28406"},{"taxonomy":"product_tag","embeddable":true,"href":"https:\/\/boreait.com\/hr\/wp-json\/wp\/v2\/product_tag?post=28406"}],"curies":[{"name":"wp","href":"https:\/\/api.w.org\/{rel}","templated":true}]}}