{"id":28397,"date":"2025-07-25T13:50:22","date_gmt":"2025-07-25T13:50:22","guid":{"rendered":"https:\/\/boreait.com\/hr\/?post_type=product&#038;p=28397"},"modified":"2025-07-25T13:51:53","modified_gmt":"2025-07-25T13:51:53","slug":"lenovo-ideapad-3-15iil05-poklopac-zaslona-s-kamerom-i-lcd-kabelom-dijelovi-prijenosnog-racunala","status":"publish","type":"product","link":"https:\/\/boreait.com\/hr\/product\/lenovo-ideapad-3-15iil05-poklopac-zaslona-s-kamerom-i-lcd-kabelom-dijelovi-prijenosnog-racunala\/","title":{"rendered":"Lenovo IdeaPad 3 15IIL05 Poklopac zaslona s kamerom i LCD kabelom &#8211; dijelovi prijenosnog ra\u010dunala"},"content":{"rendered":"<p class=\"\" data-start=\"578\" data-end=\"888\">Nadogradite svoje prijenosno ra\u010dunalo ovim originalnim <strong data-start=\"617\" data-end=\"658\">Lenovo IdeaPad 3 15IIL05 (Model 81WE)<\/strong> poklopcem zaslona, zajedno s ugra\u0111enom web kamerom i prethodno spojenim LCD video kabelom. Idealan za zamjenu napuknutog ili o\u0161te\u0107enog gornjeg poklopca, ovaj je dio savr\u0161en za o\u017eivljavanje va\u0161eg ure\u0111aja bez kupnje potpuno novog prijenosnog ra\u010dunala.<\/p>\n<p class=\"\" data-start=\"890\" data-end=\"1052\">Ovo je originalni dio prijenosnog ra\u010dunala Lenovo dobiven s ispravnog ure\u0111aja. Sve <strong data-start=\"962\" data-end=\"997\">fotografije u ovom popisu su stvarne<\/strong>, tako da to\u010dno znate \u0161to dobivate &#8211; bez iznena\u0111enja!<\/p>\n<p class=\"\" data-start=\"1054\" data-end=\"1074\"><strong data-start=\"1054\" data-end=\"1074\">Pojedinosti o proizvodu:<\/strong><\/p>\n<ul data-start=\"1075\" data-end=\"1350\">\n<li class=\"\" data-start=\"1075\" data-end=\"1128\">\n<p class=\"\" data-start=\"1077\" data-end=\"1128\">\u2705 Kompatibilan model: Lenovo IdeaPad 3 15IIL05 (81WE)<\/p>\n<\/li>\n<li class=\"\" data-start=\"1129\" data-end=\"1185\">\n<p class=\"\" data-start=\"1131\" data-end=\"1185\">\u2705 Vrsta dijela: gornji poklopac LCD zaslona \/ stra\u017enji poklopac zaslona<\/p>\n<\/li>\n<li class=\"\" data-start=\"1186\" data-end=\"1242\">\n<p class=\"\" data-start=\"1188\" data-end=\"1242\">\u2705 Uklju\u010duje: ugra\u0111enu web kameru (kameru) + LCD videokabel<\/p>\n<\/li>\n<li class=\"\" data-start=\"1243\" data-end=\"1291\">\n<p class=\"\" data-start=\"1245\" data-end=\"1291\">\u2705 Stanje: rabljeno, testirano i potpuno funkcionalno<\/p>\n<\/li>\n<li class=\"\" data-start=\"1292\" data-end=\"1350\">\n<p class=\"\" data-start=\"1294\" data-end=\"1350\">\u2705 Regija: Idealno za korisnike prijenosnih ra\u010dunala u Europi i svijetu<\/p>\n<\/li>\n<\/ul>\n<p class=\"\" data-start=\"1352\" data-end=\"1594\">Ovo je izvrsna zamjenska opcija za radionice za popravak, DIY majstore ili preprodava\u010de koji se bave <strong data-start=\"1437\" data-end=\"1453\">dijelovima za prijenosna ra\u010dunala<\/strong>. Iako ne nudimo vodi\u010de za instalaciju, slobodno nam po\u0161aljite poruku ako vam je potrebna pomo\u0107 u prepoznavanju kompatibilnosti ili imate bilo kakva druga pitanja.<\/p>\n","protected":false},"excerpt":{"rendered":"<p>Originalna maska za ekran za Lenovo IdeaPad 3 15IIL05 (81WE) sa ugra\u0111enom kamerom i LCD video kablom. Stvarne fotografije proizvoda\u2014ono \u0161to vidite to i dobivate!<\/p>\n","protected":false},"featured_media":28450,"template":"","meta":[],"product_brand":[],"product_cat":[51],"product_tag":[61],"class_list":{"0":"post-28397","1":"product","2":"type-product","3":"status-publish","4":"has-post-thumbnail","6":"product_cat-laptop-housing","7":"product_tag-lenovo","9":"first","10":"instock","11":"taxable","12":"shipping-taxable","13":"purchasable","14":"product-type-simple"},"_links":{"self":[{"href":"https:\/\/boreait.com\/hr\/wp-json\/wp\/v2\/product\/28397","targetHints":{"allow":["GET"]}}],"collection":[{"href":"https:\/\/boreait.com\/hr\/wp-json\/wp\/v2\/product"}],"about":[{"href":"https:\/\/boreait.com\/hr\/wp-json\/wp\/v2\/types\/product"}],"wp:featuredmedia":[{"embeddable":true,"href":"https:\/\/boreait.com\/hr\/wp-json\/wp\/v2\/media\/28450"}],"wp:attachment":[{"href":"https:\/\/boreait.com\/hr\/wp-json\/wp\/v2\/media?parent=28397"}],"wp:term":[{"taxonomy":"product_brand","embeddable":true,"href":"https:\/\/boreait.com\/hr\/wp-json\/wp\/v2\/product_brand?post=28397"},{"taxonomy":"product_cat","embeddable":true,"href":"https:\/\/boreait.com\/hr\/wp-json\/wp\/v2\/product_cat?post=28397"},{"taxonomy":"product_tag","embeddable":true,"href":"https:\/\/boreait.com\/hr\/wp-json\/wp\/v2\/product_tag?post=28397"}],"curies":[{"name":"wp","href":"https:\/\/api.w.org\/{rel}","templated":true}]}}