{"id":28370,"date":"2025-07-25T13:49:36","date_gmt":"2025-07-25T13:49:36","guid":{"rendered":"https:\/\/boreait.com\/hr\/?post_type=product&#038;p=28370"},"modified":"2025-07-25T13:51:30","modified_gmt":"2025-07-25T13:51:30","slug":"prikljucak-za-punjenje-dc-power-jack-zamjena-kabela-za-dell-latitude-14-rugged-e7214-dijelove-prijenosnog-racunala","status":"publish","type":"product","link":"https:\/\/boreait.com\/hr\/product\/prikljucak-za-punjenje-dc-power-jack-zamjena-kabela-za-dell-latitude-14-rugged-e7214-dijelove-prijenosnog-racunala\/","title":{"rendered":"Priklju\u010dak za punjenje DC Power Jack Zamjena kabela za Dell Latitude 14 Rugged E7214 dijelove prijenosnog ra\u010dunala"},"content":{"rendered":"<p class=\"\" data-start=\"615\" data-end=\"872\">Ne puni li se va\u0161e prijenosno ra\u010dunalo Dell Latitude 14 Rugged E7214 ispravno? Problem bi mogao biti neispravan DC priklju\u010dak. Ovaj <strong data-start=\"731\" data-end=\"780\">zamjenski kabel za uti\u010dnicu istosmjerne struje za priklju\u010dak za punjenje<\/strong> savr\u0161eno je rje\u0161enje za ponovno uspostavljanje priklju\u010dka napajanja prijenosnog ra\u010dunala i produljenje njegovog \u017eivotnog vijeka.<\/p>\n<p class=\"\" data-start=\"874\" data-end=\"1177\">Dizajniran posebno za <strong data-start=\"904\" data-end=\"937\">Dell Latitude 14 Rugged E7214<\/strong>, ovaj se zamjenski dio lako postavlja, osiguravaju\u0107i besprijekorno iskustvo i za profesionalce u popravcima i za entuzijaste &#8220;uradi sam&#8221;. Visokokvalitetna izrada jam\u010di dugotrajnu vezu, omogu\u0107uju\u0107i vam punjenje prijenosnog ra\u010dunala bez prekida.<\/p>\n<p class=\"\" data-start=\"1179\" data-end=\"1196\"><strong data-start=\"1179\" data-end=\"1196\">Klju\u010dne zna\u010dajke:<\/strong><\/p>\n<ul data-start=\"1197\" data-end=\"1630\">\n<li class=\"\" data-start=\"1197\" data-end=\"1288\">\n<p class=\"\" data-start=\"1199\" data-end=\"1288\"><strong data-start=\"1199\" data-end=\"1217\">Kompatibilnost:<\/strong> Savr\u0161eno dizajnirano za model prijenosnog ra\u010dunala Dell Latitude 14 Rugged E7214.<\/p>\n<\/li>\n<li class=\"\" data-start=\"1289\" data-end=\"1378\">\n<p class=\"\" data-start=\"1291\" data-end=\"1378\"><strong data-start=\"1291\" data-end=\"1320\">Zamjena visoke kvalitete:<\/strong> Izdr\u017eljiva konstrukcija za dugotrajnu strujnu vezu.<\/p>\n<\/li>\n<li class=\"\" data-start=\"1379\" data-end=\"1517\">\n<p class=\"\" data-start=\"1381\" data-end=\"1517\"><strong data-start=\"1381\" data-end=\"1403\">Jednostavna instalacija:<\/strong> Zamjena uti\u010dnice je jednostavna, ali ako vam je potrebna pomo\u0107, slobodno se obratite\u2014ovdje sam da vam pomognem!<\/p>\n<\/li>\n<li class=\"\" data-start=\"1518\" data-end=\"1630\">\n<p class=\"\" data-start=\"1520\" data-end=\"1630\"><strong data-start=\"1520\" data-end=\"1536\">Prave fotografije:<\/strong> Fotografije u popisu prikazuju stvarni proizvod, tako da to\u010dno znate \u0161to \u0107ete dobiti.<\/p>\n<\/li>\n<\/ul>\n<p class=\"\" data-start=\"1632\" data-end=\"1783\"><strong data-start=\"1632\" data-end=\"1641\">Napomena:<\/strong> Nema uputa za zamjenu, ali stojim na raspolaganju za sva pitanja ili dodatnu podr\u0161ku koja vam mo\u017ee zatrebati tijekom instalacije.<\/p>\n<p class=\"\" data-start=\"1785\" data-end=\"2053\">Bez obzira jeste li tehni\u010dar ili vlasnik prijenosnog ra\u010dunala kojemu je potreban brzi popravak, ova <strong data-start=\"1857\" data-end=\"1885\">zamjena dijelova prijenosnog ra\u010dunala<\/strong> omogu\u0107it \u0107e va\u0161em Dell Latitude 14 Rugged E7214 da radi u trenu. Ne dopustite da vas pokvareni priklju\u010dak za punjenje uspori\u2014naru\u010dite danas za pouzdano i pristupa\u010dno rje\u0161enje!<\/p>\n","protected":false},"excerpt":{"rendered":"<p>Zamijenite svoj o\u0161te\u0107eni ili neispravan priklju\u010dak za punjenje ovim visokokvalitetnim DC kabelom za napajanje, posebno dizajniranim za Dell Latitude 14 Rugged E7214. Ovaj zamjenski dio osigurava da se va\u0161e prijenosno ra\u010dunalo vrati u punu funkcionalnost, pru\u017eaju\u0107i pouzdanu strujnu vezu za va\u0161 ure\u0111aj. Originalan, izdr\u017eljiv i jednostavan za instalaciju, dolazi sa stvarnim fotografijama stvarnog proizvoda koji \u0107ete dobiti.<\/p>\n","protected":false},"featured_media":28431,"template":"","meta":[],"product_brand":[],"product_cat":[55],"product_tag":[52],"class_list":{"0":"post-28370","1":"product","2":"type-product","3":"status-publish","4":"has-post-thumbnail","6":"product_cat-cables","7":"product_tag-dell","9":"first","10":"instock","11":"taxable","12":"shipping-taxable","13":"purchasable","14":"product-type-simple"},"_links":{"self":[{"href":"https:\/\/boreait.com\/hr\/wp-json\/wp\/v2\/product\/28370","targetHints":{"allow":["GET"]}}],"collection":[{"href":"https:\/\/boreait.com\/hr\/wp-json\/wp\/v2\/product"}],"about":[{"href":"https:\/\/boreait.com\/hr\/wp-json\/wp\/v2\/types\/product"}],"wp:featuredmedia":[{"embeddable":true,"href":"https:\/\/boreait.com\/hr\/wp-json\/wp\/v2\/media\/28431"}],"wp:attachment":[{"href":"https:\/\/boreait.com\/hr\/wp-json\/wp\/v2\/media?parent=28370"}],"wp:term":[{"taxonomy":"product_brand","embeddable":true,"href":"https:\/\/boreait.com\/hr\/wp-json\/wp\/v2\/product_brand?post=28370"},{"taxonomy":"product_cat","embeddable":true,"href":"https:\/\/boreait.com\/hr\/wp-json\/wp\/v2\/product_cat?post=28370"},{"taxonomy":"product_tag","embeddable":true,"href":"https:\/\/boreait.com\/hr\/wp-json\/wp\/v2\/product_tag?post=28370"}],"curies":[{"name":"wp","href":"https:\/\/api.w.org\/{rel}","templated":true}]}}