{"id":28356,"date":"2025-07-25T13:49:11","date_gmt":"2025-07-25T13:49:11","guid":{"rendered":"https:\/\/boreait.com\/hr\/?post_type=product&#038;p=28356"},"modified":"2025-07-25T13:50:58","modified_gmt":"2025-07-25T13:50:58","slug":"dell-latitude-rugged-e7214-corner-rubber-originalni-dio-prijenosnog-racunala-u-eu-zalihama-5","status":"publish","type":"product","link":"https:\/\/boreait.com\/hr\/product\/dell-latitude-rugged-e7214-corner-rubber-originalni-dio-prijenosnog-racunala-u-eu-zalihama-5\/","title":{"rendered":"DELL Latitude Rugged E7214 Corner Rubber | Originalni dio prijenosnog ra\u010dunala u EU zalihama"},"content":{"rendered":"<p>Vratite izdr\u017eljivost i za\u0161titu svom robusnom prijenosnom ra\u010dunalu s ovom originalnom kutnom gumom za DELL Latitude Rugged E7214. Ovo je originalni dio prijenosnog ra\u010dunala, skinut sa stvarne jedinice DELL E7214 i idealan je za zamjenu istro\u0161enih ili nedostaju\u0107ih gumenih \u0161titnika za kutove.<\/p>\n<p>Ova zamjena, posebno dizajnirana za Latitude Rugged E7214, osigurava \u010dvrsto pristajanje i odr\u017eava \u010dvrsti integritet va\u0161eg ure\u0111aja. Bilo da popravljate ili obnavljate, ova kutna guma poma\u017ee u sprje\u010davanju fizi\u010dkog o\u0161te\u0107enja apsorbiraju\u0107i udarce i pobolj\u0161avaju\u0107i prianjanje.<\/p>\n<p>\u2705 Stanje proizvoda: rabljeno, testirano iu izvrsnom stanju<\/p>\n<p>\u2705 Kompatibilnost: samo DELL Latitude Rugged E7214<\/p>\n<p>\u2705 Originalni dio: Izravno preuzet iz radne jedinice \u2013 nema naknadnih zamjena<\/p>\n<p>\u2705 \u0160to dobivate: stvarni dio prikazan na fotografijama popisa \u2013 bez iznena\u0111enja<\/p>\n<p>\u2705 Nema vodi\u010da za instalaciju: Ako trebate pomo\u0107, slobodno nam po\u0161aljite poruku<\/p>\n<p>\u2705 Dostava iz Europe: brza dostava diljem Europe &amp; diljem svijeta<\/p>\n<p>Sve fotografije su stvarnog artikla &#8211; ono \u0161to vidite to \u0107ete i dobiti.<\/p>\n<p>Ovaj popis je dio na\u0161e \u0161iroke ponude dijelova za prijenosna ra\u010dunala, dostupnih za ljubitelje tehnologije, radionice za popravak i DIY korisnike. Istra\u017eite pouzdanije komponente na siggmo.com, va\u0161em pouzdanom izvoru kvalitetnih zamjenskih dijelova za prijenosna ra\u010dunala.<\/p>\n","protected":false},"excerpt":{"rendered":"<p>Originalna kutna guma za DELL Latitude Rugged E7214. Originalni rabljeni dio u izvrsnom stanju. Savr\u0161eno za zamjenu o\u0161te\u0107ene gume ili gume koja nedostaje na va\u0161em robusnom prijenosnom ra\u010dunalu.<\/p>\n","protected":false},"featured_media":28415,"template":"","meta":[],"product_brand":[],"product_cat":[51],"product_tag":[52],"class_list":{"0":"post-28356","1":"product","2":"type-product","3":"status-publish","4":"has-post-thumbnail","6":"product_cat-laptop-housing","7":"product_tag-dell","9":"first","10":"instock","11":"taxable","12":"shipping-taxable","13":"purchasable","14":"product-type-simple"},"_links":{"self":[{"href":"https:\/\/boreait.com\/hr\/wp-json\/wp\/v2\/product\/28356","targetHints":{"allow":["GET"]}}],"collection":[{"href":"https:\/\/boreait.com\/hr\/wp-json\/wp\/v2\/product"}],"about":[{"href":"https:\/\/boreait.com\/hr\/wp-json\/wp\/v2\/types\/product"}],"wp:featuredmedia":[{"embeddable":true,"href":"https:\/\/boreait.com\/hr\/wp-json\/wp\/v2\/media\/28415"}],"wp:attachment":[{"href":"https:\/\/boreait.com\/hr\/wp-json\/wp\/v2\/media?parent=28356"}],"wp:term":[{"taxonomy":"product_brand","embeddable":true,"href":"https:\/\/boreait.com\/hr\/wp-json\/wp\/v2\/product_brand?post=28356"},{"taxonomy":"product_cat","embeddable":true,"href":"https:\/\/boreait.com\/hr\/wp-json\/wp\/v2\/product_cat?post=28356"},{"taxonomy":"product_tag","embeddable":true,"href":"https:\/\/boreait.com\/hr\/wp-json\/wp\/v2\/product_tag?post=28356"}],"curies":[{"name":"wp","href":"https:\/\/api.w.org\/{rel}","templated":true}]}}