{"id":28352,"date":"2025-07-25T13:49:11","date_gmt":"2025-07-25T13:49:11","guid":{"rendered":"https:\/\/boreait.com\/hr\/?post_type=product&#038;p=28352"},"modified":"2025-07-25T13:50:42","modified_gmt":"2025-07-25T13:50:42","slug":"dell-latitude-rugged-e7214-corner-rubber-originalni-dio-prijenosnog-racunala-eu-stock","status":"publish","type":"product","link":"https:\/\/boreait.com\/hr\/product\/dell-latitude-rugged-e7214-corner-rubber-originalni-dio-prijenosnog-racunala-eu-stock\/","title":{"rendered":"DELL Latitude Rugged E7214 Corner Rubber Originalni dio prijenosnog ra\u010dunala EU Stock"},"content":{"rendered":"<p class=\"\" data-start=\"696\" data-end=\"972\">Vratite izdr\u017eljivost i za\u0161titu svom robusnom prijenosnom ra\u010dunalu s ovom <strong data-start=\"766\" data-end=\"823\">originalnom kutnom gumom za DELL Latitude Rugged E7214<\/strong>. Ovo je <strong data-start=\"835\" data-end=\"858\">originalni dio za prijenosno ra\u010dunalo<\/strong>, skinut sa stvarne DELL E7214 jedinice i idealan je za zamjenu istro\u0161enih ili nedostaju\u0107ih gumenih \u0161titnika za uglove.<\/p>\n<p class=\"\" data-start=\"974\" data-end=\"1247\">Dizajniran posebno za <strong data-start=\"1004\" data-end=\"1029\">Latitude Rugged E7214<\/strong>, ova zamjena osigurava \u010dvrsto pristajanje i odr\u017eava \u010dvrsti integritet va\u0161eg ure\u0111aja. Bilo da popravljate ili obnavljate, ova kutna guma poma\u017ee u sprje\u010davanju fizi\u010dkog o\u0161te\u0107enja apsorbiraju\u0107i udarce i pobolj\u0161avaju\u0107i prianjanje.<\/p>\n<p class=\"\" data-start=\"1249\" data-end=\"1677\">\u2705 <strong data-start=\"1251\" data-end=\"1272\">Stanje proizvoda<\/strong>: Kori\u0161ten, testiran i u izvrsnom stanju<br data-start=\"1314\" data-end=\"1317\" \/>\u2705 <strong data-start=\"1319\" data-end=\"1336\">Kompatibilnost<\/strong>: samo DELL Latitude Rugged E7214<br data-start=\"1369\" data-end=\"1372\" \/>\u2705 <strong data-start=\"1374\" data-end=\"1390\">Originalni dio<\/strong>: Izravno preuzeto iz radne jedinice \u2013 nema naknadnih zamjena<br data-start=\"1456\" data-end=\"1459\" \/>\u2705 <strong data-start=\"1461\" data-end=\"1477\">\u0160to dobivate<\/strong>: stvarni dio prikazan na fotografijama popisa \u2013 nema iznena\u0111enja<br data-start=\"1537\" data-end=\"1540\" \/>\u2705 <strong data-start=\"1542\" data-end=\"1567\">Nema vodi\u010da za instalaciju<\/strong>: Ako trebate pomo\u0107, slobodno nam po\u0161aljite poruku<br data-start=\"1610\" data-end=\"1613\" \/>\u2705 <strong data-start=\"1615\" data-end=\"1636\">Dostava iz Europe<\/strong>: Brza dostava diljem Europe &amp; \u0161irom svijeta<\/p>\n<p class=\"\" data-start=\"1679\" data-end=\"1755\">Sve <strong data-start=\"1683\" data-end=\"1716\">fotografije su stvarnog artikla<\/strong> \u2013 ono \u0161to vidite to \u0107ete i dobiti.<\/p>\n<p class=\"\" data-start=\"1757\" data-end=\"2005\">Ovaj popis je dio na\u0161e \u0161iroke ponude <strong data-start=\"1799\" data-end=\"1815\">dijelova za prijenosna ra\u010dunala<\/strong>, dostupnih za entuzijaste tehnologije, radionice za popravak i DIY korisnike. Istra\u017eite pouzdanije komponente na <a class=\"\" href=\"https:\/\/siggmo.com\" target=\"_new\" rel=\"noopener\" data-start=\"1914\" data-end=\"1946\">siggmo.com<\/a>, va\u0161em pouzdanom izvoru kvalitetnih zamjenskih dijelova za prijenosna ra\u010dunala.<\/p>\n","protected":false},"excerpt":{"rendered":"<p>Originalna kutna guma za DELL Latitude Rugged E7214. Originalni rabljeni dio u izvrsnom stanju. Savr\u0161eno za zamjenu o\u0161te\u0107ene gume ili gume koja nedostaje na va\u0161em robusnom prijenosnom ra\u010dunalu.<\/p>\n","protected":false},"featured_media":28405,"template":"","meta":[],"product_brand":[],"product_cat":[51],"product_tag":[52],"class_list":{"0":"post-28352","1":"product","2":"type-product","3":"status-publish","4":"has-post-thumbnail","6":"product_cat-laptop-housing","7":"product_tag-dell","9":"first","10":"instock","11":"taxable","12":"shipping-taxable","13":"purchasable","14":"product-type-simple"},"_links":{"self":[{"href":"https:\/\/boreait.com\/hr\/wp-json\/wp\/v2\/product\/28352","targetHints":{"allow":["GET"]}}],"collection":[{"href":"https:\/\/boreait.com\/hr\/wp-json\/wp\/v2\/product"}],"about":[{"href":"https:\/\/boreait.com\/hr\/wp-json\/wp\/v2\/types\/product"}],"wp:featuredmedia":[{"embeddable":true,"href":"https:\/\/boreait.com\/hr\/wp-json\/wp\/v2\/media\/28405"}],"wp:attachment":[{"href":"https:\/\/boreait.com\/hr\/wp-json\/wp\/v2\/media?parent=28352"}],"wp:term":[{"taxonomy":"product_brand","embeddable":true,"href":"https:\/\/boreait.com\/hr\/wp-json\/wp\/v2\/product_brand?post=28352"},{"taxonomy":"product_cat","embeddable":true,"href":"https:\/\/boreait.com\/hr\/wp-json\/wp\/v2\/product_cat?post=28352"},{"taxonomy":"product_tag","embeddable":true,"href":"https:\/\/boreait.com\/hr\/wp-json\/wp\/v2\/product_tag?post=28352"}],"curies":[{"name":"wp","href":"https:\/\/api.w.org\/{rel}","templated":true}]}}