{"id":28348,"date":"2025-07-25T13:49:10","date_gmt":"2025-07-25T13:49:10","guid":{"rendered":"https:\/\/boreait.com\/hr\/?post_type=product&#038;p=28348"},"modified":"2025-07-25T13:50:30","modified_gmt":"2025-07-25T13:50:30","slug":"oem-poklopac-za-dell-latitude-12-rugged-extreme-7204-originalni-dio-prijenosnog-racunala","status":"publish","type":"product","link":"https:\/\/boreait.com\/hr\/product\/oem-poklopac-za-dell-latitude-12-rugged-extreme-7204-originalni-dio-prijenosnog-racunala\/","title":{"rendered":"OEM poklopac za Dell Latitude 12 Rugged Extreme 7204 \u2013 originalni dio prijenosnog ra\u010dunala"},"content":{"rendered":"<p class=\"\" data-start=\"523\" data-end=\"797\">Tra\u017eite pouzdanu zamjenu za svoj Dell Latitude 12 Rugged Extreme 7204? Ovaj <strong data-start=\"610\" data-end=\"623\">OEM poklopac<\/strong> je <strong data-start=\"629\" data-end=\"657\">originalni dio prijenosnog ra\u010dunala Dell<\/strong> \u2014 a ne reprodukcija tre\u0107e strane. Dobiven iz radne jedinice, savr\u0161en je za popravke, zamjene ili obnavljanje robusnih prijenosnih ra\u010dunala Dell.<\/p>\n<p class=\"\" data-start=\"799\" data-end=\"1070\">Ova je maska dizajnirana posebno za <strong data-start=\"844\" data-end=\"884\">Dell Latitude 12 Rugged Extreme 7204<\/strong>, osiguravaju\u0107i 100% kompatibilnost i sigurno pristajanje. Izra\u0111en da zadovolji Dellove standarde izdr\u017eljivosti, ovaj je dio idealan za svakoga tko treba vratiti svoje robusno prijenosno ra\u010dunalo u izvorno stanje.<\/p>\n<p class=\"\" data-start=\"1072\" data-end=\"1171\">\ud83d\udcf7 <strong data-start=\"1075\" data-end=\"1107\">Ono \u0161to vidite to i dobivate<\/strong> \u2013 uklju\u010dili smo stvarne fotografije stvarnog artikla koji \u0107ete dobiti.<\/p>\n<p class=\"\" data-start=\"1173\" data-end=\"1287\">\ud83d\udcac Trebate li pomo\u0107 da utvrdite je li ovo pravi dio za va\u0161e prijenosno ra\u010dunalo? Samo nam po\u0161aljite poruku. Rado \u0107emo pomo\u0107i.<\/p>\n<hr class=\"\" data-start=\"1289\" data-end=\"1292\" \/>\n<h3 class=\"\" data-start=\"1294\" data-end=\"1317\">\u2705 <strong data-start=\"1300\" data-end=\"1317\">Klju\u010dne zna\u010dajke:<\/strong><\/h3>\n<ul data-start=\"1318\" data-end=\"1566\">\n<li class=\"\" data-start=\"1318\" data-end=\"1349\">\n<p class=\"\" data-start=\"1320\" data-end=\"1349\">\u2714\ufe0f <strong data-start=\"1323\" data-end=\"1349\">Originalni Dell OEM poklopac<\/strong><\/p>\n<\/li>\n<li class=\"\" data-start=\"1350\" data-end=\"1400\">\n<p class=\"\" data-start=\"1352\" data-end=\"1400\">\u2714\ufe0f Odgovara <strong data-start=\"1360\" data-end=\"1400\">Dell Latitude 12 Rugged Extreme 7204<\/strong><\/p>\n<\/li>\n<li class=\"\" data-start=\"1401\" data-end=\"1442\">\n<p class=\"\" data-start=\"1403\" data-end=\"1442\">\u2714\ufe0f Idealno za zamjenu ili popravak dijelova<\/p>\n<\/li>\n<li class=\"\" data-start=\"1443\" data-end=\"1495\">\n<p class=\"\" data-start=\"1445\" data-end=\"1495\">\u2714\ufe0f Pa\u017eljivo pregledano, izvu\u010deno iz radne jedinice<\/p>\n<\/li>\n<li class=\"\" data-start=\"1496\" data-end=\"1535\">\n<p class=\"\" data-start=\"1498\" data-end=\"1535\">\u2714\ufe0f Fotografije stvarnih artikala \u2013 nema slika iz skladi\u0161ta<\/p>\n<\/li>\n<li class=\"\" data-start=\"1536\" data-end=\"1566\">\n<p class=\"\" data-start=\"1538\" data-end=\"1566\">\u2714\ufe0f Brza dostava iz Europe<\/p>\n<\/li>\n<\/ul>\n","protected":false},"excerpt":{"rendered":"<p>Originalni poklopac Dell Latitude 12 7204 Rugged Extreme. Originalni OEM dio u izvrsnom stanju. Idealno za zamjenu ili popravak.<\/p>\n","protected":false},"featured_media":28400,"template":"","meta":[],"product_brand":[],"product_cat":[51],"product_tag":[52],"class_list":{"0":"post-28348","1":"product","2":"type-product","3":"status-publish","4":"has-post-thumbnail","6":"product_cat-laptop-housing","7":"product_tag-dell","9":"first","10":"instock","11":"taxable","12":"shipping-taxable","13":"purchasable","14":"product-type-simple"},"_links":{"self":[{"href":"https:\/\/boreait.com\/hr\/wp-json\/wp\/v2\/product\/28348","targetHints":{"allow":["GET"]}}],"collection":[{"href":"https:\/\/boreait.com\/hr\/wp-json\/wp\/v2\/product"}],"about":[{"href":"https:\/\/boreait.com\/hr\/wp-json\/wp\/v2\/types\/product"}],"wp:featuredmedia":[{"embeddable":true,"href":"https:\/\/boreait.com\/hr\/wp-json\/wp\/v2\/media\/28400"}],"wp:attachment":[{"href":"https:\/\/boreait.com\/hr\/wp-json\/wp\/v2\/media?parent=28348"}],"wp:term":[{"taxonomy":"product_brand","embeddable":true,"href":"https:\/\/boreait.com\/hr\/wp-json\/wp\/v2\/product_brand?post=28348"},{"taxonomy":"product_cat","embeddable":true,"href":"https:\/\/boreait.com\/hr\/wp-json\/wp\/v2\/product_cat?post=28348"},{"taxonomy":"product_tag","embeddable":true,"href":"https:\/\/boreait.com\/hr\/wp-json\/wp\/v2\/product_tag?post=28348"}],"curies":[{"name":"wp","href":"https:\/\/api.w.org\/{rel}","templated":true}]}}