{"id":28336,"date":"2025-07-25T13:48:45","date_gmt":"2025-07-25T13:48:45","guid":{"rendered":"https:\/\/boreait.com\/hr\/?post_type=product&#038;p=28336"},"modified":"2025-07-25T13:50:20","modified_gmt":"2025-07-25T13:50:20","slug":"oem-dell-latitude-12-7214-7204-usb-sd-ploca-hua01-fv8g4-w-kabel-dijelovi-za-prijenosna-racunala","status":"publish","type":"product","link":"https:\/\/boreait.com\/hr\/product\/oem-dell-latitude-12-7214-7204-usb-sd-ploca-hua01-fv8g4-w-kabel-dijelovi-za-prijenosna-racunala\/","title":{"rendered":"OEM Dell Latitude 12 7214 7204 USB SD plo\u010da HUA01 FV8G4 w kabel \u2013 dijelovi za prijenosna ra\u010dunala"},"content":{"rendered":"<p class=\"\" data-start=\"528\" data-end=\"996\">Ovo je <strong data-start=\"563\" data-end=\"597\">OEM Dell USB\/SD sklop plo\u010de<\/strong>, broj dijela <strong data-start=\"611\" data-end=\"628\">HUA01 \/ FV8G4<\/strong>, zajedno s originalnim spojnim kabelom. Potpuno je kompatibilan s <strong data-start=\"702\" data-end=\"758\">Dell Latitude 12 Rugged Extreme modelima 7214 i 7204<\/strong>, dizajniranim za vra\u0107anje ili zamjenu postoje\u0107ih funkcija USB-a i SD kartice. Ovaj originalni zamjenski dio idealan je za tehni\u010dare, popravlja\u010de ili bilo koga tko treba pouzdanu plo\u010du kako bi njihovo robusno Dell prijenosno ra\u010dunalo radilo kako se o\u010dekuje.<\/p>\n<p class=\"\" data-start=\"998\" data-end=\"1015\"><strong data-start=\"998\" data-end=\"1015\">Klju\u010dne zna\u010dajke:<\/strong><\/p>\n<ul data-start=\"1016\" data-end=\"1420\">\n<li class=\"\" data-start=\"1016\" data-end=\"1071\">\n<p class=\"\" data-start=\"1018\" data-end=\"1071\">\u2705 <strong data-start=\"1020\" data-end=\"1042\">Originalni Dell dio<\/strong>, a ne replika tre\u0107e strane<\/p>\n<\/li>\n<li class=\"\" data-start=\"1072\" data-end=\"1143\">\n<p class=\"\" data-start=\"1074\" data-end=\"1143\">\u2705 Kompatibilan s <strong data-start=\"1092\" data-end=\"1141\">Dell Latitude 12 7214 i 7204 Rugged Extreme<\/strong><\/p>\n<\/li>\n<li class=\"\" data-start=\"1144\" data-end=\"1198\">\n<p class=\"\" data-start=\"1146\" data-end=\"1198\">\u2705 Uklju\u010duje <strong data-start=\"1161\" data-end=\"1196\">sklop USB\/SD plo\u010de i kabel<\/strong><\/p>\n<\/li>\n<li class=\"\" data-start=\"1199\" data-end=\"1239\">\n<p class=\"\" data-start=\"1201\" data-end=\"1239\">\u2705 Brojevi dijelova: <strong data-start=\"1217\" data-end=\"1226\">HUA01<\/strong>, <strong data-start=\"1228\" data-end=\"1237\">FV8G4<\/strong><\/p>\n<\/li>\n<li class=\"\" data-start=\"1240\" data-end=\"1300\">\n<p class=\"\" data-start=\"1242\" data-end=\"1300\">\u2705 Profesionalno uklonjeno, testirano i zajam\u010deno radi<\/p>\n<\/li>\n<li class=\"\" data-start=\"1301\" data-end=\"1357\">\n<p class=\"\" data-start=\"1303\" data-end=\"1357\">\u2705 <strong data-start=\"1305\" data-end=\"1355\">Fotografije su stvarnog artikla koji \u0107ete dobiti<\/strong><\/p>\n<\/li>\n<li class=\"\" data-start=\"1358\" data-end=\"1420\">\n<p class=\"\" data-start=\"1360\" data-end=\"1420\">\u2705 Idealno za popravak prijenosnog ra\u010dunala, obnavljanje ili zamjenu dijelova<\/p>\n<\/li>\n<\/ul>\n<p class=\"\" data-start=\"1422\" data-end=\"1580\"><strong data-start=\"1422\" data-end=\"1431\">Napomena:<\/strong><br data-start=\"1431\" data-end=\"1434\" \/>upute za instalaciju nisu uklju\u010dene, ali ako trebate pomo\u0107 ili imate pitanja, slobodno <strong data-start=\"1535\" data-end=\"1549\">\u0161aljite nam poruku<\/strong> \u2013 uvijek smo tu da vam pomognemo!<\/p>\n<p class=\"\" data-start=\"1582\" data-end=\"1874\"><strong data-start=\"1582\" data-end=\"1606\">Za\u0161to kupovati od Siggma?<\/strong><br data-start=\"1606\" data-end=\"1609\" \/>Specijalizirani smo za <strong data-start=\"1626\" data-end=\"1642\">dijelove za prijenosna ra\u010dunala<\/strong>, dostava diljem svijeta iz Europe. Svaki artikl je pa\u017eljivo pregledan, fotografiran i pakiran kako bismo bili sigurni da \u0107ete dobiti to\u010dno ono \u0161to vidite. Bilo da nadogra\u0111ujete, popravljate ili ponovno gradite &#8211; imamo dijelove da to u\u010dinimo kako treba.<\/p>\n","protected":false},"excerpt":{"rendered":"<p class=\"\" data-start=\"298\" data-end=\"465\">Originalna Dell USB\/SD plo\u010da (HUA01 \/ FV8G4) s kabelom, kompatibilna s Latitude 12 7214\/7204 Rugged Extreme. Testirano i spremno za ugradnju. Uklju\u010dene su prave fotografije predmeta.<\/p>\n","protected":false},"featured_media":28391,"template":"","meta":[],"product_brand":[],"product_cat":[62],"product_tag":[52],"class_list":{"0":"post-28336","1":"product","2":"type-product","3":"status-publish","4":"has-post-thumbnail","6":"product_cat-motherboards-board-parts","7":"product_tag-dell","9":"first","10":"instock","11":"taxable","12":"shipping-taxable","13":"purchasable","14":"product-type-simple"},"_links":{"self":[{"href":"https:\/\/boreait.com\/hr\/wp-json\/wp\/v2\/product\/28336","targetHints":{"allow":["GET"]}}],"collection":[{"href":"https:\/\/boreait.com\/hr\/wp-json\/wp\/v2\/product"}],"about":[{"href":"https:\/\/boreait.com\/hr\/wp-json\/wp\/v2\/types\/product"}],"wp:featuredmedia":[{"embeddable":true,"href":"https:\/\/boreait.com\/hr\/wp-json\/wp\/v2\/media\/28391"}],"wp:attachment":[{"href":"https:\/\/boreait.com\/hr\/wp-json\/wp\/v2\/media?parent=28336"}],"wp:term":[{"taxonomy":"product_brand","embeddable":true,"href":"https:\/\/boreait.com\/hr\/wp-json\/wp\/v2\/product_brand?post=28336"},{"taxonomy":"product_cat","embeddable":true,"href":"https:\/\/boreait.com\/hr\/wp-json\/wp\/v2\/product_cat?post=28336"},{"taxonomy":"product_tag","embeddable":true,"href":"https:\/\/boreait.com\/hr\/wp-json\/wp\/v2\/product_tag?post=28336"}],"curies":[{"name":"wp","href":"https:\/\/api.w.org\/{rel}","templated":true}]}}