{"id":28321,"date":"2025-07-25T13:48:21","date_gmt":"2025-07-25T13:48:21","guid":{"rendered":"https:\/\/boreait.com\/hr\/?post_type=product&#038;p=28321"},"modified":"2025-07-25T13:49:54","modified_gmt":"2025-07-25T13:49:54","slug":"dell-latitude-7214-7204-rugged-m-2-ssd-tvrdi-disk-caddy-originalni-dio-za-prijenosno-racunalo","status":"publish","type":"product","link":"https:\/\/boreait.com\/hr\/product\/dell-latitude-7214-7204-rugged-m-2-ssd-tvrdi-disk-caddy-originalni-dio-za-prijenosno-racunalo\/","title":{"rendered":"DELL Latitude 7214 7204 Rugged M.2 SSD tvrdi disk Caddy \u2013 originalni dio za prijenosno ra\u010dunalo"},"content":{"rendered":"<p class=\"\" data-start=\"514\" data-end=\"801\">Nadogradite ili zamijenite pohranu svog prijenosnog ra\u010dunala Dell Rugged ovim <strong data-start=\"577\" data-end=\"619\">originalnim DELL M.2 SSD tvrdim diskom Caddy<\/strong>, kompatibilnim s <strong data-start=\"637\" data-end=\"677\">Latitude 7214 i 7204 Robusna serija<\/strong>. Ovo je <strong data-start=\"689\" data-end=\"712\">originalni dio prijenosnog ra\u010dunala<\/strong>, pa\u017eljivo uklonjen, testiran i fotografiran kako biste bili sigurni da \u0107ete dobiti to\u010dno ono \u0161to vidite.<\/p>\n<p class=\"\" data-start=\"803\" data-end=\"1112\">Idealan za korisnike koji \u017eele instalirati ili zamijeniti <strong data-start=\"852\" data-end=\"869\">M.2 SSD pogon<\/strong> u svoje robusno Dell prijenosno ra\u010dunalo, ovaj nosa\u010d osigurava sigurno i udobno pristajanje za optimalnu izvedbu. Bez obzira odr\u017eavate li flotu robusnih prijenosnih ra\u010dunala ili jednostavno vra\u0107ate jedno u punu funkcionalnost, ovaj nosa\u010d tvrdog diska pouzdano je rje\u0161enje.<\/p>\n<p class=\"\" data-start=\"1114\" data-end=\"1420\">Specijalizirani smo za <strong data-start=\"1131\" data-end=\"1147\">dijelove za prijenosna ra\u010dunala<\/strong> i isporu\u010dujemo diljem Europe i svijeta. Ovaj popis uklju\u010duje <strong data-start=\"1211\" data-end=\"1234\">stvarne fotografije proizvoda<\/strong>, a ne slike iz skladi\u0161ta\u2014tako da to\u010dno znate \u0161to dobivate. Imajte na umu: <strong data-start=\"1307\" data-end=\"1352\">nisu pru\u017eene upute za instalaciju<\/strong>, ali rado \u0107emo vam pomo\u0107i ako vam je potrebna pomo\u0107\u2014samo nam po\u0161aljite poruku.<\/p>\n<hr class=\"\" data-start=\"1422\" data-end=\"1425\" \/>\n<p class=\"\" data-start=\"1427\" data-end=\"1446\"><strong data-start=\"1427\" data-end=\"1446\">\u2714 Klju\u010dne zna\u010dajke:<\/strong><\/p>\n<ul data-start=\"1447\" data-end=\"1694\">\n<li class=\"\" data-start=\"1447\" data-end=\"1485\">\n<p class=\"\" data-start=\"1449\" data-end=\"1485\">Originalni Dell dio \u2013 ne naknadno<\/p>\n<\/li>\n<li class=\"\" data-start=\"1486\" data-end=\"1546\">\n<p class=\"\" data-start=\"1488\" data-end=\"1546\">Kompatibilan s Dell Latitude <strong data-start=\"1518\" data-end=\"1526\">7214<\/strong> i <strong data-start=\"1531\" data-end=\"1546\">7204 Rugged<\/strong><\/p>\n<\/li>\n<li class=\"\" data-start=\"1547\" data-end=\"1582\">\n<p class=\"\" data-start=\"1549\" data-end=\"1582\">Podr\u017eava <strong data-start=\"1558\" data-end=\"1582\">M.2 SSD instalaciju<\/strong><\/p>\n<\/li>\n<li class=\"\" data-start=\"1583\" data-end=\"1618\">\n<p class=\"\" data-start=\"1585\" data-end=\"1618\">Profesionalno rukovano i testirano<\/p>\n<\/li>\n<li class=\"\" data-start=\"1619\" data-end=\"1646\">\n<p class=\"\" data-start=\"1621\" data-end=\"1646\">Uklju\u010dene su fotografije stvarnih predmeta<\/p>\n<\/li>\n<li class=\"\" data-start=\"1647\" data-end=\"1694\">\n<p class=\"\" data-start=\"1649\" data-end=\"1694\">\u0160alje iz Europe \u2013 dostupna je globalna dostava<\/p>\n<\/li>\n<\/ul>\n","protected":false},"excerpt":{"rendered":"<p class=\"\" data-start=\"280\" data-end=\"442\">Originalni Dell M.2 SSD nosa\u010d tvrdog diska za prijenosna ra\u010dunala Latitude 7214 i 7204 Rugged. Savr\u0161eno odgovara, ispitano i spremno za kori\u0161tenje. Prave fotografije \u2013 ono \u0161to vidite to i dobijete.<\/p>\n","protected":false},"featured_media":28376,"template":"","meta":[],"product_brand":[],"product_cat":[51],"product_tag":[52],"class_list":{"0":"post-28321","1":"product","2":"type-product","3":"status-publish","4":"has-post-thumbnail","6":"product_cat-laptop-housing","7":"product_tag-dell","9":"first","10":"instock","11":"taxable","12":"shipping-taxable","13":"purchasable","14":"product-type-simple"},"_links":{"self":[{"href":"https:\/\/boreait.com\/hr\/wp-json\/wp\/v2\/product\/28321","targetHints":{"allow":["GET"]}}],"collection":[{"href":"https:\/\/boreait.com\/hr\/wp-json\/wp\/v2\/product"}],"about":[{"href":"https:\/\/boreait.com\/hr\/wp-json\/wp\/v2\/types\/product"}],"wp:featuredmedia":[{"embeddable":true,"href":"https:\/\/boreait.com\/hr\/wp-json\/wp\/v2\/media\/28376"}],"wp:attachment":[{"href":"https:\/\/boreait.com\/hr\/wp-json\/wp\/v2\/media?parent=28321"}],"wp:term":[{"taxonomy":"product_brand","embeddable":true,"href":"https:\/\/boreait.com\/hr\/wp-json\/wp\/v2\/product_brand?post=28321"},{"taxonomy":"product_cat","embeddable":true,"href":"https:\/\/boreait.com\/hr\/wp-json\/wp\/v2\/product_cat?post=28321"},{"taxonomy":"product_tag","embeddable":true,"href":"https:\/\/boreait.com\/hr\/wp-json\/wp\/v2\/product_tag?post=28321"}],"curies":[{"name":"wp","href":"https:\/\/api.w.org\/{rel}","templated":true}]}}