{"id":28308,"date":"2025-07-25T13:47:58","date_gmt":"2025-07-25T13:47:58","guid":{"rendered":"https:\/\/boreait.com\/hr\/?post_type=product&#038;p=28308"},"modified":"2025-07-25T13:49:31","modified_gmt":"2025-07-25T13:49:31","slug":"dell-latitude-rugged-e7204-kutna-guma-originalni-dio-prijenosnog-racunala","status":"publish","type":"product","link":"https:\/\/boreait.com\/hr\/product\/dell-latitude-rugged-e7204-kutna-guma-originalni-dio-prijenosnog-racunala\/","title":{"rendered":"DELL Latitude Rugged E7204 kutna guma \u2013 originalni dio prijenosnog ra\u010dunala"},"content":{"rendered":"<p class=\"\" data-start=\"604\" data-end=\"892\">Vratite izvornu za\u0161titu i robustan dizajn svog DELL Latitude Rugged E7204 s ovom originalnom <strong data-start=\"707\" data-end=\"736\">zamjenskom kutnom gumom<\/strong>. Ovaj mali, ali vitalni <strong data-start=\"759\" data-end=\"774\">dio za prijenosno ra\u010dunalo<\/strong> poma\u017ee odr\u017eati va\u0161 ure\u0111aj otpornim na udarce i netaknutim tijekom te\u0161ke upotrebe, posebno dizajniran za zahtjevna okru\u017eenja.<\/p>\n<p class=\"\" data-start=\"894\" data-end=\"1171\">Ovo je <strong data-start=\"904\" data-end=\"936\">prava, originalna kutna guma<\/strong> izvu\u010dena iz radne jedinice \u2013 ne replika. Savr\u0161eno za zamjenu istro\u0161ene, o\u0161te\u0107ene ili nedostaju\u0107e kutne za\u0161tite.<br data-start=\"1047\" data-end=\"1050\" \/>Bilo da popravljate svoje prijenosno ra\u010dunalo ili ga jednostavno \u017eelite ponovno u\u010diniti potpunim, ova zamjena \u0107e savr\u0161eno pristajati.<\/p>\n<p class=\"\" data-start=\"1173\" data-end=\"1198\">\ud83d\udce6 <strong data-start=\"1176\" data-end=\"1196\">\u0160to je uklju\u010deno:<\/strong><\/p>\n<ul data-start=\"1199\" data-end=\"1382\">\n<li class=\"\" data-start=\"1199\" data-end=\"1250\">\n<p class=\"\" data-start=\"1201\" data-end=\"1250\">1x kutna guma za DELL Latitude Rugged E7204<\/p>\n<\/li>\n<li class=\"\" data-start=\"1251\" data-end=\"1293\">\n<p class=\"\" data-start=\"1253\" data-end=\"1293\">Stanje: Kori\u0161teno u izvrsnom stanju<\/p>\n<\/li>\n<li class=\"\" data-start=\"1294\" data-end=\"1382\">\n<p class=\"\" data-start=\"1296\" data-end=\"1382\">Fotografije u popisu su <strong data-start=\"1322\" data-end=\"1337\">prave fotografije<\/strong> artikla koji \u0107ete dobiti \u2013 bez iznena\u0111enja.<\/p>\n<\/li>\n<\/ul>\n<p class=\"\" data-start=\"1384\" data-end=\"1510\">\ud83d\udccc <strong data-start=\"1387\" data-end=\"1396\">Napomena:<\/strong> Ovaj popis ne uklju\u010duje upute za instalaciju. Ako trebate pomo\u0107, slobodno nam se obratite u bilo kojem trenutku.<\/p>\n<p class=\"\" data-start=\"1512\" data-end=\"1679\">\ud83d\udca1 Ovo je jedan od mnogih <strong data-start=\"1535\" data-end=\"1551\">dijelova za prijenosna ra\u010dunala<\/strong> koje nudimo za DELL i druge marke. \u0160aljemo iz Europe, ali klijentima slu\u017eimo <strong data-start=\"1632\" data-end=\"1645\">cijelim svijetom<\/strong> s pra\u0107enom i sigurnom dostavom.<\/p>\n","protected":false},"excerpt":{"rendered":"<p>Originalna kutna guma za DELL Latitude Rugged E7204. Savr\u0161ena zamjena za va\u0161e robusno prijenosno ra\u010dunalo. Prave fotografije \u2013 ono \u0161to vidite to i dobijete!<\/p>\n","protected":false},"featured_media":28363,"template":"","meta":[],"product_brand":[],"product_cat":[51],"product_tag":[52],"class_list":{"0":"post-28308","1":"product","2":"type-product","3":"status-publish","4":"has-post-thumbnail","6":"product_cat-laptop-housing","7":"product_tag-dell","9":"first","10":"instock","11":"taxable","12":"shipping-taxable","13":"purchasable","14":"product-type-simple"},"_links":{"self":[{"href":"https:\/\/boreait.com\/hr\/wp-json\/wp\/v2\/product\/28308","targetHints":{"allow":["GET"]}}],"collection":[{"href":"https:\/\/boreait.com\/hr\/wp-json\/wp\/v2\/product"}],"about":[{"href":"https:\/\/boreait.com\/hr\/wp-json\/wp\/v2\/types\/product"}],"wp:featuredmedia":[{"embeddable":true,"href":"https:\/\/boreait.com\/hr\/wp-json\/wp\/v2\/media\/28363"}],"wp:attachment":[{"href":"https:\/\/boreait.com\/hr\/wp-json\/wp\/v2\/media?parent=28308"}],"wp:term":[{"taxonomy":"product_brand","embeddable":true,"href":"https:\/\/boreait.com\/hr\/wp-json\/wp\/v2\/product_brand?post=28308"},{"taxonomy":"product_cat","embeddable":true,"href":"https:\/\/boreait.com\/hr\/wp-json\/wp\/v2\/product_cat?post=28308"},{"taxonomy":"product_tag","embeddable":true,"href":"https:\/\/boreait.com\/hr\/wp-json\/wp\/v2\/product_tag?post=28308"}],"curies":[{"name":"wp","href":"https:\/\/api.w.org\/{rel}","templated":true}]}}