{"id":28299,"date":"2025-07-25T13:47:36","date_gmt":"2025-07-25T13:47:36","guid":{"rendered":"https:\/\/boreait.com\/hr\/?post_type=product&#038;p=28299"},"modified":"2025-07-25T13:49:25","modified_gmt":"2025-07-25T13:49:25","slug":"dell-latitude-e7204-kutna-guma-originalni-robusni-dio-prijenosnog-racunala-eu-stock","status":"publish","type":"product","link":"https:\/\/boreait.com\/hr\/product\/dell-latitude-e7204-kutna-guma-originalni-robusni-dio-prijenosnog-racunala-eu-stock\/","title":{"rendered":"DELL Latitude E7204 Kutna guma | Originalni robusni dio prijenosnog ra\u010dunala | EU Stock"},"content":{"rendered":"<p class=\"\" data-start=\"590\" data-end=\"854\">Vratite za\u0161titu svom robusnom prijenosnom ra\u010dunalu s ovom <strong data-start=\"640\" data-end=\"665\">originalnom kutnom gumom<\/strong> dizajniranom za <strong data-start=\"683\" data-end=\"713\">DELL Latitude Rugged E7204<\/strong>. Ovo je originalni dio prijenosnog ra\u010dunala, skinut s radne jedinice i idealan je ako va\u0161 postoje\u0107i gumeni branik nedostaje, napuknut je ili je istro\u0161en.<\/p>\n<p class=\"\" data-start=\"856\" data-end=\"1152\">Ova je komponenta klju\u010dna za odr\u017eavanje strukture koja apsorbira udarce modela Rugged E7204 i igra klju\u010dnu ulogu u o\u010duvanju njegove trajnosti. Bilo da ste tehni\u010dar, serviser ili krajnji korisnik koji odr\u017eava vlastiti ure\u0111aj, ovaj dio osigurava savr\u0161eno pristajanje i pouzdanu izvedbu.<\/p>\n<ul data-start=\"1154\" data-end=\"1533\">\n<li class=\"\" data-start=\"1154\" data-end=\"1206\">\n<p class=\"\" data-start=\"1156\" data-end=\"1206\"><strong data-start=\"1156\" data-end=\"1177\">Kompatibilni model:<\/strong> DELL Latitude Rugged E7204<\/p>\n<\/li>\n<li class=\"\" data-start=\"1207\" data-end=\"1248\">\n<p class=\"\" data-start=\"1209\" data-end=\"1248\"><strong data-start=\"1209\" data-end=\"1223\">Vrsta dijela:<\/strong> kutna guma \/ branik<\/p>\n<\/li>\n<li class=\"\" data-start=\"1249\" data-end=\"1308\">\n<p class=\"\" data-start=\"1251\" data-end=\"1308\"><strong data-start=\"1251\" data-end=\"1265\">Stanje:<\/strong> Kori\u0161teno, testirano iu izvrsnom stanju<\/p>\n<\/li>\n<li class=\"\" data-start=\"1309\" data-end=\"1349\">\n<p class=\"\" data-start=\"1311\" data-end=\"1349\"><strong data-start=\"1311\" data-end=\"1322\">Podrijetlo:<\/strong> Originalni dio prijenosnog ra\u010dunala DELL<\/p>\n<\/li>\n<li class=\"\" data-start=\"1350\" data-end=\"1408\">\n<p class=\"\" data-start=\"1352\" data-end=\"1408\"><strong data-start=\"1352\" data-end=\"1363\">Fotografije:<\/strong> Prave slike \u2013 ono \u0161to vidite to i dobijete<\/p>\n<\/li>\n<li class=\"\" data-start=\"1409\" data-end=\"1533\">\n<p class=\"\" data-start=\"1411\" data-end=\"1533\"><strong data-start=\"1411\" data-end=\"1423\">Podr\u0161ka:<\/strong> Ne dajemo upute za zamjenu, ali slobodno nam po\u0161aljite poruku ako vam je potrebna pomo\u0107 u identificiranju dijela<\/p>\n<\/li>\n<\/ul>\n<p class=\"\" data-start=\"1535\" data-end=\"1747\">Ovaj popis je dio na\u0161e provjerene kolekcije <strong data-start=\"1572\" data-end=\"1588\">dijelova za prijenosna ra\u010dunala<\/strong> na <strong data-start=\"1603\" data-end=\"1617\">siggmo.com<\/strong>, koja se pa\u017eljivo isporu\u010duje iz Europe. Bez obzira kupujete li lokalno ili inozemno, jam\u010dimo brzu otpremu i pouzdano pakiranje.<\/p>\n","protected":false},"excerpt":{"rendered":"<p>Originalna kutna guma za DELL Latitude Rugged E7204. Savr\u0161eno pristaje za zamjenu istro\u0161enih ili o\u0161te\u0107enih gumenih branika. Idealno za vra\u0107anje za\u0161tite i stabilnosti va\u0161em robusnom prijenosnom ra\u010dunalu.<\/p>\n","protected":false},"featured_media":28361,"template":"","meta":[],"product_brand":[],"product_cat":[51],"product_tag":[52],"class_list":{"0":"post-28299","1":"product","2":"type-product","3":"status-publish","4":"has-post-thumbnail","6":"product_cat-laptop-housing","7":"product_tag-dell","9":"first","10":"instock","11":"taxable","12":"shipping-taxable","13":"purchasable","14":"product-type-simple"},"_links":{"self":[{"href":"https:\/\/boreait.com\/hr\/wp-json\/wp\/v2\/product\/28299","targetHints":{"allow":["GET"]}}],"collection":[{"href":"https:\/\/boreait.com\/hr\/wp-json\/wp\/v2\/product"}],"about":[{"href":"https:\/\/boreait.com\/hr\/wp-json\/wp\/v2\/types\/product"}],"wp:featuredmedia":[{"embeddable":true,"href":"https:\/\/boreait.com\/hr\/wp-json\/wp\/v2\/media\/28361"}],"wp:attachment":[{"href":"https:\/\/boreait.com\/hr\/wp-json\/wp\/v2\/media?parent=28299"}],"wp:term":[{"taxonomy":"product_brand","embeddable":true,"href":"https:\/\/boreait.com\/hr\/wp-json\/wp\/v2\/product_brand?post=28299"},{"taxonomy":"product_cat","embeddable":true,"href":"https:\/\/boreait.com\/hr\/wp-json\/wp\/v2\/product_cat?post=28299"},{"taxonomy":"product_tag","embeddable":true,"href":"https:\/\/boreait.com\/hr\/wp-json\/wp\/v2\/product_tag?post=28299"}],"curies":[{"name":"wp","href":"https:\/\/api.w.org\/{rel}","templated":true}]}}