{"id":28297,"date":"2025-07-25T13:47:35","date_gmt":"2025-07-25T13:47:35","guid":{"rendered":"https:\/\/boreait.com\/hr\/?post_type=product&#038;p=28297"},"modified":"2025-07-25T13:49:19","modified_gmt":"2025-07-25T13:49:19","slug":"originalni-dell-latitude-e7204-robusni-hdmi-poklopac-originalni-dio-prijenosnog-racunala-za-eu","status":"publish","type":"product","link":"https:\/\/boreait.com\/hr\/product\/originalni-dell-latitude-e7204-robusni-hdmi-poklopac-originalni-dio-prijenosnog-racunala-za-eu\/","title":{"rendered":"Originalni DELL Latitude E7204 robusni HDMI poklopac \u2013 originalni dio prijenosnog ra\u010dunala za EU"},"content":{"rendered":"<p class=\"\" data-start=\"625\" data-end=\"1000\">Vratite potpunu za\u0161titu svom prijenosnom ra\u010dunalu DELL Latitude E7204 Rugged s ovim <strong data-start=\"700\" data-end=\"723\">originalnim HDMI poklopcem<\/strong>, malim, ali bitnim <strong data-start=\"747\" data-end=\"762\">dijelom prijenosnog ra\u010dunala<\/strong> dizajniranim za za\u0161titu va\u0161eg HDMI priklju\u010dka od pra\u0161ine, vlage i udaraca. Posebno izra\u0111en za <strong data-start=\"856\" data-end=\"879\">E7204 Rugged seriju<\/strong>, ovaj originalni DELL komad osigurava savr\u0161eno pristajanje i izdr\u017eljivost, odr\u017eavaju\u0107i robusne standarde za koje je va\u0161 ure\u0111aj napravljen.<\/p>\n<p class=\"\" data-start=\"1002\" data-end=\"1366\">Ovaj je dio idealan ako je va\u0161 originalni HDMI poklopac izgubljen ili o\u0161te\u0107en. Sigurno se u\u010dvr\u0161\u0107uje i pru\u017ea istu razinu pokrivenosti i za\u0161tite priklju\u010dka kao onaj koji ste dobili s va\u0161im ure\u0111ajem. Bez obzira koristite li prijenosno ra\u010dunalo u te\u0161kim terenskim uvjetima ili ga samo \u017eelite odr\u017eavati \u010distim i dobro funkcioniraju\u0107im, ovaj zamjenski dio jednostavno je i u\u010dinkovito rje\u0161enje.<\/p>\n<p class=\"\" data-start=\"1368\" data-end=\"1387\">\u2705 <strong data-start=\"1370\" data-end=\"1387\">Klju\u010dne zna\u010dajke:<\/strong><\/p>\n<ul data-start=\"1388\" data-end=\"1665\">\n<li class=\"\" data-start=\"1388\" data-end=\"1436\">\n<p class=\"\" data-start=\"1390\" data-end=\"1436\">Kompatibilno s <strong data-start=\"1406\" data-end=\"1436\">DELL Latitude E7204 Rugged<\/strong><\/p>\n<\/li>\n<li class=\"\" data-start=\"1437\" data-end=\"1477\">\n<p class=\"\" data-start=\"1439\" data-end=\"1477\">Originalni, originalni DELL <strong data-start=\"1462\" data-end=\"1477\">dio prijenosnog ra\u010dunala<\/strong><\/p>\n<\/li>\n<li class=\"\" data-start=\"1478\" data-end=\"1519\">\n<p class=\"\" data-start=\"1480\" data-end=\"1519\">\u0160titi HDMI priklju\u010dak od pra\u0161ine i krhotina<\/p>\n<\/li>\n<li class=\"\" data-start=\"1520\" data-end=\"1558\">\n<p class=\"\" data-start=\"1522\" data-end=\"1558\">Jednostavno postavljanje \u2013 nisu potrebni alati<\/p>\n<\/li>\n<li class=\"\" data-start=\"1559\" data-end=\"1611\">\n<p class=\"\" data-start=\"1561\" data-end=\"1611\">Prave fotografije proizvoda \u2013 dobivate to\u010dno ono \u0161to vidite<\/p>\n<\/li>\n<li class=\"\" data-start=\"1612\" data-end=\"1665\">\n<p class=\"\" data-start=\"1614\" data-end=\"1665\">\u0160alje iz Europe, dostupno za dostavu diljem svijeta<\/p>\n<\/li>\n<\/ul>\n<p class=\"\" data-start=\"1667\" data-end=\"1806\">\ud83d\udce9 <strong data-start=\"1670\" data-end=\"1690\">Trebate li pomo\u0107?<\/strong> Iako ne pru\u017eamo upute za instalaciju, slobodno nam po\u0161aljite poruku ako imate pitanja \u2013 rado \u0107emo vam pomo\u0107i.<\/p>\n","protected":false},"excerpt":{"rendered":"<p>Originalni poklopac HDMI priklju\u010dka za prijenosno ra\u010dunalo DELL Latitude E7204 Rugged. Idealno za zamjenu izgubljenih ili o\u0161te\u0107enih naslovnica. Izdr\u017eljiv, originalan dio. Brodovi iz Europe.<\/p>\n","protected":false},"featured_media":28359,"template":"","meta":[],"product_brand":[],"product_cat":[51],"product_tag":[52],"class_list":{"0":"post-28297","1":"product","2":"type-product","3":"status-publish","4":"has-post-thumbnail","6":"product_cat-laptop-housing","7":"product_tag-dell","9":"first","10":"instock","11":"taxable","12":"shipping-taxable","13":"purchasable","14":"product-type-simple"},"_links":{"self":[{"href":"https:\/\/boreait.com\/hr\/wp-json\/wp\/v2\/product\/28297","targetHints":{"allow":["GET"]}}],"collection":[{"href":"https:\/\/boreait.com\/hr\/wp-json\/wp\/v2\/product"}],"about":[{"href":"https:\/\/boreait.com\/hr\/wp-json\/wp\/v2\/types\/product"}],"wp:featuredmedia":[{"embeddable":true,"href":"https:\/\/boreait.com\/hr\/wp-json\/wp\/v2\/media\/28359"}],"wp:attachment":[{"href":"https:\/\/boreait.com\/hr\/wp-json\/wp\/v2\/media?parent=28297"}],"wp:term":[{"taxonomy":"product_brand","embeddable":true,"href":"https:\/\/boreait.com\/hr\/wp-json\/wp\/v2\/product_brand?post=28297"},{"taxonomy":"product_cat","embeddable":true,"href":"https:\/\/boreait.com\/hr\/wp-json\/wp\/v2\/product_cat?post=28297"},{"taxonomy":"product_tag","embeddable":true,"href":"https:\/\/boreait.com\/hr\/wp-json\/wp\/v2\/product_tag?post=28297"}],"curies":[{"name":"wp","href":"https:\/\/api.w.org\/{rel}","templated":true}]}}