{"id":28296,"date":"2025-07-25T13:47:35","date_gmt":"2025-07-25T13:47:35","guid":{"rendered":"https:\/\/boreait.com\/hr\/?post_type=product&#038;p=28296"},"modified":"2025-07-25T13:49:17","modified_gmt":"2025-07-25T13:49:17","slug":"dell-latitude-rugged-e7204-zamjena-poklopca-com-porta-visokokvalitetni-dijelovi-za-prijenosna-racunala-oem-kompatibilan","status":"publish","type":"product","link":"https:\/\/boreait.com\/hr\/product\/dell-latitude-rugged-e7204-zamjena-poklopca-com-porta-visokokvalitetni-dijelovi-za-prijenosna-racunala-oem-kompatibilan\/","title":{"rendered":"DELL Latitude Rugged E7204 Zamjena poklopca COM porta | Visokokvalitetni dijelovi za prijenosna ra\u010dunala | OEM kompatibilan"},"content":{"rendered":"<p class=\"\" data-start=\"557\" data-end=\"807\">Vratite funkcionalnost i izgled svom DELL Latitude Rugged E7204 pomo\u0107u ove <strong data-start=\"643\" data-end=\"673\">zamjene poklopca COM priklju\u010dka<\/strong>. Bilo da mijenjate pokvareni poklopac ili nadogra\u0111ujete prijenosno ra\u010dunalo, ovaj <strong data-start=\"746\" data-end=\"769\">OEM-kompatibilan dio<\/strong> osigurava savr\u0161eno pristajanje i izdr\u017eljivost.<\/p>\n<p class=\"\" data-start=\"809\" data-end=\"829\"><strong data-start=\"809\" data-end=\"828\">Pojedinosti o proizvodu<\/strong>:<\/p>\n<ul data-start=\"830\" data-end=\"1117\">\n<li class=\"\" data-start=\"830\" data-end=\"880\">\n<p class=\"\" data-start=\"832\" data-end=\"880\"><strong data-start=\"832\" data-end=\"852\">Kompatibilni model<\/strong>: DELL Latitude Rugged E7204<\/p>\n<\/li>\n<li class=\"\" data-start=\"881\" data-end=\"912\">\n<p class=\"\" data-start=\"883\" data-end=\"912\"><strong data-start=\"883\" data-end=\"896\">Vrsta dijela<\/strong>: poklopac COM priklju\u010dka<\/p>\n<\/li>\n<li class=\"\" data-start=\"913\" data-end=\"956\">\n<p class=\"\" data-start=\"915\" data-end=\"956\"><strong data-start=\"915\" data-end=\"928\">Stanje<\/strong>: potpuno novo, OEM zamjena<\/p>\n<\/li>\n<li class=\"\" data-start=\"957\" data-end=\"1026\">\n<p class=\"\" data-start=\"959\" data-end=\"1026\"><strong data-start=\"959\" data-end=\"971\">Materijal<\/strong>: visokokvalitetna, izdr\u017eljiva plastika dizajnirana za robusnu upotrebu<\/p>\n<\/li>\n<li class=\"\" data-start=\"1027\" data-end=\"1117\">\n<p class=\"\" data-start=\"1029\" data-end=\"1117\"><strong data-start=\"1029\" data-end=\"1041\">Lokacija<\/strong>: sigurno zatvara COM priklju\u010dak kako bi va\u0161e prijenosno ra\u010dunalo bilo za\u0161ti\u0107eno od pra\u0161ine i otpadaka<\/p>\n<\/li>\n<\/ul>\n<p class=\"\" data-start=\"1119\" data-end=\"1358\">Ovaj <strong data-start=\"1124\" data-end=\"1139\">dio za prijenosno ra\u010dunalo<\/strong> idealan je za odr\u017eavanje integriteta va\u0161eg ure\u0111aja, nude\u0107i to\u010dno pristajanje i funkcionalnost koju trebate. Prikazane fotografije prikazuju stvarni dio koji \u0107ete dobiti, \u010dime se osigurava transparentnost i povjerenje u va\u0161u kupnju.<\/p>\n<p class=\"\" data-start=\"1360\" data-end=\"1543\"><strong data-start=\"1360\" data-end=\"1368\">Napomena<\/strong>: Iako ova stavka ne dolazi s uputama, na\u0161 tim je dostupan za pomo\u0107 ako trebate pomo\u0107 tijekom postupka instalacije. Slobodno se obratite za sva pitanja!<\/p>\n<p class=\"\" data-start=\"1545\" data-end=\"1753\">Savr\u0161en za popravke, nadogradnje ili odr\u017eavanje va\u0161eg DELL Latitude E7204 u vrhunskom stanju, ovaj je dio bitna zamjena za bilo koji komplet za popravak prijenosnog ra\u010dunala. Ne propustite nabavu najboljih dostupnih dijelova za prijenosna ra\u010dunala!<\/p>\n","protected":false},"excerpt":{"rendered":"<p>Zamijenite svoj o\u0161te\u0107eni ili nedostaju\u0107i poklopac COM porta ovim visokokvalitetnim, OEM-kompatibilnim dijelom za DELL Latitude Rugged E7204. Savr\u0161eno za vra\u0107anje funkcionalnosti va\u0161eg prijenosnog ra\u010dunala i osiguravanje udobnog i sigurnog pristajanja. Prave fotografije to\u010dno onog dijela koji \u0107ete dobiti!<\/p>\n","protected":false},"featured_media":28358,"template":"","meta":[],"product_brand":[],"product_cat":[51],"product_tag":[52],"class_list":{"0":"post-28296","1":"product","2":"type-product","3":"status-publish","4":"has-post-thumbnail","6":"product_cat-laptop-housing","7":"product_tag-dell","9":"first","10":"instock","11":"taxable","12":"shipping-taxable","13":"purchasable","14":"product-type-simple"},"_links":{"self":[{"href":"https:\/\/boreait.com\/hr\/wp-json\/wp\/v2\/product\/28296","targetHints":{"allow":["GET"]}}],"collection":[{"href":"https:\/\/boreait.com\/hr\/wp-json\/wp\/v2\/product"}],"about":[{"href":"https:\/\/boreait.com\/hr\/wp-json\/wp\/v2\/types\/product"}],"wp:featuredmedia":[{"embeddable":true,"href":"https:\/\/boreait.com\/hr\/wp-json\/wp\/v2\/media\/28358"}],"wp:attachment":[{"href":"https:\/\/boreait.com\/hr\/wp-json\/wp\/v2\/media?parent=28296"}],"wp:term":[{"taxonomy":"product_brand","embeddable":true,"href":"https:\/\/boreait.com\/hr\/wp-json\/wp\/v2\/product_brand?post=28296"},{"taxonomy":"product_cat","embeddable":true,"href":"https:\/\/boreait.com\/hr\/wp-json\/wp\/v2\/product_cat?post=28296"},{"taxonomy":"product_tag","embeddable":true,"href":"https:\/\/boreait.com\/hr\/wp-json\/wp\/v2\/product_tag?post=28296"}],"curies":[{"name":"wp","href":"https:\/\/api.w.org\/{rel}","templated":true}]}}