{"id":28295,"date":"2025-07-25T13:47:35","date_gmt":"2025-07-25T13:47:35","guid":{"rendered":"https:\/\/boreait.com\/hr\/?post_type=product&#038;p=28295"},"modified":"2025-07-25T13:49:14","modified_gmt":"2025-07-25T13:49:14","slug":"straznji-poklopac-dell-latitude-rugged-e7204-originalni-dijelovi-za-prijenosno-racunalo-zaliha-u-eu","status":"publish","type":"product","link":"https:\/\/boreait.com\/hr\/product\/straznji-poklopac-dell-latitude-rugged-e7204-originalni-dijelovi-za-prijenosno-racunalo-zaliha-u-eu\/","title":{"rendered":"Stra\u017enji poklopac DELL Latitude Rugged E7204 \u2013 originalni dijelovi za prijenosno ra\u010dunalo, zaliha u EU"},"content":{"rendered":"<p class=\"\" data-start=\"526\" data-end=\"773\">Nadogradite ili zamijenite svoj o\u0161te\u0107eni stra\u017enji poklopac ovim <strong data-start=\"579\" data-end=\"628\">originalnim DELL Latitude Rugged E7204 stra\u017enjim poklopcem<\/strong>. Ovo je originalni dio prijenosnog ra\u010dunala, a ne replika tre\u0107e strane. Savr\u0161eno odgovara va\u0161em modelu Rugged E7204, nudi izdr\u017eljivost i kvalitetu na razini OEM-a.<\/p>\n<p class=\"\" data-start=\"775\" data-end=\"993\">Ovaj dio prijenosnog ra\u010dunala pa\u017eljivo je uklonjen iz radne jedinice i <strong data-start=\"841\" data-end=\"882\">potpuno je pregledan iu dobrom je stanju<\/strong>. Idealno za tehni\u010dare, servisne radionice ili DIY korisnike koji \u017eele vratiti svoj Rugged E7204 u izvorni oblik.<\/p>\n<p class=\"\" data-start=\"995\" data-end=\"1123\">\ud83d\udd27 <strong data-start=\"998\" data-end=\"1007\">Napomena:<\/strong> Upute za zamjenu nisu dane, ali ako trebate pomo\u0107 ili imate pitanja, slobodno nam po\u0161aljite poruku.<\/p>\n<p class=\"\" data-start=\"1125\" data-end=\"1156\">\ud83d\udce6 <strong data-start=\"1128\" data-end=\"1156\">Za\u0161to kupovati od Siggmo.com?<\/strong><\/p>\n<ul data-start=\"1157\" data-end=\"1321\">\n<li class=\"\" data-start=\"1157\" data-end=\"1201\">\n<p class=\"\" data-start=\"1159\" data-end=\"1201\">Pouzdani prodava\u010d <strong data-start=\"1177\" data-end=\"1201\">kvalitetnih dijelova za prijenosna ra\u010dunala<\/strong><\/p>\n<\/li>\n<li class=\"\" data-start=\"1202\" data-end=\"1233\">\n<p class=\"\" data-start=\"1204\" data-end=\"1233\">Brzo se \u0161alje iz EU<\/p>\n<\/li>\n<li class=\"\" data-start=\"1234\" data-end=\"1286\">\n<p class=\"\" data-start=\"1236\" data-end=\"1286\">Prave fotografije proizvoda \u2014 ono \u0161to vidite to i dobivate<\/p>\n<\/li>\n<li class=\"\" data-start=\"1287\" data-end=\"1321\">\n<p class=\"\" data-start=\"1289\" data-end=\"1321\">Dostupna me\u0111unarodna dostava<\/p>\n<\/li>\n<\/ul>\n<p class=\"\" data-start=\"1323\" data-end=\"1457\">\u2705 <strong data-start=\"1325\" data-end=\"1344\">Kompatibilno s<\/strong>: DELL Latitude Rugged E7204<br data-start=\"1372\" data-end=\"1375\" \/>\ud83d\udcf7 <strong data-start=\"1378\" data-end=\"1388\">Fotografije<\/strong>: Slike u ovom popisu prikazuju stvarni artikl koji \u0107ete dobiti.<\/p>\n","protected":false},"excerpt":{"rendered":"<p>Originalni stra\u017enji poklopac za DELL Latitude Rugged E7204. Pa\u017eljivo uklonjen, testiran i spreman za isporuku sa skladi\u0161ta u EU. Uklju\u010dene su fotografije stvarnih dijelova.<\/p>\n","protected":false},"featured_media":28357,"template":"","meta":[],"product_brand":[],"product_cat":[51],"product_tag":[52],"class_list":{"0":"post-28295","1":"product","2":"type-product","3":"status-publish","4":"has-post-thumbnail","6":"product_cat-laptop-housing","7":"product_tag-dell","9":"first","10":"instock","11":"taxable","12":"shipping-taxable","13":"purchasable","14":"product-type-simple"},"_links":{"self":[{"href":"https:\/\/boreait.com\/hr\/wp-json\/wp\/v2\/product\/28295","targetHints":{"allow":["GET"]}}],"collection":[{"href":"https:\/\/boreait.com\/hr\/wp-json\/wp\/v2\/product"}],"about":[{"href":"https:\/\/boreait.com\/hr\/wp-json\/wp\/v2\/types\/product"}],"wp:featuredmedia":[{"embeddable":true,"href":"https:\/\/boreait.com\/hr\/wp-json\/wp\/v2\/media\/28357"}],"wp:attachment":[{"href":"https:\/\/boreait.com\/hr\/wp-json\/wp\/v2\/media?parent=28295"}],"wp:term":[{"taxonomy":"product_brand","embeddable":true,"href":"https:\/\/boreait.com\/hr\/wp-json\/wp\/v2\/product_brand?post=28295"},{"taxonomy":"product_cat","embeddable":true,"href":"https:\/\/boreait.com\/hr\/wp-json\/wp\/v2\/product_cat?post=28295"},{"taxonomy":"product_tag","embeddable":true,"href":"https:\/\/boreait.com\/hr\/wp-json\/wp\/v2\/product_tag?post=28295"}],"curies":[{"name":"wp","href":"https:\/\/api.w.org\/{rel}","templated":true}]}}