{"id":28294,"date":"2025-07-25T13:47:35","date_gmt":"2025-07-25T13:47:35","guid":{"rendered":"https:\/\/boreait.com\/hr\/?post_type=product&#038;p=28294"},"modified":"2025-07-25T13:49:06","modified_gmt":"2025-07-25T13:49:06","slug":"dell-latitude-rugged-e7204-jpwr1-ploca-s-gumbom-za-ukljucivanje-dijelovi-prijenosnog-racunala","status":"publish","type":"product","link":"https:\/\/boreait.com\/hr\/product\/dell-latitude-rugged-e7204-jpwr1-ploca-s-gumbom-za-ukljucivanje-dijelovi-prijenosnog-racunala\/","title":{"rendered":"DELL Latitude Rugged E7204 JPWR1 plo\u010da s gumbom za uklju\u010divanje | Dijelovi prijenosnog ra\u010dunala"},"content":{"rendered":"<p class=\"\" data-start=\"728\" data-end=\"994\">Vratite svoj Dell Latitude Rugged E7204 s ovom originalnom <strong data-start=\"787\" data-end=\"815\">JPWR1 plo\u010dom gumba za uklju\u010divanje<\/strong> \u2014 bitnim dijelom odgovornim za napajanje va\u0161eg ure\u0111aja. Ako se va\u0161e prijenosno ra\u010dunalo ne uklju\u010duje ili gumb za napajanje ne reagira, zamjena ove plo\u010de mogla bi biti rje\u0161enje koje vam je potrebno.<\/p>\n<p class=\"\" data-start=\"996\" data-end=\"1183\">Ovo je <strong data-start=\"1006\" data-end=\"1034\">originalni dio prijenosnog ra\u010dunala Dell<\/strong>, pa\u017eljivo uklonjen i testiran. Idealan je za tehni\u010dare za popravak, obnavlja\u010de ili DIY korisnike koji \u017eele o\u017eivjeti svoj robusni Dell E7204.<\/p>\n<p class=\"\" data-start=\"1185\" data-end=\"1209\">\ud83d\udd27 <strong data-start=\"1188\" data-end=\"1209\">Zna\u010dajke proizvoda:<\/strong><\/p>\n<ul data-start=\"1210\" data-end=\"1457\">\n<li class=\"\" data-start=\"1210\" data-end=\"1258\">\n<p class=\"\" data-start=\"1212\" data-end=\"1258\">Kompatibilno s <strong data-start=\"1228\" data-end=\"1258\">Dell Latitude Rugged E7204<\/strong><\/p>\n<\/li>\n<li class=\"\" data-start=\"1259\" data-end=\"1282\">\n<p class=\"\" data-start=\"1261\" data-end=\"1282\">Model\/dio: <strong data-start=\"1273\" data-end=\"1282\">JPWR1<\/strong><\/p>\n<\/li>\n<li class=\"\" data-start=\"1283\" data-end=\"1317\">\n<p class=\"\" data-start=\"1285\" data-end=\"1317\">Funkcija: <strong data-start=\"1295\" data-end=\"1317\">Plo\u010da s gumbom za uklju\u010divanje<\/strong><\/p>\n<\/li>\n<li class=\"\" data-start=\"1318\" data-end=\"1343\">\n<p class=\"\" data-start=\"1320\" data-end=\"1343\">Originalna Dell komponenta<\/p>\n<\/li>\n<li class=\"\" data-start=\"1344\" data-end=\"1385\">\n<p class=\"\" data-start=\"1346\" data-end=\"1385\">Pregledano iu potpunom radnom stanju<\/p>\n<\/li>\n<li class=\"\" data-start=\"1386\" data-end=\"1457\">\n<p class=\"\" data-start=\"1388\" data-end=\"1457\"><strong data-start=\"1388\" data-end=\"1411\">Prave fotografije proizvoda<\/strong> \u2013 ono \u0161to vidite to\u010dno je ono \u0161to \u0107ete i dobiti<\/p>\n<\/li>\n<\/ul>\n<p class=\"\" data-start=\"1459\" data-end=\"1591\">\ud83d\udca1 <strong data-start=\"1462\" data-end=\"1471\">Napomena:<\/strong> Ne dajemo upute za instalaciju, ali slobodno nam po\u0161aljite poruku ako imate pitanja \u2013 rado \u0107emo vam pomo\u0107i.<\/p>\n<p class=\"\" data-start=\"1593\" data-end=\"1708\">\ud83c\udf0d Dostava iz Europe s dostupnom globalnom dostavom. Pouzdani dobavlja\u010d <strong data-start=\"1666\" data-end=\"1682\">dijelova za prijenosna ra\u010dunala<\/strong> u cijeloj EU i \u0161ire.<\/p>\n","protected":false},"excerpt":{"rendered":"<p class=\"\" data-start=\"520\" data-end=\"677\">Originalna JPWR1 plo\u010da s gumbom za napajanje za Dell Latitude Rugged E7204. Savr\u0161eno za rje\u0161avanje problema povezanih s napajanjem. Prave fotografije proizvoda \u2013 ono \u0161to vidite to i dobivate!<\/p>\n","protected":false},"featured_media":28346,"template":"","meta":[],"product_brand":[],"product_cat":[62],"product_tag":[52],"class_list":{"0":"post-28294","1":"product","2":"type-product","3":"status-publish","4":"has-post-thumbnail","6":"product_cat-motherboards-board-parts","7":"product_tag-dell","9":"first","10":"instock","11":"taxable","12":"shipping-taxable","13":"purchasable","14":"product-type-simple"},"_links":{"self":[{"href":"https:\/\/boreait.com\/hr\/wp-json\/wp\/v2\/product\/28294","targetHints":{"allow":["GET"]}}],"collection":[{"href":"https:\/\/boreait.com\/hr\/wp-json\/wp\/v2\/product"}],"about":[{"href":"https:\/\/boreait.com\/hr\/wp-json\/wp\/v2\/types\/product"}],"wp:featuredmedia":[{"embeddable":true,"href":"https:\/\/boreait.com\/hr\/wp-json\/wp\/v2\/media\/28346"}],"wp:attachment":[{"href":"https:\/\/boreait.com\/hr\/wp-json\/wp\/v2\/media?parent=28294"}],"wp:term":[{"taxonomy":"product_brand","embeddable":true,"href":"https:\/\/boreait.com\/hr\/wp-json\/wp\/v2\/product_brand?post=28294"},{"taxonomy":"product_cat","embeddable":true,"href":"https:\/\/boreait.com\/hr\/wp-json\/wp\/v2\/product_cat?post=28294"},{"taxonomy":"product_tag","embeddable":true,"href":"https:\/\/boreait.com\/hr\/wp-json\/wp\/v2\/product_tag?post=28294"}],"curies":[{"name":"wp","href":"https:\/\/api.w.org\/{rel}","templated":true}]}}