{"id":28293,"date":"2025-07-25T13:47:35","date_gmt":"2025-07-25T13:47:35","guid":{"rendered":"https:\/\/boreait.com\/hr\/?post_type=product&#038;p=28293"},"modified":"2025-07-25T13:49:01","modified_gmt":"2025-07-25T13:49:01","slug":"dell-latitude-rugged-e7204-led-ploca-originalni-dio-prijenosnog-racunala-brza-dostava","status":"publish","type":"product","link":"https:\/\/boreait.com\/hr\/product\/dell-latitude-rugged-e7204-led-ploca-originalni-dio-prijenosnog-racunala-brza-dostava\/","title":{"rendered":"DELL Latitude Rugged E7204 LED plo\u010da \u2013 originalni dio prijenosnog ra\u010dunala \u2013 brza dostava"},"content":{"rendered":"<p class=\"\" data-start=\"548\" data-end=\"631\"><strong data-start=\"548\" data-end=\"631\">Originalna DELL Latitude Rugged E7204 LED plo\u010da \u2013 kvalitetan dio prijenosnog ra\u010dunala iz SIGGMO<\/strong><\/p>\n<p class=\"\" data-start=\"633\" data-end=\"864\">Tra\u017eite pouzdanu zamjensku LED plo\u010du za svoj DELL Latitude Rugged E7204? Ovo je originalni, testirani dio uklonjen iz radne jedinice\u2014savr\u0161en za profesionalni popravak prijenosnog ra\u010dunala ili vra\u0107anje va\u0161eg ure\u0111aja u izvorno stanje.<\/p>\n<p class=\"\" data-start=\"866\" data-end=\"1121\">Ova LED plo\u010da je potpuno funkcionalna i idealna za one koji trebaju visokokvalitetni dio prijenosnog ra\u010dunala bez naga\u0111anja. Kao i uvijek, ono \u0161to vidite na fotografijama je upravo ono \u0161to \u0107ete dobiti. Sve su slike stvarne, prikazuju stvarnu plo\u010du za potpunu transparentnost.<\/p>\n<p class=\"\" data-start=\"1123\" data-end=\"1147\">\ud83d\udccc <strong data-start=\"1126\" data-end=\"1146\">Zna\u010dajke proizvoda<\/strong>:<\/p>\n<ul data-start=\"1148\" data-end=\"1339\">\n<li class=\"\" data-start=\"1148\" data-end=\"1197\">\n<p class=\"\" data-start=\"1150\" data-end=\"1197\">Kompatibilno s: <strong data-start=\"1167\" data-end=\"1197\">DELL Latitude Rugged E7204<\/strong><\/p>\n<\/li>\n<li class=\"\" data-start=\"1198\" data-end=\"1219\">\n<p class=\"\" data-start=\"1200\" data-end=\"1219\">Vrsta: <strong data-start=\"1206\" data-end=\"1219\">LED plo\u010da<\/strong><\/p>\n<\/li>\n<li class=\"\" data-start=\"1220\" data-end=\"1266\">\n<p class=\"\" data-start=\"1222\" data-end=\"1266\">Originalni DELL dio, nije generi\u010dka zamjena<\/p>\n<\/li>\n<li class=\"\" data-start=\"1267\" data-end=\"1297\">\n<p class=\"\" data-start=\"1269\" data-end=\"1297\">Testirano i radno stanje<\/p>\n<\/li>\n<li class=\"\" data-start=\"1298\" data-end=\"1339\">\n<p class=\"\" data-start=\"1300\" data-end=\"1339\">Pa\u017eljivo uklonjeno s radnog prijenosnog ra\u010dunala<\/p>\n<\/li>\n<\/ul>\n<p class=\"\" data-start=\"1341\" data-end=\"1477\">\ud83d\udce6 <strong data-start=\"1344\" data-end=\"1356\">Dostava<\/strong>:<br data-start=\"1357\" data-end=\"1360\" \/>\u0160aljemo brzo iz Europe i dostavljamo diljem svijeta. Ako ste u EU-u ili obli\u017enjim regijama, o\u010dekujte brza vremena isporuke.<\/p>\n<p class=\"\" data-start=\"1479\" data-end=\"1639\">\ud83d\udcac <strong data-start=\"1482\" data-end=\"1496\">Trebate li pomo\u0107?<\/strong><br data-start=\"1496\" data-end=\"1499\" \/>Ne dajemo upute za instalaciju, ali ako imate pitanja prije ili nakon kupnje, slobodno nam po\u0161aljite poruku\u2014rado \u0107emo vam pomo\u0107i!<\/p>\n","protected":false},"excerpt":{"rendered":"<p>Originalna LED plo\u010da za DELL Latitude Rugged E7204. Testiran, originalni dio\u2014idealan za popravke ili zamjene. Brza dostava iz Europe.<\/p>\n","protected":false},"featured_media":28345,"template":"","meta":[],"product_brand":[],"product_cat":[62],"product_tag":[52],"class_list":{"0":"post-28293","1":"product","2":"type-product","3":"status-publish","4":"has-post-thumbnail","6":"product_cat-motherboards-board-parts","7":"product_tag-dell","9":"first","10":"instock","11":"taxable","12":"shipping-taxable","13":"purchasable","14":"product-type-simple"},"_links":{"self":[{"href":"https:\/\/boreait.com\/hr\/wp-json\/wp\/v2\/product\/28293","targetHints":{"allow":["GET"]}}],"collection":[{"href":"https:\/\/boreait.com\/hr\/wp-json\/wp\/v2\/product"}],"about":[{"href":"https:\/\/boreait.com\/hr\/wp-json\/wp\/v2\/types\/product"}],"wp:featuredmedia":[{"embeddable":true,"href":"https:\/\/boreait.com\/hr\/wp-json\/wp\/v2\/media\/28345"}],"wp:attachment":[{"href":"https:\/\/boreait.com\/hr\/wp-json\/wp\/v2\/media?parent=28293"}],"wp:term":[{"taxonomy":"product_brand","embeddable":true,"href":"https:\/\/boreait.com\/hr\/wp-json\/wp\/v2\/product_brand?post=28293"},{"taxonomy":"product_cat","embeddable":true,"href":"https:\/\/boreait.com\/hr\/wp-json\/wp\/v2\/product_cat?post=28293"},{"taxonomy":"product_tag","embeddable":true,"href":"https:\/\/boreait.com\/hr\/wp-json\/wp\/v2\/product_tag?post=28293"}],"curies":[{"name":"wp","href":"https:\/\/api.w.org\/{rel}","templated":true}]}}