{"id":28292,"date":"2025-07-25T13:47:35","date_gmt":"2025-07-25T13:47:35","guid":{"rendered":"https:\/\/boreait.com\/hr\/?post_type=product&#038;p=28292"},"modified":"2025-07-25T13:48:58","modified_gmt":"2025-07-25T13:48:58","slug":"dell-latitude-7212-rugged-tablet-power-cover-originalni-dijelovi-za-prijenosno-racunalo-eu-stock","status":"publish","type":"product","link":"https:\/\/boreait.com\/hr\/product\/dell-latitude-7212-rugged-tablet-power-cover-originalni-dijelovi-za-prijenosno-racunalo-eu-stock\/","title":{"rendered":"Dell Latitude 7212 Rugged Tablet Power Cover Originalni dijelovi za prijenosno ra\u010dunalo EU Stock"},"content":{"rendered":"<p class=\"\" data-start=\"645\" data-end=\"873\">Tra\u017eite pouzdane <strong data-start=\"666\" data-end=\"682\">dijelove prijenosnog ra\u010dunala<\/strong> za vra\u0107anje va\u0161eg Dell Rugged ure\u0111aja? Ovaj <strong data-start=\"724\" data-end=\"788\">poklopac napajanja za Dell Latitude 7212 Rugged Extreme Tablet<\/strong> je originalni Dell dio, idealan za zamjenu o\u0161te\u0107enog ili nefunkcionalnog poklopca napajanja.<\/p>\n<p class=\"\" data-start=\"875\" data-end=\"1138\">Dobavljamo samo originalne dijelove, a ovaj je pa\u017eljivo provjeren u pogledu kvalitete i performansi. Bilo da popravljate vlastiti ure\u0111aj ili rukujete klijentovim robusnim tabletom, ova navlaka za napajanje osigurava izdr\u017eljivost i kompatibilnost sa serijom Latitude 7212.<\/p>\n<p class=\"\" data-start=\"1140\" data-end=\"1163\">\ud83d\udce6 <strong data-start=\"1143\" data-end=\"1162\">Pojedinosti o proizvodu<\/strong>:<\/p>\n<ul data-start=\"1164\" data-end=\"1426\">\n<li class=\"\" data-start=\"1164\" data-end=\"1188\">\n<p class=\"\" data-start=\"1166\" data-end=\"1188\">Proizvod: Poklopac napajanja<\/p>\n<\/li>\n<li class=\"\" data-start=\"1189\" data-end=\"1248\">\n<p class=\"\" data-start=\"1191\" data-end=\"1248\">Kompatibilnost: Dell Latitude 7212 Rugged Extreme Tablet<\/p>\n<\/li>\n<li class=\"\" data-start=\"1249\" data-end=\"1298\">\n<p class=\"\" data-start=\"1251\" data-end=\"1298\">Stanje: rabljeno, testirano i potpuno funkcionalno<\/p>\n<\/li>\n<li class=\"\" data-start=\"1299\" data-end=\"1354\">\n<p class=\"\" data-start=\"1301\" data-end=\"1354\">Regija: Dostava iz Europe \u2013 brza dostava u EU<\/p>\n<\/li>\n<li class=\"\" data-start=\"1355\" data-end=\"1426\">\n<p class=\"\" data-start=\"1357\" data-end=\"1426\">Fotografije: ono \u0161to vidite to i dobijete \u2013 prave fotografije stvarnog dijela<\/p>\n<\/li>\n<\/ul>\n<p class=\"\" data-start=\"1428\" data-end=\"1650\">Ovo je <strong data-start=\"1438\" data-end=\"1472\">dio prijenosnog ra\u010dunala profesionalne razine<\/strong>, savr\u0161en za gruba okru\u017eenja u kojima je pouzdanost va\u017ena. Nema uputa za instalaciju, ali slobodno nam po\u0161aljite poruku ako imate pitanja\u2014rado \u0107emo vam pomo\u0107i.<\/p>\n","protected":false},"excerpt":{"rendered":"<p>Originalni poklopac napajanja za Dell Latitude 7212 Rugged Extreme Tablet. Originalni dio, testiran i spreman za slanje iz Europe. Prave fotografije \u2013 ono \u0161to vidite to i dobijete.<\/p>\n","protected":false},"featured_media":28344,"template":"","meta":[],"product_brand":[],"product_cat":[51],"product_tag":[52],"class_list":{"0":"post-28292","1":"product","2":"type-product","3":"status-publish","4":"has-post-thumbnail","6":"product_cat-laptop-housing","7":"product_tag-dell","9":"first","10":"instock","11":"taxable","12":"shipping-taxable","13":"purchasable","14":"product-type-simple"},"_links":{"self":[{"href":"https:\/\/boreait.com\/hr\/wp-json\/wp\/v2\/product\/28292","targetHints":{"allow":["GET"]}}],"collection":[{"href":"https:\/\/boreait.com\/hr\/wp-json\/wp\/v2\/product"}],"about":[{"href":"https:\/\/boreait.com\/hr\/wp-json\/wp\/v2\/types\/product"}],"wp:featuredmedia":[{"embeddable":true,"href":"https:\/\/boreait.com\/hr\/wp-json\/wp\/v2\/media\/28344"}],"wp:attachment":[{"href":"https:\/\/boreait.com\/hr\/wp-json\/wp\/v2\/media?parent=28292"}],"wp:term":[{"taxonomy":"product_brand","embeddable":true,"href":"https:\/\/boreait.com\/hr\/wp-json\/wp\/v2\/product_brand?post=28292"},{"taxonomy":"product_cat","embeddable":true,"href":"https:\/\/boreait.com\/hr\/wp-json\/wp\/v2\/product_cat?post=28292"},{"taxonomy":"product_tag","embeddable":true,"href":"https:\/\/boreait.com\/hr\/wp-json\/wp\/v2\/product_tag?post=28292"}],"curies":[{"name":"wp","href":"https:\/\/api.w.org\/{rel}","templated":true}]}}