{"id":28282,"date":"2025-07-25T13:47:11","date_gmt":"2025-07-25T13:47:11","guid":{"rendered":"https:\/\/boreait.com\/hr\/?post_type=product&#038;p=28282"},"modified":"2025-07-25T13:48:54","modified_gmt":"2025-07-25T13:48:54","slug":"originalni-dell-latitude-12-rugged-tablet-7202-straznji-poklopac-dijelovi-za-prijenosna-racunala-eu","status":"publish","type":"product","link":"https:\/\/boreait.com\/hr\/product\/originalni-dell-latitude-12-rugged-tablet-7202-straznji-poklopac-dijelovi-za-prijenosna-racunala-eu\/","title":{"rendered":"Originalni Dell Latitude 12 Rugged Tablet 7202 stra\u017enji poklopac | Dijelovi za prijenosna ra\u010dunala EU"},"content":{"rendered":"<p class=\"\" data-start=\"593\" data-end=\"903\">Ovo je <strong data-start=\"604\" data-end=\"627\">originalni stra\u017enji poklopac<\/strong> za <strong data-start=\"636\" data-end=\"675\">Dell Latitude 12 Rugged Tablet 7202<\/strong>, savr\u0161en za vra\u0107anje izdr\u017eljivosti i otporne za\u0161tite va\u0161eg ure\u0111aja. Bez obzira je li va\u0161a trenutna maska napuknuta, nedostaje ili je istro\u0161ena, ova zamjena poma\u017ee osigurati da va\u0161 tablet zadr\u017ei robustan dizajn i pouzdane performanse.<\/p>\n<p class=\"\" data-start=\"905\" data-end=\"1250\">\u2714\ufe0f <strong data-start=\"908\" data-end=\"924\">Vrsta proizvoda<\/strong>: Dijelovi prijenosnog ra\u010dunala \u2013 stra\u017enji\/stra\u017enji poklopac<br data-start=\"956\" data-end=\"959\" \/>\u2714\ufe0f <strong data-start=\"962\" data-end=\"979\">Kompatibilnost<\/strong>: Dell Latitude 12 Rugged Tablet 7202<br data-start=\"1016\" data-end=\"1019\" \/>\u2714\ufe0f <strong data-start=\"1022\" data-end=\"1035\">Stanje<\/strong>: Kori\u0161teno \u2013 Originalni Dell dio u dobrom stanju<br data-start=\"1080\" data-end=\"1083\" \/>\u2714\ufe0f <strong data-start=\"1086\" data-end=\"1096\">Fotografije<\/strong>: Ono \u0161to vidite to i dobijete \u2013 popis sadr\u017ei <strong data-start=\"1150\" data-end=\"1167\">stvarne fotografije<\/strong> dijela koji \u0107ete dobiti<br data-start=\"1194\" data-end=\"1197\" \/>\u2714\ufe0f <strong data-start=\"1200\" data-end=\"1210\">Regija<\/strong>: Dostava iz Europe, dostupna u cijelom svijetu<\/p>\n<p class=\"\" data-start=\"1252\" data-end=\"1529\">Ovaj je dio izvrstan izbor za stru\u010dnjake za popravke, DIY tehni\u010dare ili tvrtke koje odr\u017eavaju flotu robusnih Dell tableta. Iako <strong data-start=\"1381\" data-end=\"1426\">upute za zamjenu nisu uklju\u010dene<\/strong>, slobodno nam po\u0161aljite poruku ako trebate pomo\u0107 ili imate pitanja o kompatibilnosti \u2014 rado \u0107emo vam pomo\u0107i!<\/p>\n<p class=\"\" data-start=\"1531\" data-end=\"1638\">\ud83d\udee0\ufe0f Obnovite svoj tablet originalnim dijelovima prijenosnog ra\u010dunala sa Siggmo.com \u2014 kojima vjeruju profesionalci diljem Europe.<\/p>\n","protected":false},"excerpt":{"rendered":"<p class=\"\" data-start=\"382\" data-end=\"538\">Originalni stra\u017enji poklopac za Dell Latitude 12 Rugged Tablet 7202. Idealan za zamjenu o\u0161te\u0107enog ili nedostaju\u0107eg stra\u017enjeg ku\u0107i\u0161ta. Stvarni dio, stvarne fotografije \u2014 brodovi iz Europe.<\/p>\n","protected":false},"featured_media":28342,"template":"","meta":[],"product_brand":[],"product_cat":[51],"product_tag":[52],"class_list":{"0":"post-28282","1":"product","2":"type-product","3":"status-publish","4":"has-post-thumbnail","6":"product_cat-laptop-housing","7":"product_tag-dell","9":"first","10":"instock","11":"taxable","12":"shipping-taxable","13":"purchasable","14":"product-type-simple"},"_links":{"self":[{"href":"https:\/\/boreait.com\/hr\/wp-json\/wp\/v2\/product\/28282","targetHints":{"allow":["GET"]}}],"collection":[{"href":"https:\/\/boreait.com\/hr\/wp-json\/wp\/v2\/product"}],"about":[{"href":"https:\/\/boreait.com\/hr\/wp-json\/wp\/v2\/types\/product"}],"wp:featuredmedia":[{"embeddable":true,"href":"https:\/\/boreait.com\/hr\/wp-json\/wp\/v2\/media\/28342"}],"wp:attachment":[{"href":"https:\/\/boreait.com\/hr\/wp-json\/wp\/v2\/media?parent=28282"}],"wp:term":[{"taxonomy":"product_brand","embeddable":true,"href":"https:\/\/boreait.com\/hr\/wp-json\/wp\/v2\/product_brand?post=28282"},{"taxonomy":"product_cat","embeddable":true,"href":"https:\/\/boreait.com\/hr\/wp-json\/wp\/v2\/product_cat?post=28282"},{"taxonomy":"product_tag","embeddable":true,"href":"https:\/\/boreait.com\/hr\/wp-json\/wp\/v2\/product_tag?post=28282"}],"curies":[{"name":"wp","href":"https:\/\/api.w.org\/{rel}","templated":true}]}}