{"id":28268,"date":"2025-07-25T13:46:47","date_gmt":"2025-07-25T13:46:47","guid":{"rendered":"https:\/\/boreait.com\/hr\/?post_type=product&#038;p=28268"},"modified":"2025-07-25T13:48:33","modified_gmt":"2025-07-25T13:48:33","slug":"lenovo-v330-v15-v17-zamjenski-kljuc-tipkovnice-odaberite-svoj-kljuc","status":"publish","type":"product","link":"https:\/\/boreait.com\/hr\/product\/lenovo-v330-v15-v17-zamjenski-kljuc-tipkovnice-odaberite-svoj-kljuc\/","title":{"rendered":"Lenovo V330 V15 V17 zamjenski klju\u010d tipkovnice \u2013 odaberite svoj klju\u010d"},"content":{"rendered":"<p class=\"\" data-start=\"200\" data-end=\"405\">Zamijenite tipke koje nedostaju ili su o\u0161te\u0107ene na va\u0161oj Lenovo IdeaPad tipkovnici visokokvalitetnim pojedina\u010dnim zamjenskim tipkama. Ovaj proizvod je kompatibilan s <strong data-start=\"343\" data-end=\"397\">Lenovo IdeaPad V330-15ISK, V15 G1-IML i V17-IIL<\/strong> modelima.<\/p>\n<p class=\"\" data-start=\"407\" data-end=\"601\">\ud83d\udfe2 <strong data-start=\"410\" data-end=\"430\">\u0160to je uklju\u010deno:<\/strong><br data-start=\"430\" data-end=\"433\" \/>Dobit \u0107ete jedan pojedina\u010dni klju\u010d po va\u0161em izboru (\u010dep tipke + \u0161arka + gumena kupola ako je potrebno) \u2013 jednostavno odaberite \u017eeljeni klju\u010d sa slike prikazane na proizvodu popis.<\/p>\n<p class=\"\" data-start=\"603\" data-end=\"628\">\u2705 <strong data-start=\"605\" data-end=\"626\">Zna\u010dajke proizvoda:<\/strong><\/p>\n<ul data-start=\"629\" data-end=\"880\">\n<li class=\"\" data-start=\"629\" data-end=\"663\">\n<p class=\"\" data-start=\"631\" data-end=\"663\">100% originalne zamjene klju\u010deva<\/p>\n<\/li>\n<li class=\"\" data-start=\"664\" data-end=\"726\">\n<p class=\"\" data-start=\"666\" data-end=\"726\">Uklju\u010duje poklopac tipke, mehanizam \u0161arke i gumu (ako je potrebno)<\/p>\n<\/li>\n<li class=\"\" data-start=\"727\" data-end=\"770\">\n<p class=\"\" data-start=\"729\" data-end=\"770\">Jednostavan za postavljanje \u2013 nije potrebno lemljenje<\/p>\n<\/li>\n<li class=\"\" data-start=\"771\" data-end=\"815\">\n<p class=\"\" data-start=\"773\" data-end=\"815\">Pa\u017eljivo uklonjeno s radnih tipkovnica<\/p>\n<\/li>\n<li class=\"\" data-start=\"816\" data-end=\"880\">\n<p class=\"\" data-start=\"818\" data-end=\"880\">Savr\u0161eno odgovara va\u0161oj seriji Lenovo IdeaPad V330, V15 ili V17<\/p>\n<\/li>\n<\/ul>\n<p class=\"\" data-start=\"882\" data-end=\"1073\">\ud83d\udcf7 <strong data-start=\"885\" data-end=\"894\">Napomena:<\/strong><br data-start=\"894\" data-end=\"897\" \/>Pogledajte fotografiju u popisu kako biste identificirali i odabrali to\u010dan klju\u010d koji vam je potreban. Ako niste sigurni u kompatibilnost ili instalaciju, slobodno nam se obratite za pomo\u0107.<\/p>\n<p class=\"\" data-start=\"1075\" data-end=\"1166\">Vratite punu funkcionalnost tipkovnice bez potrebe za zamjenom cijele tipkovnice!<\/p>\n","protected":false},"excerpt":{"rendered":"<p>Pojedina\u010dne zamjenske tipke za Lenovo IdeaPad V330-15ISK, V15 G1-IML, V17-IIL. Uklju\u010duje tipku + \u0161arku + gumenu kupolu ako je potrebno. Odaberite svoj klju\u010d sa slike.<\/p>\n","protected":false},"featured_media":28327,"template":"","meta":[],"product_brand":[],"product_cat":[59],"product_tag":[61],"class_list":{"0":"post-28268","1":"product","2":"type-product","3":"status-publish","4":"has-post-thumbnail","6":"product_cat-individual-keyboard-keys","7":"product_tag-lenovo","9":"first","10":"instock","11":"taxable","12":"shipping-taxable","13":"purchasable","14":"product-type-simple"},"_links":{"self":[{"href":"https:\/\/boreait.com\/hr\/wp-json\/wp\/v2\/product\/28268","targetHints":{"allow":["GET"]}}],"collection":[{"href":"https:\/\/boreait.com\/hr\/wp-json\/wp\/v2\/product"}],"about":[{"href":"https:\/\/boreait.com\/hr\/wp-json\/wp\/v2\/types\/product"}],"wp:featuredmedia":[{"embeddable":true,"href":"https:\/\/boreait.com\/hr\/wp-json\/wp\/v2\/media\/28327"}],"wp:attachment":[{"href":"https:\/\/boreait.com\/hr\/wp-json\/wp\/v2\/media?parent=28268"}],"wp:term":[{"taxonomy":"product_brand","embeddable":true,"href":"https:\/\/boreait.com\/hr\/wp-json\/wp\/v2\/product_brand?post=28268"},{"taxonomy":"product_cat","embeddable":true,"href":"https:\/\/boreait.com\/hr\/wp-json\/wp\/v2\/product_cat?post=28268"},{"taxonomy":"product_tag","embeddable":true,"href":"https:\/\/boreait.com\/hr\/wp-json\/wp\/v2\/product_tag?post=28268"}],"curies":[{"name":"wp","href":"https:\/\/api.w.org\/{rel}","templated":true}]}}