{"id":28263,"date":"2025-07-25T13:46:47","date_gmt":"2025-07-25T13:46:47","guid":{"rendered":"https:\/\/boreait.com\/hr\/?post_type=product&#038;p=28263"},"modified":"2025-07-25T13:48:11","modified_gmt":"2025-07-25T13:48:11","slug":"oem-dell-latitude-14-5420-rugged-lcd-poklopac-straznjeg-poklopca-chc03-71cj1-originalni-dio-prijenosnog-racunala","status":"publish","type":"product","link":"https:\/\/boreait.com\/hr\/product\/oem-dell-latitude-14-5420-rugged-lcd-poklopac-straznjeg-poklopca-chc03-71cj1-originalni-dio-prijenosnog-racunala\/","title":{"rendered":"OEM Dell Latitude 14 5420 Rugged LCD poklopac stra\u017enjeg poklopca CHC03 71CJ1 &#8211; originalni dio prijenosnog ra\u010dunala"},"content":{"rendered":"<p class=\"\" data-start=\"557\" data-end=\"815\">Nadogradite svoje <strong data-start=\"570\" data-end=\"609\">Dell Latitude 14 5420 Rugged prijenosno ra\u010dunalo<\/strong> s ovim <strong data-start=\"620\" data-end=\"661\">OEM LCD stra\u017enjim poklopcem (CHC03, 71CJ1)<\/strong>. Dizajniran posebno za ovaj model, ovaj originalni <strong data-start=\"714\" data-end=\"729\">dio za prijenosno ra\u010dunalo<\/strong> osigurava izdr\u017eljivost i savr\u0161eno pristajanje, zadr\u017eavaju\u0107i robustan dizajn va\u0161eg ure\u0111aja.<\/p>\n<h3 class=\"\" data-start=\"817\" data-end=\"840\"><strong data-start=\"821\" data-end=\"838\">Klju\u010dne zna\u010dajke:<\/strong><\/h3>\n<p class=\"\" data-start=\"841\" data-end=\"1256\">\u2714 <strong data-start=\"843\" data-end=\"868\">Originalni Dell OEM dio<\/strong> \u2013 Model: <strong data-start=\"878\" data-end=\"894\">CHC03, 71CJ1<\/strong><br data-start=\"894\" data-end=\"897\" \/>\u2714 <strong data-start=\"899\" data-end=\"947\">Kompatibilan s Dell Latitude 14 5420 Rugged<\/strong><br data-start=\"947\" data-end=\"950\" \/>\u2714 <strong data-start=\"952\" data-end=\"980\">Zamjena visoke kvalitete<\/strong> \u2013 Idealna za o\u0161te\u0107ene ili istro\u0161ene poklopci<br data-start=\"1019\" data-end=\"1022\" \/>\u2714 <strong data-start=\"1024\" data-end=\"1041\">Robusni dizajn<\/strong> \u2013 Zadr\u017eava izvorne za\u0161titne zna\u010dajke va\u0161eg prijenosnog ra\u010dunala<br data-start=\"1101\" data-end=\"1104\" \/>\u2714 <strong data-start=\"1106\" data-end=\"1127\">Jednostavna instalacija<\/strong> \u2013 Savr\u0161eno pristaje bez izmjena<br data-start=\"1166\" data-end=\"1169\" \/>\u2714 <strong data-start=\"1171\" data-end=\"1186\">Prave fotografije<\/strong> \u2013 Slike u ovom popisu prikazuju stvarni proizvod koji \u0107ete dobiti<\/p>\n<p class=\"\" data-start=\"1258\" data-end=\"1485\">Ovaj <strong data-start=\"1263\" data-end=\"1303\">stra\u017enji poklopac LCD-a Dell Latitude 14 5420<\/strong> bitna je zamjena za korisnike koji \u017eele vratiti izdr\u017eljivost i izgled prijenosnog ra\u010dunala. Upute nisu uklju\u010dene, ali ako trebate pomo\u0107, slobodno <strong data-start=\"1468\" data-end=\"1482\">nam po\u0161aljite poruku<\/strong>.<\/p>\n<p class=\"\" data-start=\"1487\" data-end=\"1570\">\ud83d\udce6 <strong data-start=\"1490\" data-end=\"1523\">Dostupna je dostava diljem svijeta!<\/strong> Naru\u010dite sada i dajte svom prijenosnom ra\u010dunalu svje\u017e izgled.<\/p>\n","protected":false},"excerpt":{"rendered":"<p>Originalni Dell Latitude 14 5420 Rugged LCD stra\u017enji poklopac (CHC03, 71CJ1). Savr\u0161eno za zamjenu o\u0161te\u0107enog ili istro\u0161enog stra\u017enjeg poklopca, osiguravaju\u0107i sigurno prianjanje i izdr\u017eljivost. Uklju\u010dene su prave fotografije proizvoda.<\/p>\n","protected":false},"featured_media":28315,"template":"","meta":[],"product_brand":[],"product_cat":[51],"product_tag":[52],"class_list":{"0":"post-28263","1":"product","2":"type-product","3":"status-publish","4":"has-post-thumbnail","6":"product_cat-laptop-housing","7":"product_tag-dell","9":"first","10":"instock","11":"taxable","12":"shipping-taxable","13":"purchasable","14":"product-type-simple"},"_links":{"self":[{"href":"https:\/\/boreait.com\/hr\/wp-json\/wp\/v2\/product\/28263","targetHints":{"allow":["GET"]}}],"collection":[{"href":"https:\/\/boreait.com\/hr\/wp-json\/wp\/v2\/product"}],"about":[{"href":"https:\/\/boreait.com\/hr\/wp-json\/wp\/v2\/types\/product"}],"wp:featuredmedia":[{"embeddable":true,"href":"https:\/\/boreait.com\/hr\/wp-json\/wp\/v2\/media\/28315"}],"wp:attachment":[{"href":"https:\/\/boreait.com\/hr\/wp-json\/wp\/v2\/media?parent=28263"}],"wp:term":[{"taxonomy":"product_brand","embeddable":true,"href":"https:\/\/boreait.com\/hr\/wp-json\/wp\/v2\/product_brand?post=28263"},{"taxonomy":"product_cat","embeddable":true,"href":"https:\/\/boreait.com\/hr\/wp-json\/wp\/v2\/product_cat?post=28263"},{"taxonomy":"product_tag","embeddable":true,"href":"https:\/\/boreait.com\/hr\/wp-json\/wp\/v2\/product_tag?post=28263"}],"curies":[{"name":"wp","href":"https:\/\/api.w.org\/{rel}","templated":true}]}}