{"id":28262,"date":"2025-07-25T13:46:47","date_gmt":"2025-07-25T13:46:47","guid":{"rendered":"https:\/\/boreait.com\/hr\/?post_type=product&#038;p=28262"},"modified":"2025-07-25T13:48:05","modified_gmt":"2025-07-25T13:48:05","slug":"originalni-lenovo-ideapad-3-15iil05-lcd-sarke-lijevi-i-desni-set-dijelovi-prijenosnog-racunala","status":"publish","type":"product","link":"https:\/\/boreait.com\/hr\/product\/originalni-lenovo-ideapad-3-15iil05-lcd-sarke-lijevi-i-desni-set-dijelovi-prijenosnog-racunala\/","title":{"rendered":"Originalni Lenovo IdeaPad 3 15IIL05 LCD \u0161arke \u2013 Lijevi i desni set \u2013 Dijelovi prijenosnog ra\u010dunala"},"content":{"rendered":"<p class=\"\" data-start=\"473\" data-end=\"655\">Tra\u017eite <strong data-start=\"485\" data-end=\"511\">zamjenske LCD \u0161arke<\/strong> za svoj <strong data-start=\"521\" data-end=\"549\">Lenovo IdeaPad 3 15IIL05<\/strong>? Ovaj set uklju\u010duje <strong data-start=\"569\" data-end=\"599\">lijeve i desne \u0161arke<\/strong>, osiguravaju\u0107i savr\u0161eno pristajanje za besprijekorno pomicanje zaslona.<\/p>\n<p class=\"\" data-start=\"657\" data-end=\"678\">\u2728 <strong data-start=\"659\" data-end=\"676\">Klju\u010dne zna\u010dajke:<\/strong><\/p>\n<ul data-start=\"679\" data-end=\"944\">\n<li class=\"\" data-start=\"679\" data-end=\"733\">\n<p class=\"\" data-start=\"681\" data-end=\"733\"><strong data-start=\"681\" data-end=\"701\">Kompatibilni model<\/strong>: Lenovo <strong data-start=\"710\" data-end=\"731\">IdeaPad 3 15IIL05<\/strong><\/p>\n<\/li>\n<li class=\"\" data-start=\"734\" data-end=\"777\">\n<p class=\"\" data-start=\"736\" data-end=\"777\"><strong data-start=\"736\" data-end=\"749\">Stanje<\/strong>: Originalni zamjenski dio<\/p>\n<\/li>\n<li class=\"\" data-start=\"778\" data-end=\"819\">\n<p class=\"\" data-start=\"780\" data-end=\"819\"><strong data-start=\"780\" data-end=\"796\">Set uklju\u010duje<\/strong>: lijevo &amp; desne \u0161arke<\/p>\n<\/li>\n<li class=\"\" data-start=\"820\" data-end=\"885\">\n<p class=\"\" data-start=\"822\" data-end=\"885\"><strong data-start=\"822\" data-end=\"844\">Izdr\u017eljiv &amp; Pouzdan<\/strong>: Dizajniran za dugotrajnu izvedbu<\/p>\n<\/li>\n<li class=\"\" data-start=\"886\" data-end=\"944\">\n<p class=\"\" data-start=\"888\" data-end=\"944\"><strong data-start=\"888\" data-end=\"903\">Prave fotografije<\/strong>: Ono \u0161to vidite to\u010dno je ono \u0161to dobivate!<\/p>\n<\/li>\n<\/ul>\n<p class=\"\" data-start=\"946\" data-end=\"1094\">\ud83d\udd27 <strong data-start=\"949\" data-end=\"971\">Napomena za instalaciju:<\/strong><br data-start=\"971\" data-end=\"974\" \/>Ne dajemo upute za zamjenu dijelova prijenosnog ra\u010dunala, ali <strong data-start=\"1037\" data-end=\"1091\">slobodno po\u0161aljite nam poruku ako trebate pomo\u0107<\/strong>.<\/p>\n<p class=\"\" data-start=\"1096\" data-end=\"1156\">\ud83d\udce6 <strong data-start=\"1099\" data-end=\"1131\">Dostupna dostava \u0161irom svijeta<\/strong> \u2013 Kupujte s povjerenjem!<\/p>\n<p class=\"\" data-start=\"1158\" data-end=\"1289\">Ovaj popis je dio na\u0161e <strong data-start=\"1186\" data-end=\"1224\">vrhunske kolekcije dijelova za prijenosna ra\u010dunala<\/strong>, osiguravaju\u0107i <strong data-start=\"1235\" data-end=\"1264\">zamjene visoke kvalitete<\/strong> za va\u0161e potrebe popravka.<\/p>\n","protected":false},"excerpt":{"rendered":"<p>Zamijenite svoje istro\u0161ene ili polomljene \u0161arke ovim <strong data-start=\"276\" data-end=\"326\">originalnim Lenovo IdeaPad 3 15IIL05 LCD setom \u0161arki<\/strong>. Savr\u0161eno pristaje za glatko kretanje zaslona i izdr\u017eljivost. <strong data-start=\"383\" data-end=\"413\">Prikazane su prave fotografije proizvoda!<\/strong><\/p>\n","protected":false},"featured_media":28314,"template":"","meta":[],"product_brand":[],"product_cat":[54],"product_tag":[61],"class_list":{"0":"post-28262","1":"product","2":"type-product","3":"status-publish","4":"has-post-thumbnail","6":"product_cat-screen-hinge","7":"product_tag-lenovo","9":"first","10":"instock","11":"taxable","12":"shipping-taxable","13":"purchasable","14":"product-type-simple"},"_links":{"self":[{"href":"https:\/\/boreait.com\/hr\/wp-json\/wp\/v2\/product\/28262","targetHints":{"allow":["GET"]}}],"collection":[{"href":"https:\/\/boreait.com\/hr\/wp-json\/wp\/v2\/product"}],"about":[{"href":"https:\/\/boreait.com\/hr\/wp-json\/wp\/v2\/types\/product"}],"wp:featuredmedia":[{"embeddable":true,"href":"https:\/\/boreait.com\/hr\/wp-json\/wp\/v2\/media\/28314"}],"wp:attachment":[{"href":"https:\/\/boreait.com\/hr\/wp-json\/wp\/v2\/media?parent=28262"}],"wp:term":[{"taxonomy":"product_brand","embeddable":true,"href":"https:\/\/boreait.com\/hr\/wp-json\/wp\/v2\/product_brand?post=28262"},{"taxonomy":"product_cat","embeddable":true,"href":"https:\/\/boreait.com\/hr\/wp-json\/wp\/v2\/product_cat?post=28262"},{"taxonomy":"product_tag","embeddable":true,"href":"https:\/\/boreait.com\/hr\/wp-json\/wp\/v2\/product_tag?post=28262"}],"curies":[{"name":"wp","href":"https:\/\/api.w.org\/{rel}","templated":true}]}}