{"id":28254,"date":"2025-07-25T13:46:26","date_gmt":"2025-07-25T13:46:26","guid":{"rendered":"https:\/\/boreait.com\/hr\/?post_type=product&#038;p=28254"},"modified":"2025-07-25T13:48:02","modified_gmt":"2025-07-25T13:48:02","slug":"lenovo-ideapad-3-15iil05-lcd-okvir-prednji-okvir-originalnog-prijenosnog-racunala-zamjenski-dio","status":"publish","type":"product","link":"https:\/\/boreait.com\/hr\/product\/lenovo-ideapad-3-15iil05-lcd-okvir-prednji-okvir-originalnog-prijenosnog-racunala-zamjenski-dio\/","title":{"rendered":"Lenovo IdeaPad 3 15IIL05 LCD okvir | Prednji okvir originalnog prijenosnog ra\u010dunala | Zamjenski dio"},"content":{"rendered":"<p class=\"\" data-start=\"585\" data-end=\"652\"><strong data-start=\"585\" data-end=\"650\">Lenovo IdeaPad 3 15IIL05 81we LCD okvir \u2013 originalni zamjenski dio<\/strong><\/p>\n<p class=\"\" data-start=\"654\" data-end=\"986\">Tra\u017eite <strong data-start=\"668\" data-end=\"693\">zamjenski LCD okvir<\/strong> za svoj <strong data-start=\"703\" data-end=\"731\">Lenovo IdeaPad 3 15IIL05<\/strong>? Ovaj <strong data-start=\"738\" data-end=\"763\">autenti\u010dni prednji okvir<\/strong> savr\u0161eno je rje\u0161enje za vra\u0107anje zaslona va\u0161eg prijenosnog ra\u010dunala u izvorno stanje. Bez obzira je li va\u0161 postoje\u0107i okvir napuknut, izgreban ili labav, ovaj dio osigurava <strong data-start=\"932\" data-end=\"946\">sigurno pristajanje<\/strong> i <strong data-start=\"953\" data-end=\"983\">\u010distu, profesionalnu zavr\u0161nu obradu<\/strong>.<\/p>\n<h3 class=\"\" data-start=\"988\" data-end=\"1011\"><strong data-start=\"992\" data-end=\"1009\">Klju\u010dne zna\u010dajke:<\/strong><\/h3>\n<p class=\"\" data-start=\"1012\" data-end=\"1373\">\u2714\ufe0f <strong data-start=\"1015\" data-end=\"1035\">Kompatibilni model<\/strong>: Lenovo IdeaPad 3 15IIL05<br data-start=\"1061\" data-end=\"1064\" \/>\u2714\ufe0f <strong data-start=\"1067\" data-end=\"1090\">Originalna zamjena<\/strong>: visokokvalitetna, izdr\u017eljiva konstrukcija<br data-start=\"1126\" data-end=\"1129\" \/>\u2714\ufe0f <strong data-start=\"1132\" data-end=\"1147\">Savr\u0161eno pristajanje<\/strong>: Dizajnirano posebno za ovaj model, osigurava jednostavnu instalaciju<br data-start=\"1213\" data-end=\"1216\" \/>\u2714\ufe0f <strong data-start=\"1219\" data-end=\"1245\">Estetika &amp; Funkcionalno<\/strong>: Pobolj\u0161ava izgled prijenosnog ra\u010dunala dok \u0161titi zaslon<br data-start=\"1305\" data-end=\"1308\" \/>\u2714\ufe0f <strong data-start=\"1311\" data-end=\"1326\">Prave fotografije<\/strong>: Ono \u0161to vidite to\u010dno je ono \u0161to \u0107ete i dobiti<\/p>\n<p class=\"\" data-start=\"1375\" data-end=\"1523\">\ud83d\udd39 <strong data-start=\"1378\" data-end=\"1398\">Trebate li pomo\u0107?<\/strong> Iako ne pru\u017eamo upute za instalaciju korak po korak, rado \u0107emo odgovoriti na sva pitanja\u2014samo nam po\u0161aljite poruku!<\/p>\n<p class=\"\" data-start=\"1525\" data-end=\"1649\">\ud83d\udce6 <strong data-start=\"1528\" data-end=\"1560\">Dostupna dostava diljem svijeta<\/strong>: \u0160aljemo diljem <strong data-start=\"1577\" data-end=\"1600\">Europe i globalno<\/strong> sa sigurnim pakiranjem kako bismo osigurali sigurnu dostavu.<\/p>\n<p class=\"\" data-start=\"1651\" data-end=\"1729\"><strong data-start=\"1651\" data-end=\"1727\">Nadogradite svoj Lenovo IdeaPad 3 15IIL05 ovim kvalitetnim LCD okvirom danas!<\/strong><\/p>\n","protected":false},"excerpt":{"rendered":"<p>Nadogradite svoj Lenovo IdeaPad 3 15IIL05 ovim <strong data-start=\"344\" data-end=\"365\">originalnim LCD okvirom<\/strong>. Savr\u0161en za zamjenu o\u0161te\u0107enog ili istro\u0161enog prednjeg okvira, ovaj visokokvalitetni dio osigurava dobro pristajanje i elegantan izgled. <strong data-start=\"484\" data-end=\"529\">Prave fotografije\u2014ono \u0161to vidite to i dobijete!<\/strong><\/p>\n","protected":false},"featured_media":28313,"template":"","meta":[],"product_brand":[],"product_cat":[51],"product_tag":[61],"class_list":{"0":"post-28254","1":"product","2":"type-product","3":"status-publish","4":"has-post-thumbnail","6":"product_cat-laptop-housing","7":"product_tag-lenovo","9":"first","10":"instock","11":"taxable","12":"shipping-taxable","13":"purchasable","14":"product-type-simple"},"_links":{"self":[{"href":"https:\/\/boreait.com\/hr\/wp-json\/wp\/v2\/product\/28254","targetHints":{"allow":["GET"]}}],"collection":[{"href":"https:\/\/boreait.com\/hr\/wp-json\/wp\/v2\/product"}],"about":[{"href":"https:\/\/boreait.com\/hr\/wp-json\/wp\/v2\/types\/product"}],"wp:featuredmedia":[{"embeddable":true,"href":"https:\/\/boreait.com\/hr\/wp-json\/wp\/v2\/media\/28313"}],"wp:attachment":[{"href":"https:\/\/boreait.com\/hr\/wp-json\/wp\/v2\/media?parent=28254"}],"wp:term":[{"taxonomy":"product_brand","embeddable":true,"href":"https:\/\/boreait.com\/hr\/wp-json\/wp\/v2\/product_brand?post=28254"},{"taxonomy":"product_cat","embeddable":true,"href":"https:\/\/boreait.com\/hr\/wp-json\/wp\/v2\/product_cat?post=28254"},{"taxonomy":"product_tag","embeddable":true,"href":"https:\/\/boreait.com\/hr\/wp-json\/wp\/v2\/product_tag?post=28254"}],"curies":[{"name":"wp","href":"https:\/\/api.w.org\/{rel}","templated":true}]}}