{"id":28252,"date":"2025-07-25T13:46:26","date_gmt":"2025-07-25T13:46:26","guid":{"rendered":"https:\/\/boreait.com\/hr\/?post_type=product&#038;p=28252"},"modified":"2025-07-25T13:47:51","modified_gmt":"2025-07-25T13:47:51","slug":"rabljeni-lcd-kabel-gs552-za-lenovo-ideapad-3-15-v15-dc020027800-30pin","status":"publish","type":"product","link":"https:\/\/boreait.com\/hr\/product\/rabljeni-lcd-kabel-gs552-za-lenovo-ideapad-3-15-v15-dc020027800-30pin\/","title":{"rendered":"Rabljeni LCD kabel GS552 za Lenovo IdeaPad 3-15 V15 DC020027800 30pin"},"content":{"rendered":"<p class=\"\" data-start=\"382\" data-end=\"593\">Ovo je <strong data-start=\"392\" data-end=\"448\">rabljeni, originalni kabel za LCD EDP zaslon (GS552, 30-pinski)<\/strong>, potpuno testiran i u izvrsnom radnom stanju.<br data-start=\"498\" data-end=\"501\" \/>Kompatibilan je sa \u0161irokim rasponom Lenovo <strong data-start=\"546\" data-end=\"562\">IdeaPad 3-15<\/strong> i <strong data-start=\"567\" data-end=\"574\">V15<\/strong> modeli, uklju\u010duju\u0107i:<\/p>\n<ul data-start=\"595\" data-end=\"762\">\n<li class=\"\" data-start=\"595\" data-end=\"671\">\n<p class=\"\" data-start=\"597\" data-end=\"671\">IdeaPad 3-15IIL05, 3-15IML05, 3-15ADA05, 3-15ARE05, 3-15IGL05, 3-15ITL05<\/p>\n<\/li>\n<li class=\"\" data-start=\"672\" data-end=\"686\">\n<p class=\"\" data-start=\"674\" data-end=\"686\">V15 G1-IML<\/p>\n<\/li>\n<li class=\"\" data-start=\"687\" data-end=\"762\">\n<p class=\"\" data-start=\"689\" data-end=\"762\">Brojevi modela: <strong data-start=\"704\" data-end=\"760\">81WE, 81W1, 81W4, 81WB, 81WR, 81WQ, 81X8, 82BS, 82NB<\/strong><\/p>\n<\/li>\n<\/ul>\n<p class=\"\" data-start=\"764\" data-end=\"938\">Tako\u0111er zamjenjuje brojeve dijelova: <strong data-start=\"792\" data-end=\"807\">DC020027800<\/strong>, <strong data-start=\"809\" data-end=\"824\">DC020027820<\/strong>.<br data-start=\"825\" data-end=\"828\" \/>Ovaj <strong data-start=\"833\" data-end=\"849\">30-pinski kabel<\/strong> povezuje mati\u010dnu plo\u010du prijenosnog ra\u010dunala s LCD zaslonom, omogu\u0107uju\u0107i o\u0161tar i jasan prikaz.<\/p>\n<p class=\"\" data-start=\"940\" data-end=\"1044\">\u2705 100% testirano i radi<br data-start=\"965\" data-end=\"968\" \/>\u2705 Idealno za popravke ili zamjene ekrana<br data-start=\"1010\" data-end=\"1013\" \/>\u2705 Brza dostava iz Slovenije<\/p>\n<p class=\"\" data-start=\"1046\" data-end=\"1120\">Trebate li pomo\u0107 pri provjeri kompatibilnosti? Samo nam po\u0161aljite poruku sa svojim brojem modela!<\/p>\n","protected":false},"excerpt":{"rendered":"<p>Rabljeni original LCD EDP kabel GS552, 30-pinski, za razne modele Lenovo IdeaPad i V15. Kompatibilan s brojevima dijelova DC020027800 i DC020027820.<\/p>\n","protected":false},"featured_media":28304,"template":"","meta":[],"product_brand":[],"product_cat":[55],"product_tag":[61],"class_list":{"0":"post-28252","1":"product","2":"type-product","3":"status-publish","4":"has-post-thumbnail","6":"product_cat-cables","7":"product_tag-lenovo","9":"first","10":"instock","11":"taxable","12":"shipping-taxable","13":"purchasable","14":"product-type-simple"},"_links":{"self":[{"href":"https:\/\/boreait.com\/hr\/wp-json\/wp\/v2\/product\/28252","targetHints":{"allow":["GET"]}}],"collection":[{"href":"https:\/\/boreait.com\/hr\/wp-json\/wp\/v2\/product"}],"about":[{"href":"https:\/\/boreait.com\/hr\/wp-json\/wp\/v2\/types\/product"}],"wp:featuredmedia":[{"embeddable":true,"href":"https:\/\/boreait.com\/hr\/wp-json\/wp\/v2\/media\/28304"}],"wp:attachment":[{"href":"https:\/\/boreait.com\/hr\/wp-json\/wp\/v2\/media?parent=28252"}],"wp:term":[{"taxonomy":"product_brand","embeddable":true,"href":"https:\/\/boreait.com\/hr\/wp-json\/wp\/v2\/product_brand?post=28252"},{"taxonomy":"product_cat","embeddable":true,"href":"https:\/\/boreait.com\/hr\/wp-json\/wp\/v2\/product_cat?post=28252"},{"taxonomy":"product_tag","embeddable":true,"href":"https:\/\/boreait.com\/hr\/wp-json\/wp\/v2\/product_tag?post=28252"}],"curies":[{"name":"wp","href":"https:\/\/api.w.org\/{rel}","templated":true}]}}