{"id":28250,"date":"2025-07-25T13:46:25","date_gmt":"2025-07-25T13:46:25","guid":{"rendered":"https:\/\/boreait.com\/hr\/?post_type=product&#038;p=28250"},"modified":"2025-07-25T13:47:45","modified_gmt":"2025-07-25T13:47:45","slug":"zamjena-zvucnika-za-prijenosno-racunalo-lenovo-ideapad-3-15are05-3-15iil-15iml-pk23000ssv0-originalan-dio-visoke-kvalitete","status":"publish","type":"product","link":"https:\/\/boreait.com\/hr\/product\/zamjena-zvucnika-za-prijenosno-racunalo-lenovo-ideapad-3-15are05-3-15iil-15iml-pk23000ssv0-originalan-dio-visoke-kvalitete\/","title":{"rendered":"Zamjena zvu\u010dnika za prijenosno ra\u010dunalo Lenovo IdeaPad 3-15ARE05 3 15IIL 15IML PK23000SSV0 \u2013 originalan dio visoke kvalitete"},"content":{"rendered":"<p class=\"\" data-start=\"843\" data-end=\"1119\">Vratite audio performanse svog prijenosnog ra\u010dunala s ovim <strong data-start=\"893\" data-end=\"974\">Lenovo IdeaPad 3-15ARE05 3 15IIL 15IML PK23000SSV0 zamjenskim zvu\u010dnikom prijenosnog ra\u010dunala<\/strong>. Ako imate problema s niskim ili nikakvim zvukom, ovaj originalni zamjenski zvu\u010dnik savr\u0161eno je rje\u0161enje da vratite svoj ure\u0111aj u \u017eivot.<\/p>\n<p class=\"\" data-start=\"1121\" data-end=\"1138\"><strong data-start=\"1121\" data-end=\"1138\">Klju\u010dne zna\u010dajke:<\/strong><\/p>\n<ul data-start=\"1139\" data-end=\"1911\">\n<li class=\"\" data-start=\"1139\" data-end=\"1337\">\n<p class=\"\" data-start=\"1141\" data-end=\"1337\"><strong data-start=\"1141\" data-end=\"1177\">Originalni Lenovo zamjenski dio:<\/strong> Ovaj zvu\u010dnik dizajniran je posebno za <strong data-start=\"1224\" data-end=\"1252\">Lenovo IdeaPad 3-15ARE05<\/strong>, <strong data-start=\"1254\" data-end=\"1265\">3 15IIL<\/strong> i <strong data-start=\"1271\" data-end=\"1280\">15IML<\/strong> modela, osiguravaju\u0107i savr\u0161eno pristajanje i pouzdan rad.<\/p>\n<\/li>\n<li class=\"\" data-start=\"1338\" data-end=\"1544\">\n<p class=\"\" data-start=\"1340\" data-end=\"1544\"><strong data-start=\"1340\" data-end=\"1375\">Obnavljanje zvuka visoke kvalitete:<\/strong> bilo da gledate videozapise, slu\u0161ate glazbu ili sudjelujete u mre\u017enim pozivima, ovaj zvu\u010dnik vra\u0107a jasan i o\u0161tar zvuk za pobolj\u0161ano multimedijsko iskustvo.<\/p>\n<\/li>\n<li class=\"\" data-start=\"1545\" data-end=\"1756\">\n<p class=\"\" data-start=\"1547\" data-end=\"1756\"><strong data-start=\"1547\" data-end=\"1569\">Jednostavna instalacija:<\/strong> Iako upute za instalaciju nisu dane, mo\u017eete nas kontaktirati za pomo\u0107 ako je potrebna. Napominjemo da su fotografije prikazane u popisu to\u010dno onoga proizvoda koji \u0107ete dobiti.<\/p>\n<\/li>\n<li class=\"\" data-start=\"1757\" data-end=\"1908\">\n<p class=\"\" data-start=\"1759\" data-end=\"1908\"><strong data-start=\"1759\" data-end=\"1787\">Kompatibilnost u cijelom svijetu:<\/strong> Ovaj je dio prikladan za kupce u Europi i diljem svijeta, osiguravaju\u0107i glatko audio iskustvo bez obzira gdje se nalazite.<\/p>\n<\/li>\n<\/ul>\n<p class=\"\" data-start=\"1912\" data-end=\"2041\">Ako imate pitanja ili trebate dodatnu pomo\u0107 s instalacijom, slobodno nam se obratite. Rado \u0107emo vam pomo\u0107i!<\/p>\n<p class=\"\" data-start=\"2043\" data-end=\"2190\"><strong data-start=\"2043\" data-end=\"2062\">Va\u017ena napomena:<\/strong> Pru\u017eene slike stvarne su fotografije stvarnog dijela koji \u0107ete dobiti, \u010dime se osigurava transparentnost i povjerenje u va\u0161u kupnju.<\/p>\n","protected":false},"excerpt":{"rendered":"<p>Zamijenite svoj o\u0161te\u0107eni ili neispravan zvu\u010dnik <strong data-start=\"427\" data-end=\"496\">Lenovo IdeaPad 3-15ARE05 3 15IIL 15IML PK23000SSV0 zvu\u010dnikom za prijenosno ra\u010dunalo<\/strong>. Ovaj visokokvalitetni, originalni dio vra\u0107a optimalnu zvu\u010dnu izvedbu va\u0161em prijenosnom ra\u010dunalu, osiguravaju\u0107i jasan zvuk i pobolj\u0161ano iskustvo slu\u0161anja. Kompatibilan s nizom modela Lenovo IdeaPad, idealno je rje\u0161enje za vra\u0107anje audio funkcionalnosti va\u0161eg prijenosnog ra\u010dunala. Uklju\u010dene su prave fotografije proizvoda.<\/p>\n","protected":false},"featured_media":28302,"template":"","meta":[],"product_brand":[],"product_cat":[53],"product_tag":[61],"class_list":{"0":"post-28250","1":"product","2":"type-product","3":"status-publish","4":"has-post-thumbnail","6":"product_cat-laptop-speakers","7":"product_tag-lenovo","9":"first","10":"instock","11":"taxable","12":"shipping-taxable","13":"purchasable","14":"product-type-simple"},"_links":{"self":[{"href":"https:\/\/boreait.com\/hr\/wp-json\/wp\/v2\/product\/28250","targetHints":{"allow":["GET"]}}],"collection":[{"href":"https:\/\/boreait.com\/hr\/wp-json\/wp\/v2\/product"}],"about":[{"href":"https:\/\/boreait.com\/hr\/wp-json\/wp\/v2\/types\/product"}],"wp:featuredmedia":[{"embeddable":true,"href":"https:\/\/boreait.com\/hr\/wp-json\/wp\/v2\/media\/28302"}],"wp:attachment":[{"href":"https:\/\/boreait.com\/hr\/wp-json\/wp\/v2\/media?parent=28250"}],"wp:term":[{"taxonomy":"product_brand","embeddable":true,"href":"https:\/\/boreait.com\/hr\/wp-json\/wp\/v2\/product_brand?post=28250"},{"taxonomy":"product_cat","embeddable":true,"href":"https:\/\/boreait.com\/hr\/wp-json\/wp\/v2\/product_cat?post=28250"},{"taxonomy":"product_tag","embeddable":true,"href":"https:\/\/boreait.com\/hr\/wp-json\/wp\/v2\/product_tag?post=28250"}],"curies":[{"name":"wp","href":"https:\/\/api.w.org\/{rel}","templated":true}]}}