{"id":28249,"date":"2025-07-25T13:46:25","date_gmt":"2025-07-25T13:46:25","guid":{"rendered":"https:\/\/boreait.com\/hr\/?post_type=product&#038;p=28249"},"modified":"2026-02-09T09:55:47","modified_gmt":"2026-02-09T09:55:47","slug":"kamera-lenovo-ideapad-3-15iil05-01fr083-zamjenski-dio-za-popravak-prijenosnog-racunala-originalan-visokokvalitetan","status":"publish","type":"product","link":"https:\/\/boreait.com\/hr\/product\/kamera-lenovo-ideapad-3-15iil05-01fr083-zamjenski-dio-za-popravak-prijenosnog-racunala-originalan-visokokvalitetan\/","title":{"rendered":"Kamera Lenovo IdeaPad 3-15IIL05, 01FR083 \u2013 Zamjenski dio za popravak prijenosnog ra\u010dunala, originalan, visokokvalitetan"},"content":{"rendered":"<p class=\"\" data-start=\"682\" data-end=\"1139\">Nadogradite ili zamijenite kameru u svom <strong data-start=\"720\" data-end=\"748\">Lenovo IdeaPad 3-15IIL05<\/strong> ovim originalnim <strong data-start=\"767\" data-end=\"778\">01FR083<\/strong> modulom kamere. Bilo da imate posla s o\u0161te\u0107enom kamerom ili jednostavno nadogra\u0111ujete svoje prijenosno ra\u010dunalo, ovaj visokokvalitetni zamjenski dio dizajniran je da ponudi iznimnu video kvalitetu i izvedbu. Ova je kamera u potpunosti kompatibilna s modelom <strong data-start=\"1012\" data-end=\"1040\">Lenovo IdeaPad 3-15IIL05<\/strong>, \u0161to je \u010dini idealnim izborom za odr\u017eavanje ili vra\u0107anje funkcionalnosti web kamere va\u0161eg prijenosnog ra\u010dunala.<\/p>\n<p class=\"\" data-start=\"1141\" data-end=\"1158\"><strong data-start=\"1141\" data-end=\"1158\">Klju\u010dne zna\u010dajke:<\/strong><\/p>\n<ul data-start=\"1159\" data-end=\"1716\">\n<li class=\"\" data-start=\"1159\" data-end=\"1292\">\n<p class=\"\" data-start=\"1161\" data-end=\"1292\"><strong data-start=\"1161\" data-end=\"1184\">Originalna zamjena<\/strong>: Ovaj modul kamere je originalni Lenovo dio, osigurava besprijekornu kompatibilnost i dugotrajnu izvedbu.<\/p>\n<\/li>\n<li class=\"\" data-start=\"1293\" data-end=\"1452\">\n<p class=\"\" data-start=\"1295\" data-end=\"1452\"><strong data-start=\"1295\" data-end=\"1318\">Savr\u0161eno za popravke<\/strong>: Bilo da popravljate neispravnu web-kameru ili nadogra\u0111ujete svoj ure\u0111aj, ova zamjenska kamera jednostavno je i isplativo rje\u0161enje.<\/p>\n<\/li>\n<li class=\"\" data-start=\"1453\" data-end=\"1575\">\n<p class=\"\" data-start=\"1455\" data-end=\"1575\"><strong data-start=\"1455\" data-end=\"1472\">Kompatibilnost<\/strong>: Posebno dizajnirano za <strong data-start=\"1504\" data-end=\"1532\">Lenovo IdeaPad 3-15IIL05<\/strong>, osiguravaju\u0107i precizno pristajanje i funkcionalnost.<\/p>\n<\/li>\n<li class=\"\" data-start=\"1576\" data-end=\"1716\">\n<p class=\"\" data-start=\"1578\" data-end=\"1716\"><strong data-start=\"1578\" data-end=\"1593\">Prave fotografije<\/strong>: prikazane slike stvarne su fotografije fotoaparata koji \u0107ete dobiti. Budite uvjereni, dobit \u0107ete dio to\u010dno onakav kakav je na slici.<\/p>\n<\/li>\n<\/ul>\n<p class=\"\" data-start=\"1718\" data-end=\"1856\">Ako trebate pomo\u0107 s instalacijom ili imate pitanja o kompatibilnosti, slobodno mi po\u0161aljite izravnu poruku \u2013 rado \u0107u vam pomo\u0107i!<\/p>\n<p class=\"\" data-start=\"1858\" data-end=\"1942\">Pobolj\u0161ajte funkcionalnost svog prijenosnog ra\u010dunala ovom visokokvalitetnom zamjenskom kamerom ve\u0107 danas!<\/p>\n","protected":false},"excerpt":{"rendered":"<p>Zamijenite svoju o\u0161te\u0107enu ili neispravnu kameru ovim visokokvalitetnim modulom kamere Lenovo IdeaPad 3-15IIL05, 01FR083. Kompatibilan s modelom Lenovo IdeaPad 3-15IIL05, ovaj originalni dio osigurava jasan video i pouzdane performanse za va\u0161e prijenosno ra\u010dunalo. Savr\u0161en za popravke ili nadogradnje, dolazi sa stvarnim fotografijama stvarnog dijela koji \u0107ete dobiti.<\/p>\n","protected":false},"featured_media":28301,"template":"","meta":[],"product_brand":[],"product_cat":[58],"product_tag":[61],"class_list":{"0":"post-28249","1":"product","2":"type-product","3":"status-publish","4":"has-post-thumbnail","6":"product_cat-laptop-camera","7":"product_tag-lenovo","9":"first","10":"instock","11":"taxable","12":"shipping-taxable","13":"purchasable","14":"product-type-simple"},"_links":{"self":[{"href":"https:\/\/boreait.com\/hr\/wp-json\/wp\/v2\/product\/28249","targetHints":{"allow":["GET"]}}],"collection":[{"href":"https:\/\/boreait.com\/hr\/wp-json\/wp\/v2\/product"}],"about":[{"href":"https:\/\/boreait.com\/hr\/wp-json\/wp\/v2\/types\/product"}],"wp:featuredmedia":[{"embeddable":true,"href":"https:\/\/boreait.com\/hr\/wp-json\/wp\/v2\/media\/28301"}],"wp:attachment":[{"href":"https:\/\/boreait.com\/hr\/wp-json\/wp\/v2\/media?parent=28249"}],"wp:term":[{"taxonomy":"product_brand","embeddable":true,"href":"https:\/\/boreait.com\/hr\/wp-json\/wp\/v2\/product_brand?post=28249"},{"taxonomy":"product_cat","embeddable":true,"href":"https:\/\/boreait.com\/hr\/wp-json\/wp\/v2\/product_cat?post=28249"},{"taxonomy":"product_tag","embeddable":true,"href":"https:\/\/boreait.com\/hr\/wp-json\/wp\/v2\/product_tag?post=28249"}],"curies":[{"name":"wp","href":"https:\/\/api.w.org\/{rel}","templated":true}]}}