{"id":28237,"date":"2025-07-25T13:46:04","date_gmt":"2025-07-25T13:46:04","guid":{"rendered":"https:\/\/boreait.com\/hr\/?post_type=product&#038;p=28237"},"modified":"2026-02-09T09:37:37","modified_gmt":"2026-02-09T09:37:37","slug":"kingston-99p5316-014-a00lf-ddr2-2gb-ram-memorija-za-prijenosna-racunala-originalni-zamjenski-dio","status":"publish","type":"product","link":"https:\/\/boreait.com\/hr\/product\/kingston-99p5316-014-a00lf-ddr2-2gb-ram-memorija-za-prijenosna-racunala-originalni-zamjenski-dio\/","title":{"rendered":"Kingston 99P5316-014.A00LF DDR2 2GB RAM memorija za prijenosna ra\u010dunala \u2013 originalni zamjenski dio"},"content":{"rendered":"<p class=\"\" data-start=\"706\" data-end=\"1045\"><strong data-start=\"710\" data-end=\"753\">Kingston 99P5316-014.A00LF DDR2 2 GB RAM<\/strong> je visokokvalitetan, originalan zamjenski dio dizajniran za pobolj\u0161anje performansi va\u0161eg prijenosnog ra\u010dunala. Bilo da nadogra\u0111ujete postoje\u0107i sustav ili zamjenjujete neispravan modul, ovaj 2 GB DDR2 RAM-a \u0107e va\u0161em prijenosnom ra\u010dunalu pru\u017eiti pobolj\u0161anu brzinu i pouzdanost koja mu je potrebna za glatko pokretanje aplikacija.<\/p>\n<p class=\"\" data-start=\"1047\" data-end=\"1060\">Klju\u010dne zna\u010dajke:<\/p>\n<ul data-start=\"1061\" data-end=\"1267\">\n<li class=\"\" data-start=\"1061\" data-end=\"1080\">\n<p class=\"\" data-start=\"1063\" data-end=\"1080\"><strong data-start=\"1063\" data-end=\"1075\">Kapacitet<\/strong>: 2 GB<\/p>\n<\/li>\n<li class=\"\" data-start=\"1081\" data-end=\"1103\">\n<p class=\"\" data-start=\"1083\" data-end=\"1103\"><strong data-start=\"1083\" data-end=\"1091\">Vrsta<\/strong>: DDR2 SDRAM<\/p>\n<\/li>\n<li class=\"\" data-start=\"1104\" data-end=\"1165\">\n<p class=\"\" data-start=\"1106\" data-end=\"1165\"><strong data-start=\"1106\" data-end=\"1115\">Brzina<\/strong>: Kompatibilno sa sustavima koji podr\u017eavaju DDR2 memoriju<\/p>\n<\/li>\n<li class=\"\" data-start=\"1166\" data-end=\"1223\">\n<p class=\"\" data-start=\"1168\" data-end=\"1223\"><strong data-start=\"1168\" data-end=\"1177\">Brand<\/strong>: Kingston, pouzdano ime u memorijskim rje\u0161enjima<\/p>\n<\/li>\n<li class=\"\" data-start=\"1224\" data-end=\"1267\">\n<p class=\"\" data-start=\"1226\" data-end=\"1267\"><strong data-start=\"1226\" data-end=\"1239\">Stanje<\/strong>: Potpuno nov i originalan dio<\/p>\n<\/li>\n<\/ul>\n<p class=\"\" data-start=\"1269\" data-end=\"1541\">Ovaj DDR2 RAM od 2 GB kompatibilan je s prijenosnim ra\u010dunalima koja podr\u017eavaju DDR2 module, osiguravaju\u0107i besprijekorne nadogradnje performansi za razne sustave. To je idealno rje\u0161enje za korisnike koji \u017eele pove\u0107ati brzinu prijenosnog ra\u010dunala za zadatke kao \u0161to su pregledavanje, strujanje videozapisa i op\u0107enito ra\u010dunalstvo.<\/p>\n<p class=\"\" data-start=\"1543\" data-end=\"1858\">Imajte na umu da su fotografije u ovom popisu upravo onih proizvoda koje \u0107ete dobiti, tako da mo\u017eete biti sigurni u stanje i autenti\u010dnost dijela. <strong data-start=\"1695\" data-end=\"1742\">Ne pru\u017eamo upute za instalaciju<\/strong> uz ovaj proizvod, ali ako vam je potrebna pomo\u0107 ili imate bilo kakvih pitanja, ne ustru\u010davajte se poslati nam poruku \u2013 tu smo da vam pomognemo!<\/p>\n<p class=\"\" data-start=\"1860\" data-end=\"2097\">Nadogradite performanse svog prijenosnog ra\u010dunala danas s <strong data-start=\"1909\" data-end=\"1952\">Kingston 99P5316-014.A00LF DDR2 2 GB RAM<\/strong>. Bilo da mijenjate neispravan dio ili jednostavno pobolj\u0161avate performanse svom sustavu, ovaj originalni zamjenski dio je savr\u0161eno rje\u0161enje.<\/p>\n","protected":false},"excerpt":{"rendered":"<p>Nadogradite performanse svog prijenosnog ra\u010dunala s Kingston 99P5316-014.A00LF DDR2 2 GB RAM-a. Ovaj originalni zamjenski dio savr\u0161en je za pove\u0107anje brzine i u\u010dinkovitosti va\u0161eg sustava. Idealan za prijenosna ra\u010dunala koja podr\u017eavaju DDR2 RAM, osigurava pouzdan rad i spreman je za instalaciju. Prikazane fotografije su to\u010dan dio koji \u0107ete dobiti. Za pomo\u0107 pri postavljanju, slobodno nam po\u0161aljite poruku.<\/p>\n","protected":false},"featured_media":28289,"template":"","meta":[],"product_brand":[],"product_cat":[76,71],"product_tag":[],"class_list":{"0":"post-28237","1":"product","2":"type-product","3":"status-publish","4":"has-post-thumbnail","6":"product_cat-ddr2","7":"product_cat-ram-memory","9":"first","10":"instock","11":"taxable","12":"shipping-taxable","13":"purchasable","14":"product-type-simple"},"_links":{"self":[{"href":"https:\/\/boreait.com\/hr\/wp-json\/wp\/v2\/product\/28237","targetHints":{"allow":["GET"]}}],"collection":[{"href":"https:\/\/boreait.com\/hr\/wp-json\/wp\/v2\/product"}],"about":[{"href":"https:\/\/boreait.com\/hr\/wp-json\/wp\/v2\/types\/product"}],"wp:featuredmedia":[{"embeddable":true,"href":"https:\/\/boreait.com\/hr\/wp-json\/wp\/v2\/media\/28289"}],"wp:attachment":[{"href":"https:\/\/boreait.com\/hr\/wp-json\/wp\/v2\/media?parent=28237"}],"wp:term":[{"taxonomy":"product_brand","embeddable":true,"href":"https:\/\/boreait.com\/hr\/wp-json\/wp\/v2\/product_brand?post=28237"},{"taxonomy":"product_cat","embeddable":true,"href":"https:\/\/boreait.com\/hr\/wp-json\/wp\/v2\/product_cat?post=28237"},{"taxonomy":"product_tag","embeddable":true,"href":"https:\/\/boreait.com\/hr\/wp-json\/wp\/v2\/product_tag?post=28237"}],"curies":[{"name":"wp","href":"https:\/\/api.w.org\/{rel}","templated":true}]}}