{"id":28210,"date":"2025-07-25T13:45:38","date_gmt":"2025-07-25T13:45:38","guid":{"rendered":"https:\/\/boreait.com\/hr\/?post_type=product&#038;p=28210"},"modified":"2026-02-09T09:34:49","modified_gmt":"2026-02-09T09:34:49","slug":"4-gb-ddr3-1600-udimm-15-v-cl11-ram-memorijski-modul-stolnog-racunala","status":"publish","type":"product","link":"https:\/\/boreait.com\/hr\/product\/4-gb-ddr3-1600-udimm-15-v-cl11-ram-memorijski-modul-stolnog-racunala\/","title":{"rendered":"4 GB DDR3-1600 UDIMM 1,5 V CL11 RAM \u2013 memorijski modul stolnog ra\u010dunala"},"content":{"rendered":"<p class=\"\" data-start=\"677\" data-end=\"985\">Poja\u010dajte brzinu i u\u010dinkovitost svoje radne povr\u0161ine s ovim <strong data-start=\"729\" data-end=\"763\">4GB DDR3-1600 UDIMM RAM modulom<\/strong>. Dizajniran za <strong data-start=\"778\" data-end=\"816\">glatku izvedbu i pouzdanost<\/strong>, ovaj memorijski modul radi na <strong data-start=\"849\" data-end=\"860\">1600MHz<\/strong> s <strong data-start=\"868\" data-end=\"891\">naponom od 1,5 V<\/strong> i <strong data-start=\"898\" data-end=\"918\">CL11 CAS latencija<\/strong>, osiguravaju\u0107i brz odziv sustava i besprijekoran multitasking.<\/p>\n<h3 class=\"\" data-start=\"987\" data-end=\"1010\"><strong data-start=\"991\" data-end=\"1008\">Klju\u010dne zna\u010dajke:<\/strong><\/h3>\n<p class=\"\" data-start=\"1011\" data-end=\"1304\">\u2714 <strong data-start=\"1013\" data-end=\"1026\">Kapacitet:<\/strong> 4 GB<br data-start=\"1030\" data-end=\"1033\" \/>\u2714 <strong data-start=\"1035\" data-end=\"1044\">Vrsta:<\/strong> DDR3 UDIMM (bez me\u0111uspremnika)<br data-start=\"1068\" data-end=\"1071\" \/>\u2714 <strong data-start=\"1073\" data-end=\"1083\">Brzina:<\/strong> 1600MHz (PC3-12800)<br data-start=\"1103\" data-end=\"1106\" \/>\u2714 <strong data-start=\"1108\" data-end=\"1120\">Napon:<\/strong> 1,5 V<br data-start=\"1125\" data-end=\"1128\" \/>\u2714 <strong data-start=\"1130\" data-end=\"1146\">CAS ka\u0161njenje:<\/strong> CL11<br data-start=\"1151\" data-end=\"1154\" \/>\u2714 <strong data-start=\"1156\" data-end=\"1174\">Kompatibilnost:<\/strong> Dizajnirano za stolna ra\u010dunala koja podr\u017eavaju DDR3-1600 UDIMM module<br data-start=\"1233\" data-end=\"1236\" \/>\u2714 <strong data-start=\"1238\" data-end=\"1259\">Testirano &amp; Rad:<\/strong> Potpuno testiran na performanse i stabilnost<\/p>\n<h3 class=\"\" data-start=\"1306\" data-end=\"1332\"><strong data-start=\"1310\" data-end=\"1330\">Za\u0161to kupovati od nas?<\/strong><\/h3>\n<p class=\"\" data-start=\"1333\" data-end=\"1646\">\ud83d\udd39 <strong data-start=\"1336\" data-end=\"1359\">Prave fotografije proizvoda<\/strong> \u2013 Ono \u0161to vidite to i dobijete!<br data-start=\"1391\" data-end=\"1394\" \/>\ud83d\udd39 <strong data-start=\"1397\" data-end=\"1424\">Originalni &amp; Testirana memorija<\/strong> \u2013 Provjerava se funkcionalnost svakog modula.<br data-start=\"1468\" data-end=\"1471\" \/>\ud83d\udd39 <strong data-start=\"1474\" data-end=\"1496\">Dostava diljem svijeta<\/strong> \u2013 Brza i sigurna dostava dostupna diljem Europe i \u0161ire.<br data-start=\"1559\" data-end=\"1562\" \/>\ud83d\udd39 <strong data-start=\"1565\" data-end=\"1579\">Trebate li pomo\u0107?<\/strong> \u2013 Ako niste sigurni o kompatibilnosti, slobodno nam po\u0161aljite poruku.<\/p>\n<p class=\"\" data-start=\"1648\" data-end=\"1724\">Nadogradite svoju radnu povr\u0161inu danas ovim <strong data-start=\"1685\" data-end=\"1711\">pouzdanim DDR3-1600 RAM<\/strong> modulom! \ud83d\ude80<\/p>\n","protected":false},"excerpt":{"rendered":"<p class=\"\" data-start=\"322\" data-end=\"579\">Nadogradite performanse svoje radne povr\u0161ine ovim <strong data-start=\"367\" data-end=\"401\">4GB DDR3-1600 UDIMM RAM modulom<\/strong>. Rade\u0107i na <strong data-start=\"416\" data-end=\"427\">1600MHz<\/strong> s <strong data-start=\"435\" data-end=\"443\">1,5V<\/strong> nazivnom snagom i <strong data-start=\"461\" data-end=\"477\">CL11 latencijom<\/strong>, idealan je izbor za nesmetan multitasking i stabilnost sustava. <strong data-start=\"546\" data-end=\"579\">Uklju\u010dene su prave fotografije proizvoda!<\/strong><\/p>\n","protected":false},"featured_media":28261,"template":"","meta":[],"product_brand":[],"product_cat":[72,71],"product_tag":[],"class_list":{"0":"post-28210","1":"product","2":"type-product","3":"status-publish","4":"has-post-thumbnail","6":"product_cat-ddr3-ddr3l","7":"product_cat-ram-memory","9":"first","10":"instock","11":"taxable","12":"shipping-taxable","13":"purchasable","14":"product-type-simple"},"_links":{"self":[{"href":"https:\/\/boreait.com\/hr\/wp-json\/wp\/v2\/product\/28210","targetHints":{"allow":["GET"]}}],"collection":[{"href":"https:\/\/boreait.com\/hr\/wp-json\/wp\/v2\/product"}],"about":[{"href":"https:\/\/boreait.com\/hr\/wp-json\/wp\/v2\/types\/product"}],"wp:featuredmedia":[{"embeddable":true,"href":"https:\/\/boreait.com\/hr\/wp-json\/wp\/v2\/media\/28261"}],"wp:attachment":[{"href":"https:\/\/boreait.com\/hr\/wp-json\/wp\/v2\/media?parent=28210"}],"wp:term":[{"taxonomy":"product_brand","embeddable":true,"href":"https:\/\/boreait.com\/hr\/wp-json\/wp\/v2\/product_brand?post=28210"},{"taxonomy":"product_cat","embeddable":true,"href":"https:\/\/boreait.com\/hr\/wp-json\/wp\/v2\/product_cat?post=28210"},{"taxonomy":"product_tag","embeddable":true,"href":"https:\/\/boreait.com\/hr\/wp-json\/wp\/v2\/product_tag?post=28210"}],"curies":[{"name":"wp","href":"https:\/\/api.w.org\/{rel}","templated":true}]}}