{"id":28197,"date":"2025-07-25T13:45:15","date_gmt":"2025-07-25T13:45:15","guid":{"rendered":"https:\/\/boreait.com\/hr\/?post_type=product&#038;p=28197"},"modified":"2026-02-09T09:24:04","modified_gmt":"2026-02-09T09:24:04","slug":"hp-super-multi-dvd-rewriter-509419-001-amck701-574285-6c0-opticki-pogon-za-prijenosno-racunalo","status":"publish","type":"product","link":"https:\/\/boreait.com\/hr\/product\/hp-super-multi-dvd-rewriter-509419-001-amck701-574285-6c0-opticki-pogon-za-prijenosno-racunalo\/","title":{"rendered":"HP Super Multi DVD Rewriter 509419-001 AMCK701 574285-6C0 opti\u010dki pogon za prijenosno ra\u010dunalo"},"content":{"rendered":"<p class=\"\" data-start=\"711\" data-end=\"904\">Pobolj\u0161ajte funkcionalnost svog prijenosnog ra\u010dunala s <strong data-start=\"756\" data-end=\"821\">HP Super Multi DVD Rewriter (509419-001, AMCK701, 574285-6C0)<\/strong>\u2014 visokokvalitetnim zamjenskim dijelom dizajniranim za besprijekorne performanse opti\u010dkih medija.<\/p>\n<p class=\"\" data-start=\"906\" data-end=\"927\">\u2705 <strong data-start=\"908\" data-end=\"925\">Klju\u010dne zna\u010dajke:<\/strong><\/p>\n<ul data-start=\"928\" data-end=\"1184\">\n<li class=\"\" data-start=\"928\" data-end=\"966\">\n<p class=\"\" data-start=\"930\" data-end=\"966\">Kompatibilno s raznim HP prijenosnim ra\u010dunalima<\/p>\n<\/li>\n<li class=\"\" data-start=\"967\" data-end=\"1000\">\n<p class=\"\" data-start=\"969\" data-end=\"1000\">\u010cita i pi\u0161e CD-ove i DVD-ove<\/p>\n<\/li>\n<li class=\"\" data-start=\"1001\" data-end=\"1065\">\n<p class=\"\" data-start=\"1003\" data-end=\"1065\">Idealno za instalaciju softvera, sigurnosne kopije i reprodukciju medija<\/p>\n<\/li>\n<li class=\"\" data-start=\"1066\" data-end=\"1110\">\n<p class=\"\" data-start=\"1068\" data-end=\"1110\">Originalni HP dio za pouzdan rad<\/p>\n<\/li>\n<li class=\"\" data-start=\"1111\" data-end=\"1184\">\n<p class=\"\" data-start=\"1113\" data-end=\"1184\"><strong data-start=\"1113\" data-end=\"1128\">Prave fotografije<\/strong>\u2014 dobit \u0107ete to\u010dno ono \u0161to vidite na popisu!<\/p>\n<\/li>\n<\/ul>\n<p class=\"\" data-start=\"1186\" data-end=\"1381\">\ud83d\udca1 <strong data-start=\"1189\" data-end=\"1203\">Trebate li pomo\u0107?<\/strong> Ako imate pitanja o kompatibilnosti, slobodno nam po\u0161aljite poruku! Iako ne pru\u017eamo upute za instalaciju, rado \u0107emo vam pomo\u0107i u odabiru pravog dijela.<\/p>\n<p class=\"\" data-start=\"1383\" data-end=\"1506\">\ud83d\udce6 <strong data-start=\"1386\" data-end=\"1409\">Dostava \u0161irom svijeta:<\/strong> \u0161aljemo dijelove prijenosnih ra\u010dunala diljem Europe i diljem svijeta. Naru\u010dite sada za brzu i jednostavnu nadogradnju!<\/p>\n","protected":false},"excerpt":{"rendered":"<p>Nadogradite ili zamijenite opti\u010dki pogon prijenosnog ra\u010dunala s ovim <strong data-start=\"397\" data-end=\"462\">HP Super Multi DVD Rewriter (509419-001, AMCK701, 574285-6C0)<\/strong>. Ovaj pouzdani DVD-RW pogon osigurava glatko \u010ditanje i pisanje CD-ova i DVD-ova, \u0161to ga \u010dini savr\u0161enim za instalacije softvera, sigurnosne kopije i kori\u0161tenje multimedije.<\/p>\n","protected":false},"featured_media":28257,"template":"","meta":[],"product_brand":[],"product_cat":[62],"product_tag":[],"class_list":{"0":"post-28197","1":"product","2":"type-product","3":"status-publish","4":"has-post-thumbnail","6":"product_cat-motherboards-board-parts","8":"first","9":"instock","10":"taxable","11":"shipping-taxable","12":"purchasable","13":"product-type-simple"},"_links":{"self":[{"href":"https:\/\/boreait.com\/hr\/wp-json\/wp\/v2\/product\/28197","targetHints":{"allow":["GET"]}}],"collection":[{"href":"https:\/\/boreait.com\/hr\/wp-json\/wp\/v2\/product"}],"about":[{"href":"https:\/\/boreait.com\/hr\/wp-json\/wp\/v2\/types\/product"}],"wp:featuredmedia":[{"embeddable":true,"href":"https:\/\/boreait.com\/hr\/wp-json\/wp\/v2\/media\/28257"}],"wp:attachment":[{"href":"https:\/\/boreait.com\/hr\/wp-json\/wp\/v2\/media?parent=28197"}],"wp:term":[{"taxonomy":"product_brand","embeddable":true,"href":"https:\/\/boreait.com\/hr\/wp-json\/wp\/v2\/product_brand?post=28197"},{"taxonomy":"product_cat","embeddable":true,"href":"https:\/\/boreait.com\/hr\/wp-json\/wp\/v2\/product_cat?post=28197"},{"taxonomy":"product_tag","embeddable":true,"href":"https:\/\/boreait.com\/hr\/wp-json\/wp\/v2\/product_tag?post=28197"}],"curies":[{"name":"wp","href":"https:\/\/api.w.org\/{rel}","templated":true}]}}