{"id":28195,"date":"2025-07-25T13:45:15","date_gmt":"2025-07-25T13:45:15","guid":{"rendered":"https:\/\/boreait.com\/hr\/?post_type=product&#038;p=28195"},"modified":"2025-07-25T13:46:28","modified_gmt":"2025-07-25T13:46:28","slug":"lenovo-ideapad-3-15iil05-15-6-originalni-cpu-rashladni-hladnjak-at1k00010l0","status":"publish","type":"product","link":"https:\/\/boreait.com\/hr\/product\/lenovo-ideapad-3-15iil05-15-6-originalni-cpu-rashladni-hladnjak-at1k00010l0\/","title":{"rendered":"Lenovo IdeaPad 3 15IIL05 15.6&#8243; originalni CPU rashladni hladnjak AT1K00010L0"},"content":{"rendered":"<p class=\"\" data-start=\"572\" data-end=\"923\">Odr\u017eavajte svoj <strong data-start=\"582\" data-end=\"610\">Lenovo IdeaPad 3 15IIL05<\/strong> hladnim i najboljim performansama uz ovaj <strong data-start=\"661\" data-end=\"697\">originalni OEM hladnjak za hla\u0111enje procesora<\/strong> (Broj dijela: <strong data-start=\"712\" data-end=\"727\">AT1K00010L0<\/strong>). Posebno dizajniran za <strong data-start=\"760\" data-end=\"791\">15,6-in\u010dni IdeaPad 3 15IIL05<\/strong>, ovaj visokokvalitetni <strong data-start=\"811\" data-end=\"826\">dio prijenosnog ra\u010dunala<\/strong> osigurava u\u010dinkovito odvo\u0111enje topline, smanjuju\u0107i rizike od pregrijavanja i pobolj\u0161avaju\u0107i stabilnost sustava.<\/p>\n<h3 class=\"\" data-start=\"925\" data-end=\"952\"><strong data-start=\"929\" data-end=\"950\">Zna\u010dajke proizvoda:<\/strong><\/h3>\n<p class=\"\" data-start=\"953\" data-end=\"1314\">\u2714 <strong data-start=\"955\" data-end=\"982\">Originalni Lenovo OEM dio<\/strong> \u2013 Zajam\u010dena kompatibilnost i pouzdanost<br data-start=\"1025\" data-end=\"1028\" \/>\u2714 <strong data-start=\"1030\" data-end=\"1060\">Optimizirano rasipanje topline<\/strong> \u2013 Poma\u017ee u odr\u017eavanju idealne temperature CPU-a<br data-start=\"1099\" data-end=\"1102\" \/>\u2714 <strong data-start=\"1104\" data-end=\"1146\">To\u010dno odgovara za Lenovo IdeaPad 3 15IIL05<\/strong> \u2013 Nisu potrebne modifikacije<br data-start=\"1172\" data-end=\"1175\" \/>\u2714 <strong data-start=\"1177\" data-end=\"1209\">Izdr\u017eljiv &amp; Izrada visoke kvalitete<\/strong> \u2013 Dizajnirana za dugoro\u010dne performanse<br data-start=\"1246\" data-end=\"1249\" \/>\u2714 <strong data-start=\"1251\" data-end=\"1266\">Prave fotografije<\/strong> \u2013 Dio koji vidite je dio koji \u0107ete i dobiti<\/p>\n<h3 class=\"\" data-start=\"1316\" data-end=\"1340\"><strong data-start=\"1320\" data-end=\"1338\">Kompatibilnost:<\/strong><\/h3>\n<p class=\"\" data-start=\"1341\" data-end=\"1447\">\ud83d\udd39 Kompatibilno s <strong data-start=\"1360\" data-end=\"1388\">Lenovo IdeaPad 3 15IIL05<\/strong> (modeli od 15,6 in\u010da)<br data-start=\"1407\" data-end=\"1410\" \/>\ud83d\udd39 OEM dio Broj: <strong data-start=\"1430\" data-end=\"1445\">AT1K00010L0<\/strong><\/p>\n<h3 class=\"\" data-start=\"1449\" data-end=\"1475\"><strong data-start=\"1453\" data-end=\"1473\">Va\u017ene napomene:<\/strong><\/h3>\n<ul data-start=\"1476\" data-end=\"1660\">\n<li class=\"\" data-start=\"1476\" data-end=\"1577\">\n<p class=\"\" data-start=\"1478\" data-end=\"1577\"><strong data-start=\"1478\" data-end=\"1523\">Upute za instalaciju nisu uklju\u010dene<\/strong>, ali ako trebate upute, slobodno mi po\u0161aljite poruku!<\/p>\n<\/li>\n<li class=\"\" data-start=\"1578\" data-end=\"1660\">\n<p class=\"\" data-start=\"1580\" data-end=\"1660\"><strong data-start=\"1580\" data-end=\"1614\">Fotografije u popisu su stvarne<\/strong>, osiguravaju\u0107i da \u0107ete dobiti to\u010dno ono \u0161to vidite.<\/p>\n<\/li>\n<\/ul>\n<p class=\"\" data-start=\"1662\" data-end=\"1783\">Nadogradite sustav hla\u0111enja prijenosnog ra\u010dunala s ovim <strong data-start=\"1709\" data-end=\"1741\">originalnim Lenovo CPU hladnjakom<\/strong> \u2013 naru\u010dite sada za pouzdanu zamjenu!<\/p>\n","protected":false},"excerpt":{"rendered":"<p>Originalni hladnjak za CPU <strong data-start=\"266\" data-end=\"294\">Lenovo IdeaPad 3 15IIL05<\/strong> (<strong data-start=\"317\" data-end=\"332\">AT1K00010L0<\/strong>) dizajniran za u\u010dinkovito odvo\u0111enje topline i optimalne performanse prijenosnog ra\u010dunala. Savr\u0161en za zamjenu ili popravak. <strong data-start=\"441\" data-end=\"488\">Prave fotografije \u2013 ono \u0161to vidite to i dobijete!<\/strong><\/p>\n","protected":false},"featured_media":28255,"template":"","meta":[],"product_brand":[],"product_cat":[68],"product_tag":[],"class_list":{"0":"post-28195","1":"product","2":"type-product","3":"status-publish","4":"has-post-thumbnail","6":"product_cat-cpu-fans-heatsinks","8":"first","9":"instock","10":"taxable","11":"shipping-taxable","12":"purchasable","13":"product-type-simple"},"_links":{"self":[{"href":"https:\/\/boreait.com\/hr\/wp-json\/wp\/v2\/product\/28195","targetHints":{"allow":["GET"]}}],"collection":[{"href":"https:\/\/boreait.com\/hr\/wp-json\/wp\/v2\/product"}],"about":[{"href":"https:\/\/boreait.com\/hr\/wp-json\/wp\/v2\/types\/product"}],"wp:featuredmedia":[{"embeddable":true,"href":"https:\/\/boreait.com\/hr\/wp-json\/wp\/v2\/media\/28255"}],"wp:attachment":[{"href":"https:\/\/boreait.com\/hr\/wp-json\/wp\/v2\/media?parent=28195"}],"wp:term":[{"taxonomy":"product_brand","embeddable":true,"href":"https:\/\/boreait.com\/hr\/wp-json\/wp\/v2\/product_brand?post=28195"},{"taxonomy":"product_cat","embeddable":true,"href":"https:\/\/boreait.com\/hr\/wp-json\/wp\/v2\/product_cat?post=28195"},{"taxonomy":"product_tag","embeddable":true,"href":"https:\/\/boreait.com\/hr\/wp-json\/wp\/v2\/product_tag?post=28195"}],"curies":[{"name":"wp","href":"https:\/\/api.w.org\/{rel}","templated":true}]}}