{"id":28194,"date":"2025-07-25T13:45:14","date_gmt":"2025-07-25T13:45:14","guid":{"rendered":"https:\/\/boreait.com\/hr\/?post_type=product&#038;p=28194"},"modified":"2025-07-25T13:46:24","modified_gmt":"2025-07-25T13:46:24","slug":"dell-latitude-7202-rugged-tablet-straznja-web-kamera-5c7d2-05c7d2","status":"publish","type":"product","link":"https:\/\/boreait.com\/hr\/product\/dell-latitude-7202-rugged-tablet-straznja-web-kamera-5c7d2-05c7d2\/","title":{"rendered":"Dell Latitude 7202 Rugged Tablet Stra\u017enja web kamera 5C7D2 05C7D2"},"content":{"rendered":"<p class=\"\" data-start=\"620\" data-end=\"962\">Nadogradite ili zamijenite stra\u017enju kameru web kamere u svom <strong data-start=\"670\" data-end=\"706\">Robusnom tabletu Dell Latitude 7202<\/strong> ovim visokokvalitetnim, originalnim <strong data-start=\"739\" data-end=\"755\">5C7D2 05C7D2<\/strong>dio. Posebno dizajnirana za model Latitude 7202, ova zamjenska kamera osigurava da \u0107e va\u0161e tabletno ra\u010dunalo nastaviti raditi najbolje s jasnim, o\u0161trim slikama za sve va\u0161e videokonferencije ili medijske potrebe.<\/p>\n<p class=\"\" data-start=\"964\" data-end=\"981\"><strong data-start=\"964\" data-end=\"981\">Klju\u010dne zna\u010dajke:<\/strong><\/p>\n<ul data-start=\"982\" data-end=\"1287\">\n<li class=\"\" data-start=\"982\" data-end=\"1013\">\n<p class=\"\" data-start=\"984\" data-end=\"1013\"><strong data-start=\"984\" data-end=\"999\">Broj dijela<\/strong>: 5C7D2 05C7D2<\/p>\n<\/li>\n<li class=\"\" data-start=\"1014\" data-end=\"1084\">\n<p class=\"\" data-start=\"1016\" data-end=\"1084\"><strong data-start=\"1016\" data-end=\"1033\">Kompatibilnost<\/strong>: Dizajnirano za robusni tablet Dell Latitude 7202<\/p>\n<\/li>\n<li class=\"\" data-start=\"1085\" data-end=\"1133\">\n<p class=\"\" data-start=\"1087\" data-end=\"1133\"><strong data-start=\"1087\" data-end=\"1100\">Stanje<\/strong>: potpuno novo, OEM zamjenski dio<\/p>\n<\/li>\n<li class=\"\" data-start=\"1134\" data-end=\"1228\">\n<p class=\"\" data-start=\"1136\" data-end=\"1228\"><strong data-start=\"1136\" data-end=\"1160\">Pouzdana izvedba<\/strong>: vra\u0107a potpunu funkcionalnost stra\u017enje kamere za va\u0161 tablet<\/p>\n<\/li>\n<li class=\"\" data-start=\"1229\" data-end=\"1287\">\n<p class=\"\" data-start=\"1231\" data-end=\"1287\"><strong data-start=\"1231\" data-end=\"1241\">Fotografije<\/strong>: Prave slike to\u010dno onog dijela koji \u0107ete dobiti<\/p>\n<\/li>\n<\/ul>\n<p class=\"\" data-start=\"1289\" data-end=\"1604\">Bilo da popravljate svoje tabletno ra\u010dunalo ili nadogra\u0111ujete njegovu kameru, ovaj zamjenski dio jam\u010di kompatibilnost i performanse. Nema uputa, ali ako trebate pomo\u0107 s instalacijom ili imate pitanja, slobodno nam po\u0161aljite poruku. Rado \u0107emo vam pomo\u0107i da ponovno pokrenete svoj ure\u0111aj.<\/p>\n<p class=\"\" data-start=\"1606\" data-end=\"1869\">Idealan za kupce koji trebaju <strong data-start=\"1635\" data-end=\"1651\">dijelove prijenosnog ra\u010dunala<\/strong> za popravak ili nadogradnju, ovaj dio stra\u017enje kamere osigurava da va\u0161 ure\u0111aj ostane u vrhunskom stanju za profesionalnu upotrebu ili osobne projekte. U\u017eivajte u punoj funkcionalnosti svog Dell Latitude 7202 uz pouzdanu zamjenu.<\/p>\n","protected":false},"excerpt":{"rendered":"<p>Ova originalna <strong data-start=\"213\" data-end=\"268\">stra\u017enja kamera za robusni tablet Dell Latitude 7202<\/strong> (Broj dijela: 5C7D2 05C7D2) savr\u0161en je zamjenski dio za va\u0161 robusni tablet. Idealna za korisnike koji trebaju visokokvalitetne, funkcionalne dijelove, ova stra\u017enja kamera pru\u017ea besprijekornu integraciju i pouzdan rad za va\u0161 ure\u0111aj. Sve prikazane fotografije stvarne su slike dijela koji \u0107ete dobiti.<\/p>\n","protected":false},"featured_media":28246,"template":"","meta":[],"product_brand":[],"product_cat":[58],"product_tag":[],"class_list":{"0":"post-28194","1":"product","2":"type-product","3":"status-publish","4":"has-post-thumbnail","6":"product_cat-laptop-camera","8":"first","9":"instock","10":"taxable","11":"shipping-taxable","12":"purchasable","13":"product-type-simple"},"_links":{"self":[{"href":"https:\/\/boreait.com\/hr\/wp-json\/wp\/v2\/product\/28194","targetHints":{"allow":["GET"]}}],"collection":[{"href":"https:\/\/boreait.com\/hr\/wp-json\/wp\/v2\/product"}],"about":[{"href":"https:\/\/boreait.com\/hr\/wp-json\/wp\/v2\/types\/product"}],"wp:featuredmedia":[{"embeddable":true,"href":"https:\/\/boreait.com\/hr\/wp-json\/wp\/v2\/media\/28246"}],"wp:attachment":[{"href":"https:\/\/boreait.com\/hr\/wp-json\/wp\/v2\/media?parent=28194"}],"wp:term":[{"taxonomy":"product_brand","embeddable":true,"href":"https:\/\/boreait.com\/hr\/wp-json\/wp\/v2\/product_brand?post=28194"},{"taxonomy":"product_cat","embeddable":true,"href":"https:\/\/boreait.com\/hr\/wp-json\/wp\/v2\/product_cat?post=28194"},{"taxonomy":"product_tag","embeddable":true,"href":"https:\/\/boreait.com\/hr\/wp-json\/wp\/v2\/product_tag?post=28194"}],"curies":[{"name":"wp","href":"https:\/\/api.w.org\/{rel}","templated":true}]}}