{"id":28183,"date":"2025-07-25T13:44:50","date_gmt":"2025-07-25T13:44:50","guid":{"rendered":"https:\/\/boreait.com\/hr\/?post_type=product&#038;p=28183"},"modified":"2025-07-25T13:46:22","modified_gmt":"2025-07-25T13:46:22","slug":"latitude-7202-robusni-hdmi-audio-poklopac-sd-prikljucka-zamjenski-dio-za-dell-latitude-7202","status":"publish","type":"product","link":"https:\/\/boreait.com\/hr\/product\/latitude-7202-robusni-hdmi-audio-poklopac-sd-prikljucka-zamjenski-dio-za-dell-latitude-7202\/","title":{"rendered":"Latitude 7202 robusni HDMI, audio, poklopac SD priklju\u010dka | Zamjenski dio za Dell Latitude 7202"},"content":{"rendered":"<p class=\"\" data-start=\"634\" data-end=\"956\">Osigurajte za\u0161titu i dugovje\u010dnost svog prijenosnog ra\u010dunala <strong data-start=\"678\" data-end=\"707\">Dell Latitude 7202 Rugged<\/strong> s ovim originalnim <strong data-start=\"733\" data-end=\"767\">poklopcem za HDMI, audio i SD port<\/strong>. Dizajnirana da bude precizna zamjena za va\u0161 originalni dio, ova maska poma\u017ee za\u0161tititi va\u0161 ure\u0111aj od pra\u0161ine, prljav\u0161tine i o\u0161te\u0107enja, a istovremeno osigurava da priklju\u010dci va\u0161eg prijenosnog ra\u010dunala ostanu potpuno funkcionalni.<\/p>\n<p class=\"\" data-start=\"958\" data-end=\"978\"><strong data-start=\"958\" data-end=\"978\">Pojedinosti o proizvodu:<\/strong><\/p>\n<ul data-start=\"979\" data-end=\"1445\">\n<li class=\"\" data-start=\"979\" data-end=\"1103\">\n<p class=\"\" data-start=\"981\" data-end=\"1103\"><strong data-start=\"981\" data-end=\"998\">Kompatibilnost<\/strong>: Posebno dizajniran za <strong data-start=\"1026\" data-end=\"1055\">Dell Latitude 7202 Rugged<\/strong> prijenosna ra\u010dunala, ovaj dio nudi savr\u0161eno pristajanje.<\/p>\n<\/li>\n<li class=\"\" data-start=\"1104\" data-end=\"1185\">\n<p class=\"\" data-start=\"1106\" data-end=\"1185\"><strong data-start=\"1106\" data-end=\"1123\">Funkcionalnost<\/strong>: \u0161titi bitne priklju\u010dke kao \u0161to su HDMI, audio i utor za SD karticu.<\/p>\n<\/li>\n<li class=\"\" data-start=\"1186\" data-end=\"1313\">\n<p class=\"\" data-start=\"1188\" data-end=\"1313\"><strong data-start=\"1188\" data-end=\"1202\">Izdr\u017eljivost<\/strong>: Izra\u0111ena od visokokvalitetnih materijala, navlaka je napravljena da traje i izdr\u017ei te\u0161ke uvjete u te\u0161kim uvjetima.<\/p>\n<\/li>\n<li class=\"\" data-start=\"1314\" data-end=\"1445\">\n<p class=\"\" data-start=\"1316\" data-end=\"1445\"><strong data-start=\"1316\" data-end=\"1331\">Prave fotografije<\/strong>: Sve slike proizvoda stvarne su fotografije to\u010dnog artikla koji \u0107ete dobiti, \u010dime se osigurava potpuna transparentnost i povjerenje.<\/p>\n<\/li>\n<\/ul>\n<p class=\"\" data-start=\"1447\" data-end=\"1702\">Ovaj zamjenski dio idealan je za <strong data-start=\"1482\" data-end=\"1500\">popravke prijenosnih ra\u010dunala<\/strong> ili nadogradnju, poma\u017eu\u0107i u odr\u017eavanju visokih performansi i estetskog integriteta va\u0161eg ure\u0111aja. Ako vam je potrebna dodatna pomo\u0107 s instalacijom, slobodno nam po\u0161aljite poruku i rado \u0107emo vas uputiti.<\/p>\n<p class=\"\" data-start=\"1704\" data-end=\"1913\">Bilo da mijenjate izgubljenu masku ili popravljate o\u0161te\u0107ene dijelove, ovaj originalni <strong data-start=\"1783\" data-end=\"1798\">dio za prijenosno ra\u010dunalo<\/strong> je rje\u0161enje koje vam je potrebno. Naru\u010dite sada i pobrinite se da va\u0161e prijenosno ra\u010dunalo <strong data-start=\"1851\" data-end=\"1880\">Dell Latitude 7202 Rugged<\/strong> ostane u vrhunskom stanju!<\/p>\n","protected":false},"excerpt":{"rendered":"<p>Ovaj originalni <strong data-start=\"237\" data-end=\"297\">Dell Latitude 7202 Rugged HDMI, Audio i SD poklopac za ulaz<\/strong> je visokokvalitetni zamjenski dio dizajniran da za\u0161titi va\u0161 ure\u0111aj. Napravljen da savr\u0161eno pristaje, osigurava dugotrajnost va\u0161eg prijenosnog ra\u010dunala dok istovremeno \u0161titi njegove priklju\u010dke. Savr\u0161en za popravke ili nadogradnje, ovaj dio jam\u010di sigurno i udobno pristajanje, nude\u0107i izdr\u017eljivost i pouzdanost.<\/p>\n","protected":false},"featured_media":28245,"template":"","meta":[],"product_brand":[],"product_cat":[51],"product_tag":[],"class_list":{"0":"post-28183","1":"product","2":"type-product","3":"status-publish","4":"has-post-thumbnail","6":"product_cat-laptop-housing","8":"first","9":"instock","10":"taxable","11":"shipping-taxable","12":"purchasable","13":"product-type-simple"},"_links":{"self":[{"href":"https:\/\/boreait.com\/hr\/wp-json\/wp\/v2\/product\/28183","targetHints":{"allow":["GET"]}}],"collection":[{"href":"https:\/\/boreait.com\/hr\/wp-json\/wp\/v2\/product"}],"about":[{"href":"https:\/\/boreait.com\/hr\/wp-json\/wp\/v2\/types\/product"}],"wp:featuredmedia":[{"embeddable":true,"href":"https:\/\/boreait.com\/hr\/wp-json\/wp\/v2\/media\/28245"}],"wp:attachment":[{"href":"https:\/\/boreait.com\/hr\/wp-json\/wp\/v2\/media?parent=28183"}],"wp:term":[{"taxonomy":"product_brand","embeddable":true,"href":"https:\/\/boreait.com\/hr\/wp-json\/wp\/v2\/product_brand?post=28183"},{"taxonomy":"product_cat","embeddable":true,"href":"https:\/\/boreait.com\/hr\/wp-json\/wp\/v2\/product_cat?post=28183"},{"taxonomy":"product_tag","embeddable":true,"href":"https:\/\/boreait.com\/hr\/wp-json\/wp\/v2\/product_tag?post=28183"}],"curies":[{"name":"wp","href":"https:\/\/api.w.org\/{rel}","templated":true}]}}