{"id":28182,"date":"2025-07-25T13:44:50","date_gmt":"2025-07-25T13:44:50","guid":{"rendered":"https:\/\/boreait.com\/hr\/?post_type=product&#038;p=28182"},"modified":"2025-07-25T13:46:20","modified_gmt":"2025-07-25T13:46:20","slug":"poklopac-dell-latitude-7202-rugged-extreme-usb-i-o-porta-originalni-zamjenski-dio","status":"publish","type":"product","link":"https:\/\/boreait.com\/hr\/product\/poklopac-dell-latitude-7202-rugged-extreme-usb-i-o-porta-originalni-zamjenski-dio\/","title":{"rendered":"Poklopac Dell Latitude 7202 Rugged Extreme USB &#038; I\/O porta \u2013 originalni zamjenski dio"},"content":{"rendered":"<p class=\"\" data-start=\"806\" data-end=\"1240\">Za\u0161titite vrijedne priklju\u010dke svog <strong data-start=\"819\" data-end=\"856\">Dell Latitude 7202 Rugged Extreme<\/strong> tableta ovim <strong data-start=\"891\" data-end=\"917\">poklopcem za USB i I\/O port<\/strong>. Ovaj originalni zamjenski dio mora imati svatko tko treba zamijeniti o\u0161te\u0107eni ili izgubljeni poklopac, osiguravaju\u0107i potpunu za\u0161titu I\/O priklju\u010daka va\u0161eg tableta. Bez obzira koristite li svoj ure\u0111aj u te\u0161kim okru\u017eenjima ili za redovitu svakodnevnu upotrebu, ova maska poma\u017ee zadr\u017eati pra\u0161inu, vlagu i krhotine dalje od va\u0161ih priklju\u010daka, sprje\u010davaju\u0107i o\u0161te\u0107enje.<\/p>\n<ul data-start=\"1242\" data-end=\"1791\">\n<li class=\"\" data-start=\"1242\" data-end=\"1371\">\n<p class=\"\" data-start=\"1244\" data-end=\"1371\"><strong data-start=\"1244\" data-end=\"1261\">Kompatibilnost<\/strong>: Posebno dizajnirano za <strong data-start=\"1293\" data-end=\"1330\">Dell Latitude 7202 Rugged Extreme<\/strong>, osiguravaju\u0107i savr\u0161eno pristajanje va\u0161em tabletu.<\/p>\n<\/li>\n<li class=\"\" data-start=\"1372\" data-end=\"1527\">\n<p class=\"\" data-start=\"1374\" data-end=\"1527\"><strong data-start=\"1374\" data-end=\"1388\">Izdr\u017eljivost<\/strong>: Izra\u0111en da izdr\u017ei te\u0161ke uvjete <strong data-start=\"1438\" data-end=\"1470\">Latitude 7202 Rugged Extreme<\/strong>, poznatog po svojoj sposobnosti da radi u te\u0161kim okru\u017eenjima.<\/p>\n<\/li>\n<li class=\"\" data-start=\"1528\" data-end=\"1645\">\n<p class=\"\" data-start=\"1530\" data-end=\"1645\"><strong data-start=\"1530\" data-end=\"1555\">Materijal visoke kvalitete<\/strong>: Izra\u0111en od izdr\u017eljivih materijala koji pru\u017ea \u010dvrst, siguran poklopac za USB i I\/O priklju\u010dke.<\/p>\n<\/li>\n<li class=\"\" data-start=\"1646\" data-end=\"1791\">\n<p class=\"\" data-start=\"1648\" data-end=\"1791\"><strong data-start=\"1648\" data-end=\"1663\">Prave fotografije<\/strong>: prikazane slike odnose se na stvarni dio koji \u0107ete dobiti, osiguravaju\u0107i da \u0107ete dobiti to\u010dno ono \u0161to vam je potrebno za popravak ili zamjenu.<\/p>\n<\/li>\n<\/ul>\n<p class=\"\" data-start=\"1793\" data-end=\"2070\">Bilo da popravljate svoj postoje\u0107i tablet ili \u017eelite zamijeniti dotrajali poklopac, ovaj originalni <strong data-start=\"1889\" data-end=\"1911\">Dell Latitude 7202<\/strong> poklopac za USB i I\/O priklju\u010dak nudi jednostavno rje\u0161enje za za\u0161titu va\u0161eg ure\u0111aja. Ako trebate pomo\u0107 s instalacijom, slobodno mi po\u0161aljite poruku za daljnju podr\u0161ku.<\/p>\n","protected":false},"excerpt":{"rendered":"<p>Ovaj originalni zamjenski <strong data-start=\"350\" data-end=\"376\">poklopac USB i I\/O ulaza<\/strong> dizajniran je posebno za <strong data-start=\"410\" data-end=\"447\">Dell Latitude 7202 Rugged Extreme<\/strong> tablet. Osigurava sigurno pristajanje i za\u0161titu za priklju\u010dke va\u0161eg ure\u0111aja. Idealan za popravke ili zamjene, ovaj poklopac napravljen je da izdr\u017ei te\u0161ke uvjete i robusnu upotrebu, odr\u017eavaju\u0107i izdr\u017eljivost i performanse va\u0161eg ure\u0111aja. Napominjemo da fotografije prikazuju stvarni dio koji \u0107ete dobiti.<\/p>\n","protected":false},"featured_media":28244,"template":"","meta":[],"product_brand":[],"product_cat":[51],"product_tag":[],"class_list":{"0":"post-28182","1":"product","2":"type-product","3":"status-publish","4":"has-post-thumbnail","6":"product_cat-laptop-housing","8":"first","9":"instock","10":"taxable","11":"shipping-taxable","12":"purchasable","13":"product-type-simple"},"_links":{"self":[{"href":"https:\/\/boreait.com\/hr\/wp-json\/wp\/v2\/product\/28182","targetHints":{"allow":["GET"]}}],"collection":[{"href":"https:\/\/boreait.com\/hr\/wp-json\/wp\/v2\/product"}],"about":[{"href":"https:\/\/boreait.com\/hr\/wp-json\/wp\/v2\/types\/product"}],"wp:featuredmedia":[{"embeddable":true,"href":"https:\/\/boreait.com\/hr\/wp-json\/wp\/v2\/media\/28244"}],"wp:attachment":[{"href":"https:\/\/boreait.com\/hr\/wp-json\/wp\/v2\/media?parent=28182"}],"wp:term":[{"taxonomy":"product_brand","embeddable":true,"href":"https:\/\/boreait.com\/hr\/wp-json\/wp\/v2\/product_brand?post=28182"},{"taxonomy":"product_cat","embeddable":true,"href":"https:\/\/boreait.com\/hr\/wp-json\/wp\/v2\/product_cat?post=28182"},{"taxonomy":"product_tag","embeddable":true,"href":"https:\/\/boreait.com\/hr\/wp-json\/wp\/v2\/product_tag?post=28182"}],"curies":[{"name":"wp","href":"https:\/\/api.w.org\/{rel}","templated":true}]}}