{"id":28180,"date":"2025-07-25T13:44:49","date_gmt":"2025-07-25T13:44:49","guid":{"rendered":"https:\/\/boreait.com\/hr\/?post_type=product&#038;p=28180"},"modified":"2025-07-25T13:46:17","modified_gmt":"2025-07-25T13:46:17","slug":"latitude-7212-rugged-extreme-mikrofon-s-kabelom-originalni-zamjenski-dio","status":"publish","type":"product","link":"https:\/\/boreait.com\/hr\/product\/latitude-7212-rugged-extreme-mikrofon-s-kabelom-originalni-zamjenski-dio\/","title":{"rendered":"Latitude 7212 Rugged Extreme mikrofon s kabelom \u2013 originalni zamjenski dio"},"content":{"rendered":"<p class=\"\" data-start=\"736\" data-end=\"854\"><strong data-start=\"736\" data-end=\"854\">Latitude 7212 Rugged Extreme mikrofon s kabelom \u2013 originalni zamjenski dio za Dell Latitude 7212 Rugged tablet<\/strong><\/p>\n<p class=\"\" data-start=\"856\" data-end=\"1204\">Ako \u017eelite vratiti kvalitetu zvuka svog Dell Latitude 7212 Rugged Extreme tableta, ovaj originalni zamjenski <strong data-start=\"978\" data-end=\"1003\">mikrofon s kabelom<\/strong> je savr\u0161eno rje\u0161enje. Dizajniran posebno za model Latitude 7212, ovaj dio nudi besprijekornu kompatibilnost i osigurava vrhunske performanse zvuka za pozive, snimke i glasovne naredbe.<\/p>\n<p class=\"\" data-start=\"1206\" data-end=\"1596\">Radite li u te\u0161kim uvjetima ili trebate zamijeniti neispravan mikrofon, ovaj <strong data-start=\"1296\" data-end=\"1317\">robusni mikrofon<\/strong> napravljen je da izdr\u017ei izazove svakodnevne upotrebe. Dizajniran je za izdr\u017eljivost, nude\u0107i pouzdan rad \u010dak i u najzahtjevnijim uvjetima. <strong data-start=\"1472\" data-end=\"1481\">Kabel<\/strong> koji dolazi s njim osigurava sigurnu i stabilnu vezu, omogu\u0107avaju\u0107i jednostavnu instalaciju i pove\u0107anu izdr\u017eljivost.<\/p>\n<p class=\"\" data-start=\"1598\" data-end=\"1615\"><strong data-start=\"1598\" data-end=\"1615\">Klju\u010dne zna\u010dajke:<\/strong><\/p>\n<ul data-start=\"1616\" data-end=\"2007\">\n<li class=\"\" data-start=\"1616\" data-end=\"1691\">\n<p class=\"\" data-start=\"1618\" data-end=\"1691\"><strong data-start=\"1618\" data-end=\"1646\">Originalni zamjenski dio<\/strong> za Dell Latitude 7212 Rugged Extreme tablet<\/p>\n<\/li>\n<li class=\"\" data-start=\"1692\" data-end=\"1772\">\n<p class=\"\" data-start=\"1694\" data-end=\"1772\"><strong data-start=\"1694\" data-end=\"1721\">Mikrofon visoke kvalitete<\/strong> koji daje \u010dist zvuk za snimanja i pozive<\/p>\n<\/li>\n<li class=\"\" data-start=\"1773\" data-end=\"1830\">\n<p class=\"\" data-start=\"1775\" data-end=\"1830\">Uklju\u010duje <strong data-start=\"1784\" data-end=\"1808\">mikrofon i kabel<\/strong> za jednostavnu instalaciju<\/p>\n<\/li>\n<li class=\"\" data-start=\"1831\" data-end=\"1906\">\n<p class=\"\" data-start=\"1833\" data-end=\"1906\">Idealno za zamjenu neispravnog ili o\u0161te\u0107enog mikrofona u va\u0161em ure\u0111aju<\/p>\n<\/li>\n<li class=\"\" data-start=\"1907\" data-end=\"1956\">\n<p class=\"\" data-start=\"1909\" data-end=\"1956\">Savr\u0161eno za gruba okru\u017eenja i intenzivnu upotrebu<\/p>\n<\/li>\n<li class=\"\" data-start=\"1957\" data-end=\"2007\">\n<p class=\"\" data-start=\"1959\" data-end=\"2007\">Prave fotografije stvarnog dijela koji \u0107ete dobiti!<\/p>\n<\/li>\n<\/ul>\n<p class=\"\" data-start=\"2009\" data-end=\"2207\">Imajte na umu da iako ne pru\u017eamo upute za instalaciju, na\u0161 tim rado \u0107e vam pomo\u0107i sa svim pitanjima koja imate. Slobodno nam po\u0161aljite poruku za daljnju podr\u0161ku ili upute za instalaciju.<\/p>\n","protected":false},"excerpt":{"rendered":"<p>Nadogradite svoj Dell Latitude 7212 Rugged Extreme tablet s ovim originalnim zamjenskim mikrofonom i kabelom. Dizajniran za izdr\u017eljivost i vrhunsku kvalitetu zvuka, ovaj dio osigurava da mikrofon va\u0161eg ure\u0111aja funkcionira kao nov, pru\u017eaju\u0107i kristalno \u010dist zvuk tijekom poziva i snimanja. Idealno za one koji trebaju zamijeniti svoj istro\u0161eni ili neispravni mikrofon.<\/p>\n","protected":false},"featured_media":28242,"template":"","meta":[],"product_brand":[],"product_cat":[62],"product_tag":[],"class_list":{"0":"post-28180","1":"product","2":"type-product","3":"status-publish","4":"has-post-thumbnail","6":"product_cat-motherboards-board-parts","8":"first","9":"instock","10":"taxable","11":"shipping-taxable","12":"purchasable","13":"product-type-simple"},"_links":{"self":[{"href":"https:\/\/boreait.com\/hr\/wp-json\/wp\/v2\/product\/28180","targetHints":{"allow":["GET"]}}],"collection":[{"href":"https:\/\/boreait.com\/hr\/wp-json\/wp\/v2\/product"}],"about":[{"href":"https:\/\/boreait.com\/hr\/wp-json\/wp\/v2\/types\/product"}],"wp:featuredmedia":[{"embeddable":true,"href":"https:\/\/boreait.com\/hr\/wp-json\/wp\/v2\/media\/28242"}],"wp:attachment":[{"href":"https:\/\/boreait.com\/hr\/wp-json\/wp\/v2\/media?parent=28180"}],"wp:term":[{"taxonomy":"product_brand","embeddable":true,"href":"https:\/\/boreait.com\/hr\/wp-json\/wp\/v2\/product_brand?post=28180"},{"taxonomy":"product_cat","embeddable":true,"href":"https:\/\/boreait.com\/hr\/wp-json\/wp\/v2\/product_cat?post=28180"},{"taxonomy":"product_tag","embeddable":true,"href":"https:\/\/boreait.com\/hr\/wp-json\/wp\/v2\/product_tag?post=28180"}],"curies":[{"name":"wp","href":"https:\/\/api.w.org\/{rel}","templated":true}]}}