{"id":28179,"date":"2025-07-25T13:44:49","date_gmt":"2025-07-25T13:44:49","guid":{"rendered":"https:\/\/boreait.com\/hr\/?post_type=product&#038;p=28179"},"modified":"2025-07-25T13:46:15","modified_gmt":"2025-07-25T13:46:15","slug":"dell-latitude-7212-robusna-tipka-za-ekstremno-napajanje-s-kabelom","status":"publish","type":"product","link":"https:\/\/boreait.com\/hr\/product\/dell-latitude-7212-robusna-tipka-za-ekstremno-napajanje-s-kabelom\/","title":{"rendered":"Dell Latitude 7212 robusna tipka za ekstremno napajanje s kabelom"},"content":{"rendered":"<p class=\"\" data-start=\"577\" data-end=\"871\">Ovaj <strong data-start=\"582\" data-end=\"643\">Dell Latitude 7212 Rugged Extreme Power Button s kabelom<\/strong> je originalan, visokokvalitetan zamjenski dio dizajniran za vra\u0107anje funkcionalnosti va\u0161em robusnom prijenosnom ra\u010dunalu. Ako je va\u0161 gumb za uklju\u010divanje\/isklju\u010divanje o\u0161te\u0107en ili ne radi ispravno, ova je komponenta savr\u0161eno rje\u0161enje da va\u0161 ure\u0111aj radi kao nov.<\/p>\n<ul data-start=\"873\" data-end=\"1479\">\n<li class=\"\" data-start=\"873\" data-end=\"1018\">\n<p class=\"\" data-start=\"875\" data-end=\"1018\"><strong data-start=\"875\" data-end=\"892\">Kompatibilnost<\/strong>: posebno dizajnirano za model <strong data-start=\"924\" data-end=\"961\">Dell Latitude 7212 Rugged Extreme<\/strong>, osiguravaju\u0107i savr\u0161eno pristajanje i besprijekornu instalaciju.<\/p>\n<\/li>\n<li class=\"\" data-start=\"1019\" data-end=\"1141\">\n<p class=\"\" data-start=\"1021\" data-end=\"1141\"><strong data-start=\"1021\" data-end=\"1043\">Izrada visoke kvalitete<\/strong>: Ovaj gumb za napajanje s kabelom originalni je dio koji nudi izvrsnu izdr\u017eljivost i performanse.<\/p>\n<\/li>\n<li class=\"\" data-start=\"1142\" data-end=\"1288\">\n<p class=\"\" data-start=\"1144\" data-end=\"1288\"><strong data-start=\"1144\" data-end=\"1159\">Prave fotografije<\/strong>: Navedene fotografije odnose se na stvarne dijelove koje \u0107ete dobiti, \u010dime se osigurava transparentnost i poma\u017ee vam provjeriti kvalitetu proizvoda.<\/p>\n<\/li>\n<li class=\"\" data-start=\"1289\" data-end=\"1479\">\n<p class=\"\" data-start=\"1291\" data-end=\"1479\"><strong data-start=\"1291\" data-end=\"1323\">Nema uputa za instalaciju<\/strong>: Iako ovaj proizvod ne dolazi s uputama za instalaciju, slobodno nas kontaktirajte ako trebate smjernice ili pomo\u0107 u procesu instalacije.<\/p>\n<\/li>\n<\/ul>\n<p class=\"\" data-start=\"1481\" data-end=\"1749\">Bilo da popravljate svoj trenutni ure\u0111aj ili nadogra\u0111ujete stariji model, ovaj <strong data-start=\"1560\" data-end=\"1575\">dio prijenosnog ra\u010dunala<\/strong> neophodan je za vra\u0107anje funkcije gumba za uklju\u010divanje. Pru\u017eamo brzu dostavu diljem svijeta, pri \u010demu se ve\u0107ina narud\u017ebi brzo obra\u0111uje i \u0161alje diljem Europe i \u0161ire.<\/p>\n<p class=\"\" data-start=\"1751\" data-end=\"1906\"><strong data-start=\"1751\" data-end=\"1759\">Napomena<\/strong>: Ako trebate dodatnu pomo\u0107, ne ustru\u010davajte se izravno nam poslati poruku. Ovdje smo da vam pomognemo sa svim pitanjima ili upitima o instalaciji.<\/p>\n","protected":false},"excerpt":{"rendered":"<p>Nadogradite ili zamijenite svoj Dell Latitude 7212 Rugged Extreme gumb za napajanje ovim originalnim dijelom. Uz izvorni kabel, ova komponenta osigurava savr\u0161eno pristajanje i pouzdanu funkciju, klju\u010dnu za popravke ili nadogradnje va\u0161eg prijenosnog ra\u010dunala. Uklju\u010dene su prave fotografije proizvoda!<\/p>\n","protected":false},"featured_media":28241,"template":"","meta":[],"product_brand":[],"product_cat":[51],"product_tag":[],"class_list":{"0":"post-28179","1":"product","2":"type-product","3":"status-publish","4":"has-post-thumbnail","6":"product_cat-laptop-housing","8":"first","9":"instock","10":"taxable","11":"shipping-taxable","12":"purchasable","13":"product-type-simple"},"_links":{"self":[{"href":"https:\/\/boreait.com\/hr\/wp-json\/wp\/v2\/product\/28179","targetHints":{"allow":["GET"]}}],"collection":[{"href":"https:\/\/boreait.com\/hr\/wp-json\/wp\/v2\/product"}],"about":[{"href":"https:\/\/boreait.com\/hr\/wp-json\/wp\/v2\/types\/product"}],"wp:featuredmedia":[{"embeddable":true,"href":"https:\/\/boreait.com\/hr\/wp-json\/wp\/v2\/media\/28241"}],"wp:attachment":[{"href":"https:\/\/boreait.com\/hr\/wp-json\/wp\/v2\/media?parent=28179"}],"wp:term":[{"taxonomy":"product_brand","embeddable":true,"href":"https:\/\/boreait.com\/hr\/wp-json\/wp\/v2\/product_brand?post=28179"},{"taxonomy":"product_cat","embeddable":true,"href":"https:\/\/boreait.com\/hr\/wp-json\/wp\/v2\/product_cat?post=28179"},{"taxonomy":"product_tag","embeddable":true,"href":"https:\/\/boreait.com\/hr\/wp-json\/wp\/v2\/product_tag?post=28179"}],"curies":[{"name":"wp","href":"https:\/\/api.w.org\/{rel}","templated":true}]}}