{"id":28167,"date":"2025-07-25T13:44:27","date_gmt":"2025-07-25T13:44:27","guid":{"rendered":"https:\/\/boreait.com\/hr\/?post_type=product&#038;p=28167"},"modified":"2025-07-25T13:46:02","modified_gmt":"2025-07-25T13:46:02","slug":"latitude-7212-rugged-extreme-tablet-base-plastic-p-n-13nj-25a0a01-1gv90","status":"publish","type":"product","link":"https:\/\/boreait.com\/hr\/product\/latitude-7212-rugged-extreme-tablet-base-plastic-p-n-13nj-25a0a01-1gv90\/","title":{"rendered":"Latitude 7212 Rugged Extreme Tablet Base Plastic P\/N 13NJ-25A0A01 1GV90"},"content":{"rendered":"<p class=\"\" data-start=\"903\" data-end=\"1272\"><strong data-start=\"903\" data-end=\"955\">Latitude 7212 Rugged Extreme Tablet Base Plastic<\/strong> (P\/N 13NJ-25A0A01, 1GV90) je vrhunski, visokokvalitetni zamjenski dio posebno dizajniran za <strong data-start=\"1052\" data-end=\"1097\">Dell Latitude 7212 Rugged Extreme tableti<\/strong>. Ako je osnovna plastika va\u0161eg ure\u0111aja o\u0161te\u0107ena ili je treba zamijeniti, ovaj \u0107e dio osigurati da va\u0161 tablet nastavi neometano funkcionirati, zadr\u017eavaju\u0107i svoj robusni integritet.<\/p>\n<p class=\"\" data-start=\"1274\" data-end=\"1291\"><strong data-start=\"1274\" data-end=\"1291\">Klju\u010dne zna\u010dajke:<\/strong><\/p>\n<ul data-start=\"1293\" data-end=\"1965\">\n<li class=\"\" data-start=\"1293\" data-end=\"1400\">\n<p class=\"\" data-start=\"1295\" data-end=\"1400\"><strong data-start=\"1295\" data-end=\"1312\">Kompatibilnost<\/strong>: Ova osnovna plastika kompatibilna je s <strong data-start=\"1355\" data-end=\"1399\">Dell Latitude 7212 Rugged Extreme Tablet<\/strong>.<\/p>\n<\/li>\n<li class=\"\" data-start=\"1401\" data-end=\"1558\">\n<p class=\"\" data-start=\"1403\" data-end=\"1558\"><strong data-start=\"1403\" data-end=\"1427\">Izdr\u017eljiva konstrukcija<\/strong>: Izra\u0111ena da izdr\u017ei te\u0161ke uvjete, ova osnovna plastika dizajnirana je za gruba okru\u017eenja, \u0161to je \u010dini savr\u0161enom za upotrebu u te\u0161kim uvjetima.<\/p>\n<\/li>\n<li class=\"\" data-start=\"1559\" data-end=\"1718\">\n<p class=\"\" data-start=\"1561\" data-end=\"1718\"><strong data-start=\"1561\" data-end=\"1582\">Jednostavna instalacija<\/strong>: Iako upute nisu dane, ako trebate pomo\u0107 s instalacijom, slobodno nam se obratite\u2014na\u0161 tim \u0107e rado pomo\u0107i!<\/p>\n<\/li>\n<li class=\"\" data-start=\"1719\" data-end=\"1841\">\n<p class=\"\" data-start=\"1721\" data-end=\"1841\"><strong data-start=\"1721\" data-end=\"1744\">Prave fotografije proizvoda<\/strong>: Fotografije koje vidite na popisu su stvarne i prikazuju to\u010dno ono \u0161to \u0107ete dobiti kada naru\u010dite.<\/p>\n<\/li>\n<li class=\"\" data-start=\"1842\" data-end=\"1965\">\n<p class=\"\" data-start=\"1844\" data-end=\"1965\"><strong data-start=\"1844\" data-end=\"1865\">Originalni Dell dio<\/strong>: P\/N 13NJ-25A0A01, 1GV90 je originalni zamjenski dio, koji osigurava vrhunske performanse i kvalitetu.<\/p>\n<\/li>\n<\/ul>\n<p class=\"\" data-start=\"1967\" data-end=\"2339\">Ovaj je dio bitna komponenta za odr\u017eavanje funkcionalnosti va\u0161eg robusnog tableta. Bilo da ste terenski tehni\u010dar, vojno osoblje ili jednostavno korisnik robusnog Latitude 7212, imat \u0107ete koristi od izdr\u017eljivosti i kvalitete koju nudi ovaj dio. Dostavljamo \u0161irom svijeta, tako da bez obzira gdje se nalazite, ovaj zamjenski dio mo\u017eete dobiti ravno na va\u0161a vrata.<\/p>\n","protected":false},"excerpt":{"rendered":"<p>Ova <strong data-start=\"339\" data-end=\"391\">Latitude 7212 Rugged Extreme Tablet Base Plastic<\/strong> (P\/N 13NJ-25A0A01, 1GV90) je originalni zamjenski dio dizajniran za Dellovu seriju robusnih tableta. Izra\u0111en je za izdr\u017eljivost, osigurava savr\u0161eno pristajanje i pouzdan rad. Bilo da popravljate o\u0161te\u0107enu bazu ili nadogra\u0111ujete svoj ure\u0111aj, ovaj je dio nezaobilazan za odr\u017eavanje funkcionalnosti va\u0161eg robusnog tableta. Kompatibilan s <strong data-start=\"736\" data-end=\"775\">Latitude 7212 Rugged Extreme Tablet<\/strong>, ova osnovna plastika izra\u0111ena je da izdr\u017ei te\u0161ke uvjete i svakodnevnu upotrebu.<\/p>\n","protected":false},"featured_media":28228,"template":"","meta":[],"product_brand":[],"product_cat":[51],"product_tag":[],"class_list":{"0":"post-28167","1":"product","2":"type-product","3":"status-publish","4":"has-post-thumbnail","6":"product_cat-laptop-housing","8":"first","9":"instock","10":"taxable","11":"shipping-taxable","12":"purchasable","13":"product-type-simple"},"_links":{"self":[{"href":"https:\/\/boreait.com\/hr\/wp-json\/wp\/v2\/product\/28167","targetHints":{"allow":["GET"]}}],"collection":[{"href":"https:\/\/boreait.com\/hr\/wp-json\/wp\/v2\/product"}],"about":[{"href":"https:\/\/boreait.com\/hr\/wp-json\/wp\/v2\/types\/product"}],"wp:featuredmedia":[{"embeddable":true,"href":"https:\/\/boreait.com\/hr\/wp-json\/wp\/v2\/media\/28228"}],"wp:attachment":[{"href":"https:\/\/boreait.com\/hr\/wp-json\/wp\/v2\/media?parent=28167"}],"wp:term":[{"taxonomy":"product_brand","embeddable":true,"href":"https:\/\/boreait.com\/hr\/wp-json\/wp\/v2\/product_brand?post=28167"},{"taxonomy":"product_cat","embeddable":true,"href":"https:\/\/boreait.com\/hr\/wp-json\/wp\/v2\/product_cat?post=28167"},{"taxonomy":"product_tag","embeddable":true,"href":"https:\/\/boreait.com\/hr\/wp-json\/wp\/v2\/product_tag?post=28167"}],"curies":[{"name":"wp","href":"https:\/\/api.w.org\/{rel}","templated":true}]}}