{"id":28165,"date":"2025-07-25T13:44:27","date_gmt":"2025-07-25T13:44:27","guid":{"rendered":"https:\/\/boreait.com\/hr\/?post_type=product&#038;p=28165"},"modified":"2025-07-25T13:45:56","modified_gmt":"2025-07-25T13:45:56","slug":"dell-latitude-7212-rugged-extreme-dc-jack-kabel-originalni-zamjenski-dio-za-prijenosno-racunalo","status":"publish","type":"product","link":"https:\/\/boreait.com\/hr\/product\/dell-latitude-7212-rugged-extreme-dc-jack-kabel-originalni-zamjenski-dio-za-prijenosno-racunalo\/","title":{"rendered":"Dell Latitude 7212 Rugged Extreme DC Jack kabel \u2013 originalni zamjenski dio za prijenosno ra\u010dunalo"},"content":{"rendered":"<p class=\"\" data-start=\"579\" data-end=\"851\">Osigurajte da va\u0161e prijenosno ra\u010dunalo <strong data-start=\"591\" data-end=\"628\">Dell Latitude 7212 Rugged Extreme<\/strong> ponovno radi glatko s ovim <strong data-start=\"666\" data-end=\"703\">zamjenskim izvornim DC Jack kabelom<\/strong>. Ako va\u0161 ure\u0111aj ima problema s odr\u017eavanjem priklju\u010dka za napajanje ili je DC uti\u010dnica o\u0161te\u0107ena, ovaj zamjenski dio je upravo ono \u0161to vam treba.<\/p>\n<p class=\"\" data-start=\"853\" data-end=\"1227\">Izra\u0111en od visokokvalitetnih materijala, ovaj kabel jam\u010di savr\u0161eno pristajanje i osigurava optimalan protok energije za va\u0161 ure\u0111aj. <strong data-start=\"978\" data-end=\"1000\">Dell Latitude 7212<\/strong> napravljen je za gruba okru\u017eenja, a ovaj zamjenski dio odgovara toj razini izdr\u017eljivosti. Bilo da mijenjate istro\u0161enu uti\u010dnicu ili samo odr\u017eavate svoj sustav u vrhunskom stanju, ovaj kabel \u0107e vratiti pouzdane performanse.<\/p>\n<p class=\"\" data-start=\"1229\" data-end=\"1249\"><strong data-start=\"1229\" data-end=\"1249\">Va\u017ene napomene:<\/strong><\/p>\n<ul data-start=\"1250\" data-end=\"1436\">\n<li class=\"\" data-start=\"1250\" data-end=\"1336\">\n<p class=\"\" data-start=\"1252\" data-end=\"1336\">Ovaj proizvod uklju\u010duje prave, visokokvalitetne fotografije to\u010dnih dijelova koje \u0107ete dobiti.<\/p>\n<\/li>\n<li class=\"\" data-start=\"1337\" data-end=\"1436\">\n<p class=\"\" data-start=\"1339\" data-end=\"1436\">Nisu uklju\u010dene nikakve upute, ali ako trebate smjernice, slobodno se obratite za pomo\u0107.<\/p>\n<\/li>\n<\/ul>\n<p class=\"\" data-start=\"1438\" data-end=\"1707\">Bilo da popravljate svoje trenutno prijenosno ra\u010dunalo ili dr\u017eite dodatni dio pri ruci, ovaj <strong data-start=\"1522\" data-end=\"1537\">dio za prijenosno ra\u010dunalo<\/strong> klju\u010dan je za odr\u017eavanje va\u0161eg <strong data-start=\"1572\" data-end=\"1609\">Dell Latitude 7212 Rugged Extreme<\/strong>u vrhunskom stanju. Kompatibilan s va\u0161im ure\u0111ajem, osigurava besprijekornu strujnu vezu svaki put.<\/p>\n<p class=\"\" data-start=\"1709\" data-end=\"1817\">Nadogradite svoje <strong data-start=\"1722\" data-end=\"1738\">dijelove prijenosnog ra\u010dunala<\/strong> danas i neka va\u0161 <strong data-start=\"1759\" data-end=\"1796\">Dell Latitude 7212 Rugged Extreme<\/strong> radi u\u010dinkovito.<\/p>\n","protected":false},"excerpt":{"rendered":"<p>Ovaj originalni <strong data-start=\"290\" data-end=\"341\">Dell Latitude 7212 Rugged Extreme DC Jack Cable<\/strong> savr\u0161en je zamjenski dio za ponovno uspostavljanje veze s napajanjem va\u0161eg prijenosnog ra\u010dunala. Dizajniran za izdr\u017eljivost i preciznost, osigurava pouzdanu vezu za dugotrajnu izvedbu.<\/p>\n","protected":false},"featured_media":28225,"template":"","meta":[],"product_brand":[],"product_cat":[55],"product_tag":[],"class_list":{"0":"post-28165","1":"product","2":"type-product","3":"status-publish","4":"has-post-thumbnail","6":"product_cat-cables","8":"first","9":"instock","10":"taxable","11":"shipping-taxable","12":"purchasable","13":"product-type-simple"},"_links":{"self":[{"href":"https:\/\/boreait.com\/hr\/wp-json\/wp\/v2\/product\/28165","targetHints":{"allow":["GET"]}}],"collection":[{"href":"https:\/\/boreait.com\/hr\/wp-json\/wp\/v2\/product"}],"about":[{"href":"https:\/\/boreait.com\/hr\/wp-json\/wp\/v2\/types\/product"}],"wp:featuredmedia":[{"embeddable":true,"href":"https:\/\/boreait.com\/hr\/wp-json\/wp\/v2\/media\/28225"}],"wp:attachment":[{"href":"https:\/\/boreait.com\/hr\/wp-json\/wp\/v2\/media?parent=28165"}],"wp:term":[{"taxonomy":"product_brand","embeddable":true,"href":"https:\/\/boreait.com\/hr\/wp-json\/wp\/v2\/product_brand?post=28165"},{"taxonomy":"product_cat","embeddable":true,"href":"https:\/\/boreait.com\/hr\/wp-json\/wp\/v2\/product_cat?post=28165"},{"taxonomy":"product_tag","embeddable":true,"href":"https:\/\/boreait.com\/hr\/wp-json\/wp\/v2\/product_tag?post=28165"}],"curies":[{"name":"wp","href":"https:\/\/api.w.org\/{rel}","templated":true}]}}