{"id":28155,"date":"2025-07-25T13:44:05","date_gmt":"2025-07-25T13:44:05","guid":{"rendered":"https:\/\/boreait.com\/hr\/?post_type=product&#038;p=28155"},"modified":"2025-07-25T13:45:49","modified_gmt":"2025-07-25T13:45:49","slug":"dell-latitude-7202-oem-prikljucna-ploca-s-kabelom-0800-0wc3e00","status":"publish","type":"product","link":"https:\/\/boreait.com\/hr\/product\/dell-latitude-7202-oem-prikljucna-ploca-s-kabelom-0800-0wc3e00\/","title":{"rendered":"Dell LATITUDE 7202 OEM priklju\u010dna plo\u010da s kabelom 0800-0WC3E00"},"content":{"rendered":"<p class=\"\" data-start=\"659\" data-end=\"1047\">Osigurajte besprijekornu povezanost i pro\u0161irite funkcionalnost svog Dell Latitude 7202 s <strong data-start=\"753\" data-end=\"787\">OEM priklju\u010dnom plo\u010dom 0800-0WC3E00<\/strong>. Ovaj visokokvalitetni dio dizajniran je posebno za seriju Latitude 7202, nudi jednostavnu instalaciju s prilo\u017eenim kabelom. Bilo da nadogra\u0111ujete ili mijenjate o\u0161te\u0107enu priklju\u010dnu plo\u010du, ovaj originalni OEM dio osigurava optimalnu izvedbu i izdr\u017eljivost.<\/p>\n<ul data-start=\"1049\" data-end=\"1309\">\n<li class=\"\" data-start=\"1049\" data-end=\"1091\">\n<p class=\"\" data-start=\"1051\" data-end=\"1091\"><strong data-start=\"1051\" data-end=\"1071\">Kompatibilni model<\/strong>: Dell Latitude 7202<\/p>\n<\/li>\n<li class=\"\" data-start=\"1092\" data-end=\"1123\">\n<p class=\"\" data-start=\"1094\" data-end=\"1123\"><strong data-start=\"1094\" data-end=\"1109\">Broj dijela<\/strong>: 0800-0WC3E00<\/p>\n<\/li>\n<li class=\"\" data-start=\"1124\" data-end=\"1174\">\n<p class=\"\" data-start=\"1126\" data-end=\"1174\"><strong data-start=\"1126\" data-end=\"1139\">Stanje<\/strong>: OEM, potpuno funkcionalan i testiran<\/p>\n<\/li>\n<li class=\"\" data-start=\"1175\" data-end=\"1234\">\n<p class=\"\" data-start=\"1177\" data-end=\"1234\"><strong data-start=\"1177\" data-end=\"1189\">Uklju\u010deno<\/strong>: priklju\u010dna plo\u010da + kabel za jednostavnu instalaciju<\/p>\n<\/li>\n<li class=\"\" data-start=\"1235\" data-end=\"1309\">\n<p class=\"\" data-start=\"1237\" data-end=\"1309\"><strong data-start=\"1237\" data-end=\"1258\">Jamstvo kvalitete<\/strong>: Stvarne fotografije stvarnog proizvoda koji \u0107ete dobiti!<\/p>\n<\/li>\n<\/ul>\n<p class=\"\" data-start=\"1311\" data-end=\"1659\">Ova priklju\u010dna plo\u010da neophodna je za pobolj\u0161anje mogu\u0107nosti pristajanja va\u0161eg prijenosnog ra\u010dunala. Bez obzira koristite li ga za posao ili kod ku\u0107e, omogu\u0107uje u\u010dinkovito povezivanje s vanjskim monitorima, tipkovnicama i drugim ure\u0111ajima. Prilo\u017eeni kabel osigurava brzo i jednostavno povezivanje, \u010dine\u0107i ovaj dio savr\u0161enim rje\u0161enjem za potrebe popravka ili nadogradnje va\u0161eg prijenosnog ra\u010dunala.<\/p>\n<p class=\"\" data-start=\"1661\" data-end=\"1845\">Napominjemo da ne dajemo upute za instalaciju. Ako trebate pomo\u0107 pri instalaciji, slobodno nam se obratite. Na\u0161 tim rado \u0107e vam pomo\u0107i sa svim pitanjima koja imate.<\/p>\n","protected":false},"excerpt":{"rendered":"<p>Nadogradite ili zamijenite priklju\u010dnu plo\u010du u va\u0161em Dell Latitude 7202 ovim OEM dijelom. Ova priklju\u010dna plo\u010da 0800-0WC3E00 dolazi s potrebnim kabelom, \u010dime se osigurava kompatibilnost i pouzdan rad. Savr\u0161eno za osiguravanje glatkog povezivanja i pro\u0161irenje mogu\u0107nosti va\u0161eg prijenosnog ra\u010dunala. Uklju\u010dene prave fotografije proizvoda!<\/p>\n","protected":false},"featured_media":28220,"template":"","meta":[],"product_brand":[],"product_cat":[62],"product_tag":[],"class_list":{"0":"post-28155","1":"product","2":"type-product","3":"status-publish","4":"has-post-thumbnail","6":"product_cat-motherboards-board-parts","8":"first","9":"instock","10":"taxable","11":"shipping-taxable","12":"purchasable","13":"product-type-simple"},"_links":{"self":[{"href":"https:\/\/boreait.com\/hr\/wp-json\/wp\/v2\/product\/28155","targetHints":{"allow":["GET"]}}],"collection":[{"href":"https:\/\/boreait.com\/hr\/wp-json\/wp\/v2\/product"}],"about":[{"href":"https:\/\/boreait.com\/hr\/wp-json\/wp\/v2\/types\/product"}],"wp:featuredmedia":[{"embeddable":true,"href":"https:\/\/boreait.com\/hr\/wp-json\/wp\/v2\/media\/28220"}],"wp:attachment":[{"href":"https:\/\/boreait.com\/hr\/wp-json\/wp\/v2\/media?parent=28155"}],"wp:term":[{"taxonomy":"product_brand","embeddable":true,"href":"https:\/\/boreait.com\/hr\/wp-json\/wp\/v2\/product_brand?post=28155"},{"taxonomy":"product_cat","embeddable":true,"href":"https:\/\/boreait.com\/hr\/wp-json\/wp\/v2\/product_cat?post=28155"},{"taxonomy":"product_tag","embeddable":true,"href":"https:\/\/boreait.com\/hr\/wp-json\/wp\/v2\/product_tag?post=28155"}],"curies":[{"name":"wp","href":"https:\/\/api.w.org\/{rel}","templated":true}]}}